{"id":8494,"date":"2022-05-12T21:47:22","date_gmt":"2022-05-12T21:47:22","guid":{"rendered":"https:\/\/www.bazarmerlin.com\/inicio\/?post_type=product&#038;p=8494"},"modified":"2022-06-08T23:42:31","modified_gmt":"2022-06-08T23:42:31","slug":"talisman-de-venus-atrae-el-amor-y-aumenta-la-atraccion","status":"publish","type":"product","link":"https:\/\/www.bazarmerlin.com\/inicio\/producto\/talisman-de-venus-atrae-el-amor-y-aumenta-la-atraccion\/","title":{"rendered":"Talism\u00e1n De Venus &#8211; Atrae El Amor Y Aumenta La Atracci\u00f3n"},"content":{"rendered":"<div class=\"ui-pdp-container__row ui-pdp-container__row--description\">\n<div class=\"ui-pdp-description\">\n<p class=\"ui-pdp-description__content\"><strong>TALISMAN DE VENUS EN 7 METALES<\/strong><br \/>\nAtrae El Amor Y Aumenta El Atractivo<\/p>\n<p>3.5 Cm. de Di\u00e1metro Aproximado.<br \/>\n*Tenemos varios colores: pregunta por existencias*<\/p>\n<p>*Atrae El Amor Y La Amistad Verdadera.<br \/>\n*Aumenta La Fuerza De Atracci\u00f3n Y El Atractivo A Su Portador.<br \/>\n*Poderoso Talism\u00e1n Para Encontrar Y Retener El Amor.<br \/>\n*Atrae El Verdadero Amor Y Ayuda A Promover La Armon\u00eda Con La Pareja.<\/p>\n<p>TALISMAN DE VENUS EN 7 METALES<\/p>\n<p>EL PODEROSO TALISM\u00c1N Adem\u00e1s, Protege Contra Trabajos, Enfermedades Y Da\u00f1os, Ya Que En La Parte Posterior cuenta con El PENTAGRAMA ESOTERICO<\/p>\n<p>Potenciado con el Tetragramat\u00f3n talism\u00e1n protector por excelencia, por proteger de trabajos de magia negra, hechizos, embrujos y rebotes de tipo m\u00edstico ser\u00e1s invencible.<\/p>\n<p>Adem\u00e1s, ATRAE F\u00c1CILMENTE EL AMOR, LA SIMPAT\u00cdA,<br \/>\nLA FELICIDAD EN EL HOGAR, LO PLACENTERO Y LA ARMON\u00cdA.<\/p>\n<p>Es Un S\u00edmbolo Secreto Asignado A Cada Persona Acuerdo Con Sus Vibraciones Karmicas, Y Esta Debidamente Ritualizado Para La Apersona Que Lo Portara Haci\u00e9ndolo Un Dije Y Talism\u00e1n \u00danico Y Muy Poderoso Para Su Portador.<\/p>\n<p>\u00bfPOR QUE ES TAN PODEROSO ESTE TALISM\u00c1N?<\/p>\n<p>Por La Simbolog\u00eda Que Encierra, Porque Se Prepara Y Ritualiza Con Decretos Y Rituales De Alta Magia Que Le Ayudan A Aumentar Su Poder De Atracci\u00f3n. Adem\u00e1s Esta Realizado En Aleaci\u00f3n De 7 Metales.<\/p>\n<p>*Tenemos varios colores: pregunta por existencias*<\/p>\n<\/div>\n<\/div>\n<p>&nbsp;<\/p>\n<p>&nbsp;<\/p>\n<div class=\"ui-pdp-container__row ui-pdp-container__row--description\">\n<div class=\"ui-pdp-description\">\n<p><strong>BAZAR MERLIN<\/strong><br \/>\n<strong>El Lugar M\u00e1s M\u00edstico de Guadalajara<\/strong><br \/>\n<strong>ENVIAMOS A TODO M\u00c9XICO\u2026<\/strong><\/p>\n<\/div>\n<\/div>\n<!-- AddThis Advanced Settings generic via filter on the_content --><!-- AddThis Share Buttons generic via filter on the_content -->","protected":false},"excerpt":{"rendered":"<p>TALISMAN DE VENUS EN 7 METALES Atrae El Amor Y Aumenta El Atractivo 3.5 Cm. de Di\u00e1metro Aproximado. *Tenemos varios colores: pregunta por existencias* *Atrae El Amor Y La Amistad Verdadera. *Aumenta La Fuerza De Atracci\u00f3n Y El Atractivo A Su Portador. *Poderoso Talism\u00e1n Para Encontrar Y Retener El Amor. *Atrae El Verdadero Amor Y&hellip;<!-- AddThis Advanced Settings generic via filter on get_the_excerpt --><!-- AddThis Share Buttons generic via filter on get_the_excerpt --><\/p>\n","protected":false},"featured_media":8498,"template":"","meta":[],"product_cat":[12],"product_tag":[714,713],"_links":{"self":[{"href":"https:\/\/www.bazarmerlin.com\/inicio\/wp-json\/wp\/v2\/product\/8494"}],"collection":[{"href":"https:\/\/www.bazarmerlin.com\/inicio\/wp-json\/wp\/v2\/product"}],"about":[{"href":"https:\/\/www.bazarmerlin.com\/inicio\/wp-json\/wp\/v2\/types\/product"}],"wp:featuredmedia":[{"embeddable":true,"href":"https:\/\/www.bazarmerlin.com\/inicio\/wp-json\/wp\/v2\/media\/8498"}],"wp:attachment":[{"href":"https:\/\/www.bazarmerlin.com\/inicio\/wp-json\/wp\/v2\/media?parent=8494"}],"wp:term":[{"taxonomy":"product_cat","embeddable":true,"href":"https:\/\/www.bazarmerlin.com\/inicio\/wp-json\/wp\/v2\/product_cat?post=8494"},{"taxonomy":"product_tag","embeddable":true,"href":"https:\/\/www.bazarmerlin.com\/inicio\/wp-json\/wp\/v2\/product_tag?post=8494"}],"curies":[{"name":"wp","href":"https:\/\/api.w.org\/{rel}","templated":true}]}}