{"id":85,"date":"2015-06-16T21:11:57","date_gmt":"2015-06-16T21:11:57","guid":{"rendered":"https:\/\/www.bazarmerlin.com\/inicio\/?post_type=product&#038;p=85"},"modified":"2024-07-02T23:24:25","modified_gmt":"2024-07-02T23:24:25","slug":"amarre-y-hechizos-de-amor-magia-negra-vudu-y-alta-magia","status":"publish","type":"product","link":"https:\/\/www.bazarmerlin.com\/inicio\/producto\/amarre-y-hechizos-de-amor-magia-negra-vudu-y-alta-magia\/","title":{"rendered":"Lecturas de Tarot Endulzamientos y Trabajos de ALTA MAGIA &#8211; GARANTIZADOS."},"content":{"rendered":"<h4>Lecturas de Tarot Endulzamientos y<\/h4>\n<h4>Trabajos de ALTA MAGIA GARANTIZADOS.<\/h4>\n<p>&nbsp;<\/p>\n<h5><strong>Con la Gran Ps\u00edquica ESMERALDA\u00a0<\/strong><br \/>\nAtr\u00e9vete a ser feliz con los mejores y mas efectivos Amarres<\/h5>\n<p>&nbsp;<\/p>\n<p>\u00a1\u00a1 BASTA DE SUFRIR !!<br \/>\nEspecialista en TRABAJOS DE MAGIA, ENDULZAMIENTOS Y AMARRES DE AMOR.<\/p>\n<p>&nbsp;<\/p>\n<p>NO MAS CONFLICTOS, NO MAS PELEAS.<br \/>\n\u00bfexisten las malas influencias, amigos o familiares?<br \/>\n\u00bfinterfieren tu relacion con chismes, intrigas y falsos comentarios?<br \/>\nAMARRO ETERNO en pocos dias, hago regresar a tu ser amado, acorta y larga distancia. Te garantizo mi trabajo, con resultados no te doy falsas esperanzas, regresa a tus pies con deseo de amarte, implor\u00e1ndote perd\u00f3n por haberte abandonado. \u00bfel o ella se fue enojado de tu vida, pediste perd\u00f3n y te rechazo? no llores ni sufras yo con el don que tengo y los conocimientos que e adquirido, pongo de regreso a tu pareja en poco tiempo.<\/p>\n<p>&nbsp;<\/p>\n<h3><strong>\u00a1\u00a1Dec\u00eddete!!<\/strong><\/h3>\n<p>&nbsp;<\/p>\n<p>AUNQUE DIGA QUE YA NO TE QUIERE, AUNQUE TE DESPRECIE, AUNQUE TE IGNORE Y<br \/>\nSE DEJE INFLUENCIAR POR OTRAS PERSONAS.<br \/>\nEl o Ella volver\u00e1, con MUCHO AMOR Y PASI\u00d3N, tengo la formula y la t\u00e9cnica mas poderosa para el dominio total del ser amado y dominarlo en CUERPO, MENTE Y ESP\u00cdRITU. Experta en Alta Magia, Atrae y conquista al ser amado,<br \/>\nAMARRES, ENDULZAMIENTOS, QUITO SALACIONES, Corto Mal de Ojo, Abro caminos a la Suerte y a la Prosperidad, etc..<br \/>\nTRABAJO LOS 365 D\u00cdAS DEL A\u00d1O<\/p>\n<p>&nbsp;<\/p>\n<h4><strong>\u00a1Som\u00e9tela a tu voluntad! volver\u00e1 humillada (o) y rendida(o) a tus pies<\/strong><\/h4>\n<h4><strong>CON EL \u00daNICO Y PODEROSO AMARRE SEXUAL ETERNO<\/strong><\/h4>\n<p>&nbsp;<\/p>\n<p>En M\u00e9xico como en todo Am\u00e9rica Latina ofrecen cientos de Amarres diferentes por gente Fraudulenta,<\/p>\n<p>sin conocimiento de lo que es la verdadera Magia, gente que juega con el dolor ajeno&#8230;.<br \/>\nCon NOSOTROS encuentras un AMIGO que escuchara y te dira sinceramente que tipo de Amarre necesitas para que<br \/>\nel Resultado Sea Real. NO IMPORTA SEXO, EDAD, NI TIEMPO DE SEPARACI\u00d3N \u00f3 que tan lastimada quedo t\u00fa relaci\u00f3n.<\/p>\n<p>&nbsp;<\/p>\n<p>TE UNO FUERTE a tu SER AMADO con el PODEROSO AMARRE SEXUAL ETERNO Con Mis metodos secretos de las ciencias ocultas comenzaras a ver resultados en pocos dias Destruimos todo signo de BRUJER\u00cdA, SANTERIA, POBREZA, MALOS VECINOS, MALAS VIBRAS, MAL DE OJO.<\/p>\n<p>&nbsp;<\/p>\n<h3>Esmeralda<\/h3>\n<p>participo en programas La Parapsicolog\u00eda que de RADIO FANTASMAS, MANO PELUDA Y<\/p>\n<p>EXTRA NORMAL TELEVISI\u00d3N, EN GUADALAJARA.<\/p>\n<p>&nbsp;<\/p>\n<p>&nbsp;<\/p>\n<p>&nbsp;<\/p>\n<p><strong>BAZAR\u00a0<\/strong><b>MERL\u00cdN<\/b><br \/>\n<strong>El Lugar M\u00e1s M\u00edstico de Guadalajara<\/strong><br \/>\n<strong>ENVIAMOS A TODO M\u00c9XICO&#8230;<\/strong><\/p>\n<!-- AddThis Advanced Settings generic via filter on the_content --><!-- AddThis Share Buttons generic via filter on the_content -->","protected":false},"excerpt":{"rendered":"<p>Lecturas de Tarot Endulzamientos y Trabajos de ALTA MAGIA GARANTIZADOS. &nbsp; Con la Gran Ps\u00edquica ESMERALDA\u00a0 Atr\u00e9vete a ser feliz con los mejores y mas efectivos Amarres &nbsp; \u00a1\u00a1 BASTA DE SUFRIR !! Especialista en TRABAJOS DE MAGIA, ENDULZAMIENTOS Y AMARRES DE AMOR. &nbsp; NO MAS CONFLICTOS, NO MAS PELEAS. \u00bfexisten las malas influencias, amigos&hellip;<!-- AddThis Advanced Settings generic via filter on get_the_excerpt --><!-- AddThis Share Buttons generic via filter on get_the_excerpt --><\/p>\n","protected":false},"featured_media":11064,"template":"","meta":[],"product_cat":[9],"product_tag":[419,420,421],"_links":{"self":[{"href":"https:\/\/www.bazarmerlin.com\/inicio\/wp-json\/wp\/v2\/product\/85"}],"collection":[{"href":"https:\/\/www.bazarmerlin.com\/inicio\/wp-json\/wp\/v2\/product"}],"about":[{"href":"https:\/\/www.bazarmerlin.com\/inicio\/wp-json\/wp\/v2\/types\/product"}],"wp:featuredmedia":[{"embeddable":true,"href":"https:\/\/www.bazarmerlin.com\/inicio\/wp-json\/wp\/v2\/media\/11064"}],"wp:attachment":[{"href":"https:\/\/www.bazarmerlin.com\/inicio\/wp-json\/wp\/v2\/media?parent=85"}],"wp:term":[{"taxonomy":"product_cat","embeddable":true,"href":"https:\/\/www.bazarmerlin.com\/inicio\/wp-json\/wp\/v2\/product_cat?post=85"},{"taxonomy":"product_tag","embeddable":true,"href":"https:\/\/www.bazarmerlin.com\/inicio\/wp-json\/wp\/v2\/product_tag?post=85"}],"curies":[{"name":"wp","href":"https:\/\/api.w.org\/{rel}","templated":true}]}}