{"id":8500,"date":"2022-05-12T21:57:33","date_gmt":"2022-05-12T21:57:33","guid":{"rendered":"https:\/\/www.bazarmerlin.com\/inicio\/?post_type=product&#038;p=8500"},"modified":"2022-11-16T00:45:32","modified_gmt":"2022-11-16T00:45:32","slug":"talisman-ojo-de-horus-incrementa-habilidades-psiquicas-2","status":"publish","type":"product","link":"https:\/\/www.bazarmerlin.com\/inicio\/producto\/talisman-ojo-de-horus-incrementa-habilidades-psiquicas-2\/","title":{"rendered":"Talisman Ojo De Horus &#8211; Incrementa Habilidades Ps\u00edquicas"},"content":{"rendered":"<p><strong>Talism\u00e1n El Ojo Vitrol O Horus.<\/strong><br \/>\n<strong>TERMINADO EN FINO BA\u00d1O CHAPA DE ORO<\/strong><\/p>\n<p>&nbsp;<\/p>\n<p><em>2.8 CMS DE DI\u00c1METRO APROXIMADO<\/em><\/p>\n<p>Preserva la salud, prot\u00e9gete contra el mal de ojo, da\u00f1os y brujer\u00edas. El \u00fanico hecho en aleaci\u00f3n de 7 metales con fino recubrimiento de resina terminado totalmente artesanal por verdaderos ps\u00edquicos de alto poder. Estrella infinita este acr\u00f3stico es conocido como El v\u00edtor el interior de tu ser rectificando encontrar\u00e1s el don oculto y la verdadera medicina toda gran obra est\u00e1 contenida en los actos Ese es el secreto guardado por los grandes almas.<\/p>\n<p>El ojo VITROL como mejor se le conoce, es un s\u00edmbolo que ocupa Los masones en representaci\u00f3n de su Dios el arquitecto, es una representaci\u00f3n del antiguo Dios RA el ojo de horus. Su poderosa simbolog\u00eda representa caracter\u00edsticas m\u00e1gicas, protectoras, purificadoras y sanadoras.<\/p>\n<p>Los egipcios construyeron pir\u00e1mides para concentrar tu energ\u00eda en c\u00e1maras focalizadoras que elevaban frecuencia vibratoria de los disc\u00edpulos m\u00e1s avanzados de la escuela de misterios en aquel entonces, esto aplicaba el rango de percepci\u00f3n de sus sentidos y les permit\u00eda adquirir un nuevo punto de informaci\u00f3n sobre otras dimensiones en esta realidad, por esta raz\u00f3n si portas este poderoso talism\u00e1n desarrollar\u00e1s un poder extrasensorial para ver las cosas desde una perspectiva m\u00e1s elevada tener control total de tu vida obteniendo todo lo que siempre quisiste de una forma mucho m\u00e1s f\u00e1cil y combatir da\u00f1os como envidias en tu vida diaria.<\/p>\n<p>TALISM\u00c1N IMPORTADO.<\/p>\n<p>&nbsp;<\/p>\n<p>&nbsp;<\/p>\n<p><strong>BAZAR MERLIN<\/strong><br \/>\n<strong>El Lugar M\u00e1s M\u00edstico de Guadalajara<\/strong><br \/>\n<strong>ENVIAMOS A TODO M\u00c9XICO&#8230;<\/strong><\/p>\n<!-- AddThis Advanced Settings generic via filter on the_content --><!-- AddThis Share Buttons generic via filter on the_content -->","protected":false},"excerpt":{"rendered":"<p>Talism\u00e1n El Ojo Vitrol O Horus. TERMINADO EN FINO BA\u00d1O CHAPA DE ORO &nbsp; 2.8 CMS DE DI\u00c1METRO APROXIMADO Preserva la salud, prot\u00e9gete contra el mal de ojo, da\u00f1os y brujer\u00edas. El \u00fanico hecho en aleaci\u00f3n de 7 metales con fino recubrimiento de resina terminado totalmente artesanal por verdaderos ps\u00edquicos de alto poder. Estrella infinita&hellip;<!-- AddThis Advanced Settings generic via filter on get_the_excerpt --><!-- AddThis Share Buttons generic via filter on get_the_excerpt --><\/p>\n","protected":false},"featured_media":10762,"template":"","meta":[],"product_cat":[12],"product_tag":[1795,1794],"_links":{"self":[{"href":"https:\/\/www.bazarmerlin.com\/inicio\/wp-json\/wp\/v2\/product\/8500"}],"collection":[{"href":"https:\/\/www.bazarmerlin.com\/inicio\/wp-json\/wp\/v2\/product"}],"about":[{"href":"https:\/\/www.bazarmerlin.com\/inicio\/wp-json\/wp\/v2\/types\/product"}],"wp:featuredmedia":[{"embeddable":true,"href":"https:\/\/www.bazarmerlin.com\/inicio\/wp-json\/wp\/v2\/media\/10762"}],"wp:attachment":[{"href":"https:\/\/www.bazarmerlin.com\/inicio\/wp-json\/wp\/v2\/media?parent=8500"}],"wp:term":[{"taxonomy":"product_cat","embeddable":true,"href":"https:\/\/www.bazarmerlin.com\/inicio\/wp-json\/wp\/v2\/product_cat?post=8500"},{"taxonomy":"product_tag","embeddable":true,"href":"https:\/\/www.bazarmerlin.com\/inicio\/wp-json\/wp\/v2\/product_tag?post=8500"}],"curies":[{"name":"wp","href":"https:\/\/api.w.org\/{rel}","templated":true}]}}