{"id":8513,"date":"2022-05-12T22:49:49","date_gmt":"2022-05-12T22:49:49","guid":{"rendered":"https:\/\/www.bazarmerlin.com\/inicio\/?post_type=product&#038;p=8513"},"modified":"2024-09-30T16:29:17","modified_gmt":"2024-09-30T16:29:17","slug":"medalla-talisman-jesus-malverde-fina-chapa-de-oro-18-k","status":"publish","type":"product","link":"https:\/\/www.bazarmerlin.com\/inicio\/producto\/medalla-talisman-jesus-malverde-fina-chapa-de-oro-18-k\/","title":{"rendered":"Medalla Talisman Jes\u00fas Malverde &#8211; Fina Chapa De Oro 18 K"},"content":{"rendered":"<p><strong>MEDALLA DE JES\u00daS MALVERDE<\/strong><br \/>\n<strong>REFORZADA CON PENTAGRAMA TETRAGRAMATON<\/strong><br \/>\n<strong>EN CHAPA DE ORO 18 KILATES<\/strong><\/p>\n<p>LA MEJOR PROTECCI\u00d3N para quien tenga muchos PROBLEMAS, ENEMIGOS Y ENVIDIAS que no te dejan avanzar.<\/p>\n<p>Adquiere la mejor protecci\u00f3n de todo mercado libre, este PODEROSA MEDALLA ELABORADA A MANO ARTESANALMENTE. Te garantiza protecci\u00f3n en general adem\u00e1s de ayudarte a abrir todos los caminos como en AMOR, DINERO, SALUD y sobre todo, MUCHA PROTECCI\u00d3N contra accidentes y problemas legales de cualquier tipo.<\/p>\n<p>Desde hace a\u00f1os se conoce a jes\u00fas malverde como protector de todo persona que le pida ayuda y protecci\u00f3n en cualquier negocio, en cuestiones sentimentales y hasta problemas legales ayud\u00e1ndoles en todo lo que pidas.<\/p>\n<p>Atrae a tu vida la protecci\u00f3n de este poderoso santo.<\/p>\n<p>&nbsp;<\/p>\n<p>&nbsp;<\/p>\n<p><strong>BAZAR MERLIN<\/strong><br \/>\n<strong>El Lugar M\u00e1s M\u00edstico de Guadalajara<\/strong><br \/>\n<strong>ENVIAMOS A TODO M\u00c9XICO&#8230;<\/strong><\/p>\n<!-- AddThis Advanced Settings generic via filter on the_content --><!-- AddThis Share Buttons generic via filter on the_content -->","protected":false},"excerpt":{"rendered":"<p>MEDALLA DE JES\u00daS MALVERDE REFORZADA CON PENTAGRAMA TETRAGRAMATON EN CHAPA DE ORO 18 KILATES LA MEJOR PROTECCI\u00d3N para quien tenga muchos PROBLEMAS, ENEMIGOS Y ENVIDIAS que no te dejan avanzar. Adquiere la mejor protecci\u00f3n de todo mercado libre, este PODEROSA MEDALLA ELABORADA A MANO ARTESANALMENTE. Te garantiza protecci\u00f3n en general adem\u00e1s de ayudarte a abrir&hellip;<!-- AddThis Advanced Settings generic via filter on get_the_excerpt --><!-- AddThis Share Buttons generic via filter on get_the_excerpt --><\/p>\n","protected":false},"featured_media":8514,"template":"","meta":[],"product_cat":[12],"product_tag":[1799,1798],"_links":{"self":[{"href":"https:\/\/www.bazarmerlin.com\/inicio\/wp-json\/wp\/v2\/product\/8513"}],"collection":[{"href":"https:\/\/www.bazarmerlin.com\/inicio\/wp-json\/wp\/v2\/product"}],"about":[{"href":"https:\/\/www.bazarmerlin.com\/inicio\/wp-json\/wp\/v2\/types\/product"}],"wp:featuredmedia":[{"embeddable":true,"href":"https:\/\/www.bazarmerlin.com\/inicio\/wp-json\/wp\/v2\/media\/8514"}],"wp:attachment":[{"href":"https:\/\/www.bazarmerlin.com\/inicio\/wp-json\/wp\/v2\/media?parent=8513"}],"wp:term":[{"taxonomy":"product_cat","embeddable":true,"href":"https:\/\/www.bazarmerlin.com\/inicio\/wp-json\/wp\/v2\/product_cat?post=8513"},{"taxonomy":"product_tag","embeddable":true,"href":"https:\/\/www.bazarmerlin.com\/inicio\/wp-json\/wp\/v2\/product_tag?post=8513"}],"curies":[{"name":"wp","href":"https:\/\/api.w.org\/{rel}","templated":true}]}}