{"id":8519,"date":"2022-05-12T23:07:20","date_gmt":"2022-05-12T23:07:20","guid":{"rendered":"https:\/\/www.bazarmerlin.com\/inicio\/?post_type=product&#038;p=8519"},"modified":"2022-11-16T01:02:05","modified_gmt":"2022-11-16T01:02:05","slug":"talisman-pentagrama-de-triple-proteccion-en-bano-de-oro","status":"publish","type":"product","link":"https:\/\/www.bazarmerlin.com\/inicio\/producto\/talisman-pentagrama-de-triple-proteccion-en-bano-de-oro\/","title":{"rendered":"Talisman Pentagrama De Triple Protecci\u00f3n En Ba\u00f1o De Oro"},"content":{"rendered":"<p><strong>PODEROSO PENTAGRAMA DE TRIPLE PROTECCI\u00d3N.<\/strong><br \/>\n<strong>TERMINADO EN FINO BA\u00d1O DE PLATA BRILLOSA.<\/strong><\/p>\n<p>El pentagrama expresa la dominaci\u00f3n del esp\u00edritu sobre los elementos de la Naturaleza. Con este signo m\u00e1gico podemos mandar a las criaturas elementales que pueblan las regiones del fuego, aire, agua y tierra. Atrae a tu vida el Amor que siempre so\u00f1aste, Salud Para Ti Y Tus Seres Queridos, Protecci\u00f3n Contra Accidentes y Brujer\u00edas, Abrirse Caminos En Todo Lo Que Emprendas Como La Riqueza Que Nunca Imaginaste.<\/p>\n<p>El Pentagrama Esot\u00e9rico con la punta superior hacia arriba sirve para hacer huir a los tenebrosos. Puesto en el umbral de la puerta con la punta superior hacia dentro y los dos \u00e1ngulos inferiores hacia fuera no permiten el paso a los magos negros. El Pentagrama es la Estrella Flam\u00edgera. El Pentagrama es el signo del VERBO HECHO CARNE.<\/p>\n<p>Este poderoso pentagrama o tetragramaton est\u00e1 fabricado en aleacion de 7 metales, que se le conocen como metales alqu\u00edmicos o esot\u00e9ricos como son: oro, plata, mercurio, cobre, plomo, hierro y esta\u00f1o. Esto hace que esta medalla dure mucho m\u00e1s que el oro o la plata ya que su fundici\u00f3n es esot\u00e9rica y hace que este tipo de aleaci\u00f3n dure toda la vida:<\/p>\n<p>Plata para la Luna<br \/>\nAzogue para el Mercurio<br \/>\nCobre para Venus<br \/>\nOro para el Sol<br \/>\nHierro para Marte<br \/>\nEsta\u00f1o para J\u00fapiter<br \/>\nPlomo para Saturno<\/p>\n<p>TOTALMENTE HECHO A MANO.<\/p>\n<p>&nbsp;<\/p>\n<p>&nbsp;<\/p>\n<p><strong>BAZAR MERLIN<\/strong><br \/>\n<strong>El Lugar M\u00e1s M\u00edstico de Guadalajara<\/strong><br \/>\n<strong>ENVIAMOS A TODO M\u00c9XICO&#8230;<\/strong><\/p>\n<!-- AddThis Advanced Settings generic via filter on the_content --><!-- AddThis Share Buttons generic via filter on the_content -->","protected":false},"excerpt":{"rendered":"<p>PODEROSO PENTAGRAMA DE TRIPLE PROTECCI\u00d3N. TERMINADO EN FINO BA\u00d1O DE PLATA BRILLOSA. El pentagrama expresa la dominaci\u00f3n del esp\u00edritu sobre los elementos de la Naturaleza. Con este signo m\u00e1gico podemos mandar a las criaturas elementales que pueblan las regiones del fuego, aire, agua y tierra. Atrae a tu vida el Amor que siempre so\u00f1aste, Salud&hellip;<!-- AddThis Advanced Settings generic via filter on get_the_excerpt --><!-- AddThis Share Buttons generic via filter on get_the_excerpt --><\/p>\n","protected":false},"featured_media":10764,"template":"","meta":[],"product_cat":[12],"product_tag":[1801],"_links":{"self":[{"href":"https:\/\/www.bazarmerlin.com\/inicio\/wp-json\/wp\/v2\/product\/8519"}],"collection":[{"href":"https:\/\/www.bazarmerlin.com\/inicio\/wp-json\/wp\/v2\/product"}],"about":[{"href":"https:\/\/www.bazarmerlin.com\/inicio\/wp-json\/wp\/v2\/types\/product"}],"wp:featuredmedia":[{"embeddable":true,"href":"https:\/\/www.bazarmerlin.com\/inicio\/wp-json\/wp\/v2\/media\/10764"}],"wp:attachment":[{"href":"https:\/\/www.bazarmerlin.com\/inicio\/wp-json\/wp\/v2\/media?parent=8519"}],"wp:term":[{"taxonomy":"product_cat","embeddable":true,"href":"https:\/\/www.bazarmerlin.com\/inicio\/wp-json\/wp\/v2\/product_cat?post=8519"},{"taxonomy":"product_tag","embeddable":true,"href":"https:\/\/www.bazarmerlin.com\/inicio\/wp-json\/wp\/v2\/product_tag?post=8519"}],"curies":[{"name":"wp","href":"https:\/\/api.w.org\/{rel}","templated":true}]}}