{"id":8524,"date":"2022-05-12T23:41:54","date_gmt":"2022-05-12T23:41:54","guid":{"rendered":"https:\/\/www.bazarmerlin.com\/inicio\/?post_type=product&#038;p=8524"},"modified":"2022-06-08T23:42:32","modified_gmt":"2022-06-08T23:42:32","slug":"perfume-cuarzo-azul-limpia-tu-aura-corta-todo-mal","status":"publish","type":"product","link":"https:\/\/www.bazarmerlin.com\/inicio\/producto\/perfume-cuarzo-azul-limpia-tu-aura-corta-todo-mal\/","title":{"rendered":"Perfume Cuarzo Azul &#8211; Limpia Tu Aura &#8211; Corta Todo Mal"},"content":{"rendered":"<p><strong>PERFUME CUARZO AZUL<\/strong><br \/>\n<strong>LIMPIA TU AURA &#8211; CORTA TODO MAL<\/strong><\/p>\n<p>Gracias a sus propiedades, el Perfume cuarzo azul es una de las m\u00e1s utilizadas, ya que esta simboliza la relajaci\u00f3n, la tranquilidad y la calma.<\/p>\n<p>Con esta Perfume puedes alcanzar la calma interior, alcanzar esa sensaci\u00f3n de armon\u00eda cuando miras al cielo o el mar, aporta equilibrio y paz.<\/p>\n<p>Es recomendada para sesiones de meditaci\u00f3n, sanaci\u00f3n Reiki y la salud.<\/p>\n<p>&nbsp;<\/p>\n<p>&nbsp;<\/p>\n<p><strong>BAZAR MERLIN<\/strong><br \/>\n<strong>El Lugar M\u00e1s M\u00edstico de Guadalajara<\/strong><br \/>\n<strong>ENVIAMOS A TODO M\u00c9XICO&#8230;<\/strong><\/p>\n<!-- AddThis Advanced Settings generic via filter on the_content --><!-- AddThis Share Buttons generic via filter on the_content -->","protected":false},"excerpt":{"rendered":"<p>PERFUME CUARZO AZUL LIMPIA TU AURA &#8211; CORTA TODO MAL Gracias a sus propiedades, el Perfume cuarzo azul es una de las m\u00e1s utilizadas, ya que esta simboliza la relajaci\u00f3n, la tranquilidad y la calma. Con esta Perfume puedes alcanzar la calma interior, alcanzar esa sensaci\u00f3n de armon\u00eda cuando miras al cielo o el mar,&hellip;<!-- AddThis Advanced Settings generic via filter on get_the_excerpt --><!-- AddThis Share Buttons generic via filter on get_the_excerpt --><\/p>\n","protected":false},"featured_media":8525,"template":"","meta":[],"product_cat":[20],"product_tag":[1806,1805,1804],"_links":{"self":[{"href":"https:\/\/www.bazarmerlin.com\/inicio\/wp-json\/wp\/v2\/product\/8524"}],"collection":[{"href":"https:\/\/www.bazarmerlin.com\/inicio\/wp-json\/wp\/v2\/product"}],"about":[{"href":"https:\/\/www.bazarmerlin.com\/inicio\/wp-json\/wp\/v2\/types\/product"}],"wp:featuredmedia":[{"embeddable":true,"href":"https:\/\/www.bazarmerlin.com\/inicio\/wp-json\/wp\/v2\/media\/8525"}],"wp:attachment":[{"href":"https:\/\/www.bazarmerlin.com\/inicio\/wp-json\/wp\/v2\/media?parent=8524"}],"wp:term":[{"taxonomy":"product_cat","embeddable":true,"href":"https:\/\/www.bazarmerlin.com\/inicio\/wp-json\/wp\/v2\/product_cat?post=8524"},{"taxonomy":"product_tag","embeddable":true,"href":"https:\/\/www.bazarmerlin.com\/inicio\/wp-json\/wp\/v2\/product_tag?post=8524"}],"curies":[{"name":"wp","href":"https:\/\/api.w.org\/{rel}","templated":true}]}}