{"id":8526,"date":"2022-05-12T23:48:35","date_gmt":"2022-05-12T23:48:35","guid":{"rendered":"https:\/\/www.bazarmerlin.com\/inicio\/?post_type=product&#038;p=8526"},"modified":"2022-12-06T22:10:37","modified_gmt":"2022-12-06T22:10:37","slug":"locion-de-cuarzo-blanco-quita-malas-vibras","status":"publish","type":"product","link":"https:\/\/www.bazarmerlin.com\/inicio\/producto\/locion-de-cuarzo-blanco-quita-malas-vibras\/","title":{"rendered":"Loci\u00f3n De Cuarzo Blanco &#8211; Quita Malas Vibras"},"content":{"rendered":"<p><strong>LOCION CUARZO BLANCO<\/strong><\/p>\n<p>para purificar tu persona y quitar malas vibras.<\/p>\n<p>esta especialmente indicado para proteger PROTEGERTE CONTRA:<br \/>\nMALAS VIBRAS, DA\u00d1OS Y MAS.<\/p>\n<p>Modo de uso:<\/p>\n<p>Para llenarte de energ\u00eda positiva y de un gran bienestar.<br \/>\nAplica la loci\u00f3n despu\u00e9s del ba\u00f1o o en el momento que tu prefieras, hazlo con mucha F\u00c9.<br \/>\nPuede usarse tambi\u00e9n en el negocio, en tu casa etc.<\/p>\n<p>&nbsp;<\/p>\n<p>&nbsp;<\/p>\n<p><strong>BAZAR MERLIN<\/strong><br \/>\n<strong>El Lugar M\u00e1s M\u00edstico de Guadalajara<\/strong><br \/>\n<strong>ENVIAMOS A TODO M\u00c9XICO&#8230;<\/strong><\/p>\n<!-- AddThis Advanced Settings generic via filter on the_content --><!-- AddThis Share Buttons generic via filter on the_content -->","protected":false},"excerpt":{"rendered":"<p>LOCION CUARZO BLANCO para purificar tu persona y quitar malas vibras. esta especialmente indicado para proteger PROTEGERTE CONTRA: MALAS VIBRAS, DA\u00d1OS Y MAS. Modo de uso: Para llenarte de energ\u00eda positiva y de un gran bienestar. Aplica la loci\u00f3n despu\u00e9s del ba\u00f1o o en el momento que tu prefieras, hazlo con mucha F\u00c9. Puede usarse&hellip;<!-- AddThis Advanced Settings generic via filter on get_the_excerpt --><!-- AddThis Share Buttons generic via filter on get_the_excerpt --><\/p>\n","protected":false},"featured_media":10973,"template":"","meta":[],"product_cat":[20],"product_tag":[1807,1808],"_links":{"self":[{"href":"https:\/\/www.bazarmerlin.com\/inicio\/wp-json\/wp\/v2\/product\/8526"}],"collection":[{"href":"https:\/\/www.bazarmerlin.com\/inicio\/wp-json\/wp\/v2\/product"}],"about":[{"href":"https:\/\/www.bazarmerlin.com\/inicio\/wp-json\/wp\/v2\/types\/product"}],"wp:featuredmedia":[{"embeddable":true,"href":"https:\/\/www.bazarmerlin.com\/inicio\/wp-json\/wp\/v2\/media\/10973"}],"wp:attachment":[{"href":"https:\/\/www.bazarmerlin.com\/inicio\/wp-json\/wp\/v2\/media?parent=8526"}],"wp:term":[{"taxonomy":"product_cat","embeddable":true,"href":"https:\/\/www.bazarmerlin.com\/inicio\/wp-json\/wp\/v2\/product_cat?post=8526"},{"taxonomy":"product_tag","embeddable":true,"href":"https:\/\/www.bazarmerlin.com\/inicio\/wp-json\/wp\/v2\/product_tag?post=8526"}],"curies":[{"name":"wp","href":"https:\/\/api.w.org\/{rel}","templated":true}]}}