{"id":8531,"date":"2022-05-13T19:06:14","date_gmt":"2022-05-13T19:06:14","guid":{"rendered":"https:\/\/www.bazarmerlin.com\/inicio\/?post_type=product&#038;p=8531"},"modified":"2022-12-12T22:13:28","modified_gmt":"2022-12-12T22:13:28","slug":"perfume-sandalo-perfume-concentrado-35-m-l","status":"publish","type":"product","link":"https:\/\/www.bazarmerlin.com\/inicio\/producto\/perfume-sandalo-perfume-concentrado-35-m-l\/","title":{"rendered":"Perfume S\u00e1ndalo Perfume Concentrado 35 M.l"},"content":{"rendered":"<h3><strong>PERFUME S\u00c1NDALO EXTRACTO<\/strong><\/h3>\n<p>Presentacion: 35 ml<\/p>\n<p>PERFUME S\u00c1NDALO A BASE DE EXTRACTO NATURAL<\/p>\n<p>El perfume sensual del s\u00e1ndalo ha tejido leyendas m\u00e1gicas por sus efectos relajantes que nos llevan a la meditaci\u00f3n y constituir un potente afrodis\u00edaco, aparte de las propiedades medicinales de su aceite esencial para el tratamiento de la depresi\u00f3n, insomnio y estados nerviosos alterados.<\/p>\n<p>&nbsp;<\/p>\n<p>&nbsp;<\/p>\n<p><strong>BAZAR MERLIN<\/strong><br \/>\n<strong>El Lugar M\u00e1s M\u00edstico de Guadalajara<\/strong><br \/>\n<strong>ENVIAMOS A TODO M\u00c9XICO&#8230;<\/strong><\/p>\n<!-- AddThis Advanced Settings generic via filter on the_content --><!-- AddThis Share Buttons generic via filter on the_content -->","protected":false},"excerpt":{"rendered":"<p>PERFUME S\u00c1NDALO EXTRACTO Presentacion: 35 ml PERFUME S\u00c1NDALO A BASE DE EXTRACTO NATURAL El perfume sensual del s\u00e1ndalo ha tejido leyendas m\u00e1gicas por sus efectos relajantes que nos llevan a la meditaci\u00f3n y constituir un potente afrodis\u00edaco, aparte de las propiedades medicinales de su aceite esencial para el tratamiento de la depresi\u00f3n, insomnio y estados&hellip;<!-- AddThis Advanced Settings generic via filter on get_the_excerpt --><!-- AddThis Share Buttons generic via filter on get_the_excerpt --><\/p>\n","protected":false},"featured_media":11052,"template":"","meta":[],"product_cat":[20],"product_tag":[1810],"_links":{"self":[{"href":"https:\/\/www.bazarmerlin.com\/inicio\/wp-json\/wp\/v2\/product\/8531"}],"collection":[{"href":"https:\/\/www.bazarmerlin.com\/inicio\/wp-json\/wp\/v2\/product"}],"about":[{"href":"https:\/\/www.bazarmerlin.com\/inicio\/wp-json\/wp\/v2\/types\/product"}],"wp:featuredmedia":[{"embeddable":true,"href":"https:\/\/www.bazarmerlin.com\/inicio\/wp-json\/wp\/v2\/media\/11052"}],"wp:attachment":[{"href":"https:\/\/www.bazarmerlin.com\/inicio\/wp-json\/wp\/v2\/media?parent=8531"}],"wp:term":[{"taxonomy":"product_cat","embeddable":true,"href":"https:\/\/www.bazarmerlin.com\/inicio\/wp-json\/wp\/v2\/product_cat?post=8531"},{"taxonomy":"product_tag","embeddable":true,"href":"https:\/\/www.bazarmerlin.com\/inicio\/wp-json\/wp\/v2\/product_tag?post=8531"}],"curies":[{"name":"wp","href":"https:\/\/api.w.org\/{rel}","templated":true}]}}