{"id":8533,"date":"2022-05-13T19:16:28","date_gmt":"2022-05-13T19:16:28","guid":{"rendered":"https:\/\/www.bazarmerlin.com\/inicio\/?post_type=product&#038;p=8533"},"modified":"2022-06-08T23:42:32","modified_gmt":"2022-06-08T23:42:32","slug":"perfume-rey-de-oros-atrayente-de-oportunidades","status":"publish","type":"product","link":"https:\/\/www.bazarmerlin.com\/inicio\/producto\/perfume-rey-de-oros-atrayente-de-oportunidades\/","title":{"rendered":"Perfume Rey De Oros &#8211; Atrayente De Oportunidades"},"content":{"rendered":"<p><strong>PERFUME REY DE OROS<\/strong><br \/>\n<em><strong>ATRAE AMOR, FORTUNA Y PROSPERIDAD<\/strong><\/em><\/p>\n<p>&nbsp;<\/p>\n<p>Aplica este perfume diariamente para que sus poderosas esencias hagan sus efectos inmediatamente, y ver\u00e1s como las Oportunidades en los Negocios, Trabajos Bien Remunerados, Ganancias en Juegos de Azar empiezan a llegar R\u00e1pidamente.<\/p>\n<p>Es muy eficaz para que la energ\u00eda vibre positivamente, quitando bloqueos y cortando toda negatividad.<\/p>\n<p>Haciendo que todo fluya positivamente para usted, lo cual es lo que lleva al \u00e9xito, mejorando su calidad de vida y hasta su salud, al sentirse liberado de Malas Vibras.<\/p>\n<p>&nbsp;<\/p>\n<p>&nbsp;<\/p>\n<p><strong>BAZAR MERL\u00cdN<\/strong><br \/>\n<strong>El Lugar M\u00e1s M\u00edstico de Guadalajara<\/strong><br \/>\n<strong>ENVIAMOS A TODO M\u00c9XICO<\/strong>&#8230;<\/p>\n<!-- AddThis Advanced Settings generic via filter on the_content --><!-- AddThis Share Buttons generic via filter on the_content -->","protected":false},"excerpt":{"rendered":"<p>PERFUME REY DE OROS ATRAE AMOR, FORTUNA Y PROSPERIDAD &nbsp; Aplica este perfume diariamente para que sus poderosas esencias hagan sus efectos inmediatamente, y ver\u00e1s como las Oportunidades en los Negocios, Trabajos Bien Remunerados, Ganancias en Juegos de Azar empiezan a llegar R\u00e1pidamente. Es muy eficaz para que la energ\u00eda vibre positivamente, quitando bloqueos y&hellip;<!-- AddThis Advanced Settings generic via filter on get_the_excerpt --><!-- AddThis Share Buttons generic via filter on get_the_excerpt --><\/p>\n","protected":false},"featured_media":8534,"template":"","meta":[],"product_cat":[20],"product_tag":[1812,1811],"_links":{"self":[{"href":"https:\/\/www.bazarmerlin.com\/inicio\/wp-json\/wp\/v2\/product\/8533"}],"collection":[{"href":"https:\/\/www.bazarmerlin.com\/inicio\/wp-json\/wp\/v2\/product"}],"about":[{"href":"https:\/\/www.bazarmerlin.com\/inicio\/wp-json\/wp\/v2\/types\/product"}],"wp:featuredmedia":[{"embeddable":true,"href":"https:\/\/www.bazarmerlin.com\/inicio\/wp-json\/wp\/v2\/media\/8534"}],"wp:attachment":[{"href":"https:\/\/www.bazarmerlin.com\/inicio\/wp-json\/wp\/v2\/media?parent=8533"}],"wp:term":[{"taxonomy":"product_cat","embeddable":true,"href":"https:\/\/www.bazarmerlin.com\/inicio\/wp-json\/wp\/v2\/product_cat?post=8533"},{"taxonomy":"product_tag","embeddable":true,"href":"https:\/\/www.bazarmerlin.com\/inicio\/wp-json\/wp\/v2\/product_tag?post=8533"}],"curies":[{"name":"wp","href":"https:\/\/api.w.org\/{rel}","templated":true}]}}