{"id":8537,"date":"2022-05-13T19:34:59","date_gmt":"2022-05-13T19:34:59","guid":{"rendered":"https:\/\/www.bazarmerlin.com\/inicio\/?post_type=product&#038;p=8537"},"modified":"2022-12-07T23:46:03","modified_gmt":"2022-12-07T23:46:03","slug":"perfume-coctel-33-armonia-salud-y-riqueza","status":"publish","type":"product","link":"https:\/\/www.bazarmerlin.com\/inicio\/producto\/perfume-coctel-33-armonia-salud-y-riqueza\/","title":{"rendered":"Perfume Coctel 33 &#8211; Armonia, Salud Y Riqueza"},"content":{"rendered":"<p><strong>PERFUME ORIGINAL &#8211; COCTEL 33<\/strong><br \/>\n<strong>ABRE CAMINOS EN TODO&#8230;<\/strong><\/p>\n<p>&nbsp;<\/p>\n<p>Para abrir los caminos a la buena suerte, te ayuda a quitar todo obst\u00e1culo y bloqueos que tengas, ya sea en tu vida personal o<br \/>\nlaboral y atrae todo lo bueno a tu vida&#8230;<\/p>\n<p>Te limpia energ\u00e9ticamente para quitarte todo lo malo que pueda estar interfiriendo y as\u00ed abrirte a la prosperidad y<br \/>\nabundancia asi como tambien para que atraigas el amor a tu vida&#8230;<\/p>\n<p>-F\u00f3rmula para atraer \u00c9xito en el AMOR, DINERO Y PROTECCI\u00d3N.-<\/p>\n<p>-Retira Bloqueos y atrae toda la Buena Suerte en un Agradable Aroma.-<\/p>\n<p>Perfume elaborado con una formula especial de finos aceites esenciales que te proteger\u00e1n, atraer\u00e1s la buena suerte, fortuna y amor hacia tu persona.<br \/>\n\u00dasalo en cualquier momento del d\u00eda, despu\u00e9s del ba\u00f1o aplicarlo en tu cuerpo y cabello tambi\u00e9n puedes aplicarlo en el hogar, objetos personales etc.<\/p>\n<p>\u00dasalo tambi\u00e9n en rituales de amor.<\/p>\n<p>&nbsp;<\/p>\n<p>&nbsp;<\/p>\n<p><strong>BAZAR MERLIN<\/strong><br \/>\n<strong>El Lugar M\u00e1s M\u00edstico de Guadalajara<\/strong><br \/>\n<strong>ENVIAMOS A TODO M\u00c9XICO&#8230;<\/strong><\/p>\n<!-- AddThis Advanced Settings generic via filter on the_content --><!-- AddThis Share Buttons generic via filter on the_content -->","protected":false},"excerpt":{"rendered":"<p>PERFUME ORIGINAL &#8211; COCTEL 33 ABRE CAMINOS EN TODO&#8230; &nbsp; Para abrir los caminos a la buena suerte, te ayuda a quitar todo obst\u00e1culo y bloqueos que tengas, ya sea en tu vida personal o laboral y atrae todo lo bueno a tu vida&#8230; Te limpia energ\u00e9ticamente para quitarte todo lo malo que pueda estar&hellip;<!-- AddThis Advanced Settings generic via filter on get_the_excerpt --><!-- AddThis Share Buttons generic via filter on get_the_excerpt --><\/p>\n","protected":false},"featured_media":11010,"template":"","meta":[],"product_cat":[20],"product_tag":[1816,1815,1817],"_links":{"self":[{"href":"https:\/\/www.bazarmerlin.com\/inicio\/wp-json\/wp\/v2\/product\/8537"}],"collection":[{"href":"https:\/\/www.bazarmerlin.com\/inicio\/wp-json\/wp\/v2\/product"}],"about":[{"href":"https:\/\/www.bazarmerlin.com\/inicio\/wp-json\/wp\/v2\/types\/product"}],"wp:featuredmedia":[{"embeddable":true,"href":"https:\/\/www.bazarmerlin.com\/inicio\/wp-json\/wp\/v2\/media\/11010"}],"wp:attachment":[{"href":"https:\/\/www.bazarmerlin.com\/inicio\/wp-json\/wp\/v2\/media?parent=8537"}],"wp:term":[{"taxonomy":"product_cat","embeddable":true,"href":"https:\/\/www.bazarmerlin.com\/inicio\/wp-json\/wp\/v2\/product_cat?post=8537"},{"taxonomy":"product_tag","embeddable":true,"href":"https:\/\/www.bazarmerlin.com\/inicio\/wp-json\/wp\/v2\/product_tag?post=8537"}],"curies":[{"name":"wp","href":"https:\/\/api.w.org\/{rel}","templated":true}]}}