{"id":8541,"date":"2022-05-13T21:32:18","date_gmt":"2022-05-13T21:32:18","guid":{"rendered":"https:\/\/www.bazarmerlin.com\/inicio\/?post_type=product&#038;p=8541"},"modified":"2025-11-16T05:13:21","modified_gmt":"2025-11-16T05:13:21","slug":"locion-7-hierbas-para-limpias-destruye-hechizos-y-brujeria","status":"publish","type":"product","link":"https:\/\/www.bazarmerlin.com\/inicio\/producto\/locion-7-hierbas-para-limpias-destruye-hechizos-y-brujeria\/","title":{"rendered":"Loci\u00f3n 7 Hierbas Para Limpias &#8211; Destruye Hechizos Y Brujer\u00eda"},"content":{"rendered":"<p><strong>LOCI\u00d3N 7 HIERBAS PARA LIMPIAS<\/strong><\/p>\n<p>&nbsp;<\/p>\n<p>Esta loci\u00f3n esta preparada con las hierbas que se utilizan en una limpia para destruir toda negatividad o brujer\u00eda. Ahora es posible limpiarte a ti mismo cada que lo necesites. Quitar\u00e1 toda salaci\u00f3n y abrir\u00e1 nuevamente tus caminos al \u00e9xito so\u00f1ado.<\/p>\n<p>Te ayudar\u00e1 a combatir el mal de ojo y pensamientos negativos que da\u00f1an nuestro campo energ\u00e9tico y provocando un relajaci\u00f3n duradera en casa y persona.<\/p>\n<p>&nbsp;<\/p>\n<p>&nbsp;<\/p>\n<p><strong>BAZAR MERL\u00cdN<\/strong><br \/>\n<strong>El Lugar M\u00e1s M\u00edstico de Guadalajara<\/strong><br \/>\n<strong>ENVIAMOS A TODO M\u00c9XICO<\/strong>\u2026<\/p>\n<!-- AddThis Advanced Settings generic via filter on the_content --><!-- AddThis Share Buttons generic via filter on the_content -->","protected":false},"excerpt":{"rendered":"<p>LOCI\u00d3N 7 HIERBAS PARA LIMPIAS &nbsp; Esta loci\u00f3n esta preparada con las hierbas que se utilizan en una limpia para destruir toda negatividad o brujer\u00eda. Ahora es posible limpiarte a ti mismo cada que lo necesites. Quitar\u00e1 toda salaci\u00f3n y abrir\u00e1 nuevamente tus caminos al \u00e9xito so\u00f1ado. Te ayudar\u00e1 a combatir el mal de ojo&hellip;<!-- AddThis Advanced Settings generic via filter on get_the_excerpt --><!-- AddThis Share Buttons generic via filter on get_the_excerpt --><\/p>\n","protected":false},"featured_media":8542,"template":"","meta":[],"product_cat":[20],"product_tag":[1821,1820],"_links":{"self":[{"href":"https:\/\/www.bazarmerlin.com\/inicio\/wp-json\/wp\/v2\/product\/8541"}],"collection":[{"href":"https:\/\/www.bazarmerlin.com\/inicio\/wp-json\/wp\/v2\/product"}],"about":[{"href":"https:\/\/www.bazarmerlin.com\/inicio\/wp-json\/wp\/v2\/types\/product"}],"wp:featuredmedia":[{"embeddable":true,"href":"https:\/\/www.bazarmerlin.com\/inicio\/wp-json\/wp\/v2\/media\/8542"}],"wp:attachment":[{"href":"https:\/\/www.bazarmerlin.com\/inicio\/wp-json\/wp\/v2\/media?parent=8541"}],"wp:term":[{"taxonomy":"product_cat","embeddable":true,"href":"https:\/\/www.bazarmerlin.com\/inicio\/wp-json\/wp\/v2\/product_cat?post=8541"},{"taxonomy":"product_tag","embeddable":true,"href":"https:\/\/www.bazarmerlin.com\/inicio\/wp-json\/wp\/v2\/product_tag?post=8541"}],"curies":[{"name":"wp","href":"https:\/\/api.w.org\/{rel}","templated":true}]}}