{"id":8543,"date":"2022-05-13T21:45:28","date_gmt":"2022-05-13T21:45:28","guid":{"rendered":"https:\/\/www.bazarmerlin.com\/inicio\/?post_type=product&#038;p=8543"},"modified":"2022-12-09T23:13:47","modified_gmt":"2022-12-09T23:13:47","slug":"perfume-raiz-de-ajedrea-para-los-negocios","status":"publish","type":"product","link":"https:\/\/www.bazarmerlin.com\/inicio\/producto\/perfume-raiz-de-ajedrea-para-los-negocios\/","title":{"rendered":"Perfume Ra\u00edz De Ajedrea Para Los Negocios"},"content":{"rendered":"<p><strong>PERFUME MISTICO DE RA\u00cdZ DE AJEDREA<\/strong><br \/>\n<strong>BUENA SUERTE EN LOS NEGOCIOS<\/strong><\/p>\n<p>&nbsp;<\/p>\n<p><em>PARA PROTECCI\u00d3N Y NEGOCIOS EXITOSOS<\/em><\/p>\n<p>Ideal para que aquella persona dedicada al comercio ya sea ambulante o establecido.<br \/>\nSi el comerciante es ambulante puede usarlo en su persona y si el comerciante es establecido apl\u00edcalo en la caja del dinero.<\/p>\n<p>Este perfume esta elaborado con extractos de hierbas y aceites esenciales consagrado y ritualizado por medio de la alta magia, para que te ayude: contra hechicer\u00edas, envidias, negatividades, m\u00e1xima protecci\u00f3n en todo as\u00ed como a que te rinda el dinero, suerte en juegos de azar, atrae los buenos y exitosos negocios.<\/p>\n<p>&nbsp;<\/p>\n<p>&nbsp;<\/p>\n<p><strong>BAZAR MERL\u00cdN<\/strong><br \/>\n<strong>El Lugar M\u00e1s M\u00edstico de Guadalajara<\/strong><br \/>\n<strong>ENVIAMOS A TODO M\u00c9XICO&#8230;<\/strong><\/p>\n<!-- AddThis Advanced Settings generic via filter on the_content --><!-- AddThis Share Buttons generic via filter on the_content -->","protected":false},"excerpt":{"rendered":"<p>PERFUME MISTICO DE RA\u00cdZ DE AJEDREA BUENA SUERTE EN LOS NEGOCIOS &nbsp; PARA PROTECCI\u00d3N Y NEGOCIOS EXITOSOS Ideal para que aquella persona dedicada al comercio ya sea ambulante o establecido. Si el comerciante es ambulante puede usarlo en su persona y si el comerciante es establecido apl\u00edcalo en la caja del dinero. Este perfume esta&hellip;<!-- AddThis Advanced Settings generic via filter on get_the_excerpt --><!-- AddThis Share Buttons generic via filter on get_the_excerpt --><\/p>\n","protected":false},"featured_media":11039,"template":"","meta":[],"product_cat":[20],"product_tag":[1822],"_links":{"self":[{"href":"https:\/\/www.bazarmerlin.com\/inicio\/wp-json\/wp\/v2\/product\/8543"}],"collection":[{"href":"https:\/\/www.bazarmerlin.com\/inicio\/wp-json\/wp\/v2\/product"}],"about":[{"href":"https:\/\/www.bazarmerlin.com\/inicio\/wp-json\/wp\/v2\/types\/product"}],"wp:featuredmedia":[{"embeddable":true,"href":"https:\/\/www.bazarmerlin.com\/inicio\/wp-json\/wp\/v2\/media\/11039"}],"wp:attachment":[{"href":"https:\/\/www.bazarmerlin.com\/inicio\/wp-json\/wp\/v2\/media?parent=8543"}],"wp:term":[{"taxonomy":"product_cat","embeddable":true,"href":"https:\/\/www.bazarmerlin.com\/inicio\/wp-json\/wp\/v2\/product_cat?post=8543"},{"taxonomy":"product_tag","embeddable":true,"href":"https:\/\/www.bazarmerlin.com\/inicio\/wp-json\/wp\/v2\/product_tag?post=8543"}],"curies":[{"name":"wp","href":"https:\/\/api.w.org\/{rel}","templated":true}]}}