{"id":8545,"date":"2022-05-13T21:57:57","date_gmt":"2022-05-13T21:57:57","guid":{"rendered":"https:\/\/www.bazarmerlin.com\/inicio\/?post_type=product&#038;p=8545"},"modified":"2022-10-14T22:56:46","modified_gmt":"2022-10-14T22:56:46","slug":"spray-original-llama-clientes","status":"publish","type":"product","link":"https:\/\/www.bazarmerlin.com\/inicio\/producto\/spray-original-llama-clientes\/","title":{"rendered":"Spray Original &#8211; Llama Clientes"},"content":{"rendered":"<p><strong>SPRAY ORIGINAL &#8211; LLAMA CLIENTES<\/strong><br \/>\n<strong>ATRAE UN FLUJO DE VENTAS SEGURAS,ESTABLES Y ABUNDANTES EN TU NEGOCIO.<\/strong><\/p>\n<p><strong>ATRAE CLIENTES, DINERO Y OPORTUNIDADES DE CRECIMIENTO DEL NEGOCIO.<\/strong><\/p>\n<p>&nbsp;<\/p>\n<p>Atraer clientes, suerte, prosperidad y \u00e9xito a tu negocio o empresa de una vez por todas, ya que el poder y preparaci\u00f3n de este extraordinario spray cambiar\u00e1 todo lo negativo en \u00e9xito y prosperidad.<\/p>\n<p>En nuestro vivir diario nos enfrentamos a diferentes tipos de situaciones que muchas veces sin nosotros percibirlo nos van acumulando energ\u00eda negativa, alterando sustancialmente nuestra vida en todos los planos: AMOR, DINERO y SALUD.<\/p>\n<p>Roc\u00eda este PODEROSO Spray en lugares como tu oficina comercio u hogar y retira toda clase de embrujos, hechicer\u00eda, envidias, males, maldiciones conjuros, brujer\u00edas y energ\u00edas negativas, mala suerte etc.<\/p>\n<p>Limpia tu campo \u00c1urico atrayendo Oportunidades, \u00c9xito y \u00c1brete Caminos.<\/p>\n<p>Modo de Uso:<\/p>\n<p>-Aplic\u00e1ndolo todos los d\u00edas en la entrada de tu negocio y en la caja del dinero, lograras que la abundancia y<br \/>\nlas oportunidades, lleguen mucho mas f\u00e1cil.<br \/>\n\u00daselo para dar Felicidad, Prosperidad y Nuevas Oportunidades en su Trabajo.<br \/>\nQuita Salaciones, Brujer\u00edas, Hechicer\u00edas y mal de ojo, que puedan afectar a nuestra buena racha, atrayendo el Dinero, protegiendo nuestra Econom\u00eda y adem\u00e1s ayuda a abrirnos caminos en todo sentido.<\/p>\n<p>Plegaria:<br \/>\n\u00a1Os ruego, oh esp\u00edritus celestes,<br \/>\npotencias y deidades c\u00f3smicas,<br \/>\nque favorezc\u00e1is con largueza<br \/>\na esta empresa, o negocio<br \/>\nTray\u00e9ndole suerte, clientes y<br \/>\nprosperidad.<br \/>\nRuego en especial a la diosa<br \/>\nabundancia;<br \/>\nMadre de las alegr\u00edas y de la opulencia<br \/>\nque ayude a la prosperidad de esta empresa<br \/>\no negocio como a sus empleados y<br \/>\npropietarios, para que alcancen la<br \/>\nsuerte y la fortuna en todos sus aspectos<br \/>\ny facetas, y que les traiga la retribuci\u00f3n que<br \/>\nesfuerzos y sacrificios merecen; y haga<br \/>\ndesparecer las adversidades que puedan<br \/>\nentristecer sus vidas, am\u00e9n.<\/p>\n<p>-De ser posible, es conveniente que esta plegaria sea dicha por todos los que laboren en el negocio o empresa.-<\/p>\n<p>&nbsp;<\/p>\n<p>&nbsp;<\/p>\n<p><strong>BAZAR MERLIN\u00ae<\/strong><br \/>\n<strong>El Lugar M\u00e1s M\u00edstico de Guadalajara<\/strong><br \/>\n<strong>ENVIAMOS A TODO M\u00c9XICO&#8230;<\/strong><\/p>\n<!-- AddThis Advanced Settings generic via filter on the_content --><!-- AddThis Share Buttons generic via filter on the_content -->","protected":false},"excerpt":{"rendered":"<p>SPRAY ORIGINAL &#8211; LLAMA CLIENTES ATRAE UN FLUJO DE VENTAS SEGURAS,ESTABLES Y ABUNDANTES EN TU NEGOCIO. ATRAE CLIENTES, DINERO Y OPORTUNIDADES DE CRECIMIENTO DEL NEGOCIO. &nbsp; Atraer clientes, suerte, prosperidad y \u00e9xito a tu negocio o empresa de una vez por todas, ya que el poder y preparaci\u00f3n de este extraordinario spray cambiar\u00e1 todo lo&hellip;<!-- AddThis Advanced Settings generic via filter on get_the_excerpt --><!-- AddThis Share Buttons generic via filter on get_the_excerpt --><\/p>\n","protected":false},"featured_media":10367,"template":"","meta":[],"product_cat":[14],"product_tag":[1824,1823],"_links":{"self":[{"href":"https:\/\/www.bazarmerlin.com\/inicio\/wp-json\/wp\/v2\/product\/8545"}],"collection":[{"href":"https:\/\/www.bazarmerlin.com\/inicio\/wp-json\/wp\/v2\/product"}],"about":[{"href":"https:\/\/www.bazarmerlin.com\/inicio\/wp-json\/wp\/v2\/types\/product"}],"wp:featuredmedia":[{"embeddable":true,"href":"https:\/\/www.bazarmerlin.com\/inicio\/wp-json\/wp\/v2\/media\/10367"}],"wp:attachment":[{"href":"https:\/\/www.bazarmerlin.com\/inicio\/wp-json\/wp\/v2\/media?parent=8545"}],"wp:term":[{"taxonomy":"product_cat","embeddable":true,"href":"https:\/\/www.bazarmerlin.com\/inicio\/wp-json\/wp\/v2\/product_cat?post=8545"},{"taxonomy":"product_tag","embeddable":true,"href":"https:\/\/www.bazarmerlin.com\/inicio\/wp-json\/wp\/v2\/product_tag?post=8545"}],"curies":[{"name":"wp","href":"https:\/\/api.w.org\/{rel}","templated":true}]}}