{"id":8549,"date":"2022-05-13T22:11:19","date_gmt":"2022-05-13T22:11:19","guid":{"rendered":"https:\/\/www.bazarmerlin.com\/inicio\/?post_type=product&#038;p=8549"},"modified":"2022-12-01T23:38:06","modified_gmt":"2022-12-01T23:38:06","slug":"esencia-mistica-pajaro-macua-suerte-y-proteccion-en-todo","status":"publish","type":"product","link":"https:\/\/www.bazarmerlin.com\/inicio\/producto\/esencia-mistica-pajaro-macua-suerte-y-proteccion-en-todo\/","title":{"rendered":"Esencia M\u00edstica P\u00e1jaro Macua &#8211; Suerte Y Protecci\u00f3n En Todo"},"content":{"rendered":"<div class=\"ui-pdp-container__row ui-pdp-container__row--description\">\n<div class=\"ui-pdp-description\">\n<p class=\"ui-pdp-description__content\"><strong>ESENCIA M\u00cdSTICA ORIGINAL<\/strong><br \/>\n<strong>PAJARO MACUA<\/strong><\/p>\n<p>&nbsp;<\/p>\n<p>Este maravilloso aceite preparado con las mejores esencias y con el nido del p\u00e1jaro macu\u00e1, el cual dicen es indicado para atraer suerte en el dinero, en los negocios, en el hogar, en el juego, y en todo lo que le rodea. \u00daselo detr\u00e1s de las rodillas, en el antebrazo, en las mu\u00f1ecas, detr\u00e1s de las orejas y en la palma de la mano.<\/p>\n<p>Los poderosos extractos son utilizados desde la antig\u00fcedad para acercar el amor, el dinero, para abrir caminos, para protegerse, rechazar envidias, conquistar a la persona amada\u2026<\/p>\n<p>La esencia de P\u00c1JARO MACUA, se utiliza solo o como complemento de rituales y su objetivo es atraer a nuestras vidas las buenas vibraciones del amor, la fortuna y la suerte.<\/p>\n<p>Usado de forma regular, y lograr\u00e1s poco a poco, traer la felicidad a tu vida.<\/p>\n<\/div>\n<\/div>\n<p>&nbsp;<\/p>\n<p>&nbsp;<\/p>\n<div class=\"ui-pdp-container__row ui-pdp-container__row--description\">\n<div class=\"ui-pdp-description\">\n<p><strong>BAZAR MERLIN\u00ae<\/strong><br \/>\n<strong>El Lugar M\u00e1s M\u00edstico de Guadalajara<\/strong><br \/>\n<strong>ENVIAMOS A TODO M\u00c9XICO&#8230;<\/strong><\/p>\n<\/div>\n<\/div>\n<!-- AddThis Advanced Settings generic via filter on the_content --><!-- AddThis Share Buttons generic via filter on the_content -->","protected":false},"excerpt":{"rendered":"<p>ESENCIA M\u00cdSTICA ORIGINAL PAJARO MACUA &nbsp; Este maravilloso aceite preparado con las mejores esencias y con el nido del p\u00e1jaro macu\u00e1, el cual dicen es indicado para atraer suerte en el dinero, en los negocios, en el hogar, en el juego, y en todo lo que le rodea. \u00daselo detr\u00e1s de las rodillas, en el&hellip;<!-- AddThis Advanced Settings generic via filter on get_the_excerpt --><!-- AddThis Share Buttons generic via filter on get_the_excerpt --><\/p>\n","protected":false},"featured_media":10934,"template":"","meta":[],"product_cat":[20],"product_tag":[1827,1828],"_links":{"self":[{"href":"https:\/\/www.bazarmerlin.com\/inicio\/wp-json\/wp\/v2\/product\/8549"}],"collection":[{"href":"https:\/\/www.bazarmerlin.com\/inicio\/wp-json\/wp\/v2\/product"}],"about":[{"href":"https:\/\/www.bazarmerlin.com\/inicio\/wp-json\/wp\/v2\/types\/product"}],"wp:featuredmedia":[{"embeddable":true,"href":"https:\/\/www.bazarmerlin.com\/inicio\/wp-json\/wp\/v2\/media\/10934"}],"wp:attachment":[{"href":"https:\/\/www.bazarmerlin.com\/inicio\/wp-json\/wp\/v2\/media?parent=8549"}],"wp:term":[{"taxonomy":"product_cat","embeddable":true,"href":"https:\/\/www.bazarmerlin.com\/inicio\/wp-json\/wp\/v2\/product_cat?post=8549"},{"taxonomy":"product_tag","embeddable":true,"href":"https:\/\/www.bazarmerlin.com\/inicio\/wp-json\/wp\/v2\/product_tag?post=8549"}],"curies":[{"name":"wp","href":"https:\/\/api.w.org\/{rel}","templated":true}]}}