{"id":855,"date":"2015-07-03T19:07:20","date_gmt":"2015-07-03T19:07:20","guid":{"rendered":"https:\/\/www.bazarmerlin.com\/inicio\/?post_type=product&#038;p=855"},"modified":"2022-11-12T00:28:23","modified_gmt":"2022-11-12T00:28:23","slug":"santa-muerte-en-dije-chapa-de-oro-18-kilates-garantizada","status":"publish","type":"product","link":"https:\/\/www.bazarmerlin.com\/inicio\/producto\/santa-muerte-en-dije-chapa-de-oro-18-kilates-garantizada\/","title":{"rendered":"Santa Muerte En Dije \/ Chapa De Oro 18 Kilates Garantizada"},"content":{"rendered":"<p><strong>DIJE DE LA SANTA MUERTE<\/strong><br \/>\n<strong>18 KILATES 4 CM DE ALTURA APROXIMADAMENTE<\/strong><\/p>\n<p>&nbsp;<\/p>\n<p>Este hermoso y poderoso talism\u00e1n de la SANTA MUERTE Te ayudar\u00e1 a atraer a tu vida PROTECCI\u00d3N, OPORTUNIDADES Y A ABRIRTE CAMINOS EN TODO. Para que todo llegue de manera m\u00e1s f\u00e1cil a t\u00fa vida!.<\/p>\n<p>Destruye todas las envidias, da\u00f1os y enfermedades, Atrae \u00e9xito en todo lo que emprendas ya que canaliza las energ\u00edas del universo al dije purificando cualquier da\u00f1o y abri\u00e9ndote caminos en todo lo que emprendas de una forma r\u00e1pida, definitiva y sencilla\u2026\u2026.<\/p>\n<p>Este Hermoso Y Poderoso Dije Se Te Manda CONSAGRADO Y RITUALIZADO Para Que Obtengas Protecci\u00f3n, Dinero Oportunidades o Abrir Caminos De Forma R\u00e1pida Y Inmediata.<\/p>\n<p>&nbsp;<\/p>\n<p>&nbsp;<\/p>\n<p><strong>BAZAR MERLIN\u00ae<\/strong><br \/>\n<strong>El Lugar M\u00e1s M\u00edstico de Guadalajara<\/strong><br \/>\n<strong>ENVIAMOS A TODO M\u00c9XICO Y EL MUNDO\u2026<\/strong><\/p>\n<!-- AddThis Advanced Settings generic via filter on the_content --><!-- AddThis Share Buttons generic via filter on the_content -->","protected":false},"excerpt":{"rendered":"<p>DIJE DE LA SANTA MUERTE 18 KILATES 4 CM DE ALTURA APROXIMADAMENTE &nbsp; Este hermoso y poderoso talism\u00e1n de la SANTA MUERTE Te ayudar\u00e1 a atraer a tu vida PROTECCI\u00d3N, OPORTUNIDADES Y A ABRIRTE CAMINOS EN TODO. Para que todo llegue de manera m\u00e1s f\u00e1cil a t\u00fa vida!. Destruye todas las envidias, da\u00f1os y enfermedades,&hellip;<!-- AddThis Advanced Settings generic via filter on get_the_excerpt --><!-- AddThis Share Buttons generic via filter on get_the_excerpt --><\/p>\n","protected":false},"featured_media":10728,"template":"","meta":[],"product_cat":[12],"product_tag":[644,643],"_links":{"self":[{"href":"https:\/\/www.bazarmerlin.com\/inicio\/wp-json\/wp\/v2\/product\/855"}],"collection":[{"href":"https:\/\/www.bazarmerlin.com\/inicio\/wp-json\/wp\/v2\/product"}],"about":[{"href":"https:\/\/www.bazarmerlin.com\/inicio\/wp-json\/wp\/v2\/types\/product"}],"wp:featuredmedia":[{"embeddable":true,"href":"https:\/\/www.bazarmerlin.com\/inicio\/wp-json\/wp\/v2\/media\/10728"}],"wp:attachment":[{"href":"https:\/\/www.bazarmerlin.com\/inicio\/wp-json\/wp\/v2\/media?parent=855"}],"wp:term":[{"taxonomy":"product_cat","embeddable":true,"href":"https:\/\/www.bazarmerlin.com\/inicio\/wp-json\/wp\/v2\/product_cat?post=855"},{"taxonomy":"product_tag","embeddable":true,"href":"https:\/\/www.bazarmerlin.com\/inicio\/wp-json\/wp\/v2\/product_tag?post=855"}],"curies":[{"name":"wp","href":"https:\/\/api.w.org\/{rel}","templated":true}]}}