{"id":8551,"date":"2022-05-13T22:21:55","date_gmt":"2022-05-13T22:21:55","guid":{"rendered":"https:\/\/www.bazarmerlin.com\/inicio\/?post_type=product&#038;p=8551"},"modified":"2022-12-01T00:55:01","modified_gmt":"2022-12-01T00:55:01","slug":"aceite-esencial-chango-macho-atrae-triunfo-negocios-amor","status":"publish","type":"product","link":"https:\/\/www.bazarmerlin.com\/inicio\/producto\/aceite-esencial-chango-macho-atrae-triunfo-negocios-amor\/","title":{"rendered":"Aceite Esencial Chango Macho &#8211; Atrae Triunfo Negocios Amor"},"content":{"rendered":"<p><strong>LEGITIMO ACEITE ESENCIAL CHANGO MACHO<\/strong><\/p>\n<p>&nbsp;<\/p>\n<p>-ACRECENTA SU FUERZA MAGN\u00c9TICA, ATRAE AL TRIUNFO EN LOS NEGOCIOS, SUERTE EN EL AMOR, LOTER\u00cdAS Y JUEGOS DE AZAR, HACE QUE SU TRABAJO SEA PRODUCTIVO Y QUE EL DINERO LE RINDA-<\/p>\n<p>-PARA LA FUERZA DE ATRACCI\u00d3N:<br \/>\nCombine el contenido del frasco de esta esencia con su perfume personal y apl\u00edquelo en el cuello y sobre su coraz\u00f3n.<\/p>\n<p>-PARA ATRAER Y DOMINAR AL AMANTE, NOVIO O ESPOSO:<br \/>\nMezcle la mitad del contenido del frasco de este aceite en un litro de agua natural y despu\u00e9s de ba\u00f1arse vi\u00e9rtasela frot\u00e1ndose desde sus hombros sobre todo su cuerpo diciendo: &#8221; Chango condeme que solo sea mio el amor de<br \/>\n( D\u00edgase el nombre). y solo m\u00edo ha de ser&#8221;.<\/p>\n<p>-CONTRA FRACASOS, SALACIONES Y RETIRO DE LA MALA SUERTE:<br \/>\nPonga el contenido del frasco en un vaso de aguardiente de ca\u00f1a y frote todos su cuerpo con esta mezcla diciendo: &#8221; Chango rey y se\u00f1or del trueno y del rel\u00e1mpago, haz que huyan de mi los fracasos, la mala suerte y que toda salaci\u00f3n quede disuelta y que todo lo malo se aleje de mi, Amen&#8221;<\/p>\n<p>D\u00e9jese esta limpia en el Cuerpo durante 3 minutos y dese un ba\u00f1o.<\/p>\n<p>-PARA LA BUENA SUERTE EN LOS NEGOCIOS, LOTER\u00cdAS, BINGO O<br \/>\nJUEGOS DE AZAR:<br \/>\nAntes de realizar alg\u00fan negocio o ir a jugar, ponga una o dos gotas de Aceite Esencial en cada palma de sus manos y fr\u00f3telas vigorosamente una contra otra diciendo: &#8220;Chango hazme ganar&#8221;, repita la frase 3 veces.<\/p>\n<p>-Su fabricaci\u00f3n y su composici\u00f3n son hechos por Xamanes expertos y llevan la esencia y EXTRACTO NATURAL para equilibrar tu energ\u00eda.-<\/p>\n<p>&nbsp;<\/p>\n<p>&nbsp;<\/p>\n<p><strong>BAZAR MERLIN\u00ae<\/strong><br \/>\n<strong>El Lugar M\u00e1s M\u00edstico de Guadalajara<\/strong><br \/>\n<strong>ENVIAMOS A TODO M\u00c9XICO&#8230;<\/strong><\/p>\n<!-- AddThis Advanced Settings generic via filter on the_content --><!-- AddThis Share Buttons generic via filter on the_content -->","protected":false},"excerpt":{"rendered":"<p>LEGITIMO ACEITE ESENCIAL CHANGO MACHO &nbsp; -ACRECENTA SU FUERZA MAGN\u00c9TICA, ATRAE AL TRIUNFO EN LOS NEGOCIOS, SUERTE EN EL AMOR, LOTER\u00cdAS Y JUEGOS DE AZAR, HACE QUE SU TRABAJO SEA PRODUCTIVO Y QUE EL DINERO LE RINDA- -PARA LA FUERZA DE ATRACCI\u00d3N: Combine el contenido del frasco de esta esencia con su perfume personal y&hellip;<!-- AddThis Advanced Settings generic via filter on get_the_excerpt --><!-- AddThis Share Buttons generic via filter on get_the_excerpt --><\/p>\n","protected":false},"featured_media":10914,"template":"","meta":[],"product_cat":[20],"product_tag":[1829,1830],"_links":{"self":[{"href":"https:\/\/www.bazarmerlin.com\/inicio\/wp-json\/wp\/v2\/product\/8551"}],"collection":[{"href":"https:\/\/www.bazarmerlin.com\/inicio\/wp-json\/wp\/v2\/product"}],"about":[{"href":"https:\/\/www.bazarmerlin.com\/inicio\/wp-json\/wp\/v2\/types\/product"}],"wp:featuredmedia":[{"embeddable":true,"href":"https:\/\/www.bazarmerlin.com\/inicio\/wp-json\/wp\/v2\/media\/10914"}],"wp:attachment":[{"href":"https:\/\/www.bazarmerlin.com\/inicio\/wp-json\/wp\/v2\/media?parent=8551"}],"wp:term":[{"taxonomy":"product_cat","embeddable":true,"href":"https:\/\/www.bazarmerlin.com\/inicio\/wp-json\/wp\/v2\/product_cat?post=8551"},{"taxonomy":"product_tag","embeddable":true,"href":"https:\/\/www.bazarmerlin.com\/inicio\/wp-json\/wp\/v2\/product_tag?post=8551"}],"curies":[{"name":"wp","href":"https:\/\/api.w.org\/{rel}","templated":true}]}}