{"id":8553,"date":"2022-05-13T22:29:26","date_gmt":"2022-05-13T22:29:26","guid":{"rendered":"https:\/\/www.bazarmerlin.com\/inicio\/?post_type=product&#038;p=8553"},"modified":"2022-12-01T23:46:42","modified_gmt":"2022-12-01T23:46:42","slug":"esencia-raiz-de-ajedrea-buena-suerte-en-todo-como-negocios","status":"publish","type":"product","link":"https:\/\/www.bazarmerlin.com\/inicio\/producto\/esencia-raiz-de-ajedrea-buena-suerte-en-todo-como-negocios\/","title":{"rendered":"Esencia Ra\u00edz De Ajedrea Buena Suerte En Todo Como Negocios"},"content":{"rendered":"<p><strong>ESENCIA RA\u00cdZ DE AJEDREA<\/strong><\/p>\n<p><em><strong>PARA PROTECCI\u00d3N Y NEGOCIOS EXITOSOS!<\/strong><\/em><\/p>\n<p>&nbsp;<\/p>\n<p>Elaborada a mano por maestros santeros de manera artesanal<\/p>\n<p>Ideal para que aquella persona dedicada al comercio ya sea ambulante o establecido.<br \/>\nSi el comerciante es ambulante puede usarlo en su persona y si el comerciante es establecido apl\u00edcalo en la caja del dinero.<\/p>\n<p>Esta esencia est\u00e1 elaborado con extractos de hierbas y aceites esenciales consagrado y ritualizado por medio de la alta magia, para que te ayude: contra hechicer\u00edas, envidias, negatividades, m\u00e1xima protecci\u00f3n en todo as\u00ed como a que te rinda el dinero, suerte en juegos de azar, atrae los buenos y exitosos negocios.<\/p>\n<p>Esencia fabricado por santeros.<\/p>\n<p>&nbsp;<\/p>\n<p>&nbsp;<\/p>\n<p><strong>BAZAR MERLIN<\/strong><br \/>\n<strong>El Lugar M\u00e1s M\u00edstico de Guadalajara<\/strong><br \/>\n<strong>ENVIAMOS A TODO M\u00c9XICO<\/strong>&#8230;<\/p>\n<!-- AddThis Advanced Settings generic via filter on the_content --><!-- AddThis Share Buttons generic via filter on the_content -->","protected":false},"excerpt":{"rendered":"<p>ESENCIA RA\u00cdZ DE AJEDREA PARA PROTECCI\u00d3N Y NEGOCIOS EXITOSOS! &nbsp; Elaborada a mano por maestros santeros de manera artesanal Ideal para que aquella persona dedicada al comercio ya sea ambulante o establecido. Si el comerciante es ambulante puede usarlo en su persona y si el comerciante es establecido apl\u00edcalo en la caja del dinero. Esta&hellip;<!-- AddThis Advanced Settings generic via filter on get_the_excerpt --><!-- AddThis Share Buttons generic via filter on get_the_excerpt --><\/p>\n","protected":false},"featured_media":10935,"template":"","meta":[],"product_cat":[20],"product_tag":[1831],"_links":{"self":[{"href":"https:\/\/www.bazarmerlin.com\/inicio\/wp-json\/wp\/v2\/product\/8553"}],"collection":[{"href":"https:\/\/www.bazarmerlin.com\/inicio\/wp-json\/wp\/v2\/product"}],"about":[{"href":"https:\/\/www.bazarmerlin.com\/inicio\/wp-json\/wp\/v2\/types\/product"}],"wp:featuredmedia":[{"embeddable":true,"href":"https:\/\/www.bazarmerlin.com\/inicio\/wp-json\/wp\/v2\/media\/10935"}],"wp:attachment":[{"href":"https:\/\/www.bazarmerlin.com\/inicio\/wp-json\/wp\/v2\/media?parent=8553"}],"wp:term":[{"taxonomy":"product_cat","embeddable":true,"href":"https:\/\/www.bazarmerlin.com\/inicio\/wp-json\/wp\/v2\/product_cat?post=8553"},{"taxonomy":"product_tag","embeddable":true,"href":"https:\/\/www.bazarmerlin.com\/inicio\/wp-json\/wp\/v2\/product_tag?post=8553"}],"curies":[{"name":"wp","href":"https:\/\/api.w.org\/{rel}","templated":true}]}}