{"id":8557,"date":"2022-05-13T22:41:21","date_gmt":"2022-05-13T22:41:21","guid":{"rendered":"https:\/\/www.bazarmerlin.com\/inicio\/?post_type=product&#038;p=8557"},"modified":"2022-12-30T00:41:35","modified_gmt":"2022-12-30T00:41:35","slug":"aceite-reforzado-amor-brujo-atrae-a-la-persona-deseada","status":"publish","type":"product","link":"https:\/\/www.bazarmerlin.com\/inicio\/producto\/aceite-reforzado-amor-brujo-atrae-a-la-persona-deseada\/","title":{"rendered":"Aceite Reforzado Amor Brujo &#8211; Atrae A La Persona Deseada"},"content":{"rendered":"<p><strong>ACEITE M\u00cdSTICO AMOR BRUJO &#8211; ATRAE A LA PERSONA DESEADA<\/strong><\/p>\n<p>&nbsp;<\/p>\n<p>Legitimo aceite espiritual amor brujo te ayudara a atraer y dominar a la persona deseada f\u00edsica y sexualmente, esa persona se sentir\u00e1 totalmente atra\u00edda hacia ti<\/p>\n<p>Esencia o extracto concentrado preparado para:<\/p>\n<p>**Aumentar la atracci\u00f3n<br \/>\n**Endulzar el car\u00e1cter<br \/>\n**Potenciar reencuentros<br \/>\n**Suavizar rencores<\/p>\n<p>&nbsp;<\/p>\n<p>&nbsp;<\/p>\n<p><strong>BAZAR MERLIN<\/strong><br \/>\n<strong>El Lugar M\u00e1s M\u00edstico de Guadalajara<\/strong><br \/>\n<strong>ENVIAMOS A TODO M\u00c9XICO&#8230;<\/strong><\/p>\n<!-- AddThis Advanced Settings generic via filter on the_content --><!-- AddThis Share Buttons generic via filter on the_content -->","protected":false},"excerpt":{"rendered":"<p>ACEITE M\u00cdSTICO AMOR BRUJO &#8211; ATRAE A LA PERSONA DESEADA &nbsp; Legitimo aceite espiritual amor brujo te ayudara a atraer y dominar a la persona deseada f\u00edsica y sexualmente, esa persona se sentir\u00e1 totalmente atra\u00edda hacia ti Esencia o extracto concentrado preparado para: **Aumentar la atracci\u00f3n **Endulzar el car\u00e1cter **Potenciar reencuentros **Suavizar rencores &nbsp; &nbsp;&hellip;<!-- AddThis Advanced Settings generic via filter on get_the_excerpt --><!-- AddThis Share Buttons generic via filter on get_the_excerpt --><\/p>\n","protected":false},"featured_media":8558,"template":"","meta":[],"product_cat":[20],"product_tag":[1834,1835],"_links":{"self":[{"href":"https:\/\/www.bazarmerlin.com\/inicio\/wp-json\/wp\/v2\/product\/8557"}],"collection":[{"href":"https:\/\/www.bazarmerlin.com\/inicio\/wp-json\/wp\/v2\/product"}],"about":[{"href":"https:\/\/www.bazarmerlin.com\/inicio\/wp-json\/wp\/v2\/types\/product"}],"wp:featuredmedia":[{"embeddable":true,"href":"https:\/\/www.bazarmerlin.com\/inicio\/wp-json\/wp\/v2\/media\/8558"}],"wp:attachment":[{"href":"https:\/\/www.bazarmerlin.com\/inicio\/wp-json\/wp\/v2\/media?parent=8557"}],"wp:term":[{"taxonomy":"product_cat","embeddable":true,"href":"https:\/\/www.bazarmerlin.com\/inicio\/wp-json\/wp\/v2\/product_cat?post=8557"},{"taxonomy":"product_tag","embeddable":true,"href":"https:\/\/www.bazarmerlin.com\/inicio\/wp-json\/wp\/v2\/product_tag?post=8557"}],"curies":[{"name":"wp","href":"https:\/\/api.w.org\/{rel}","templated":true}]}}