{"id":8578,"date":"2022-05-18T17:10:43","date_gmt":"2022-05-18T17:10:43","guid":{"rendered":"https:\/\/www.bazarmerlin.com\/inicio\/?post_type=product&#038;p=8578"},"modified":"2022-11-01T23:41:55","modified_gmt":"2022-11-01T23:41:55","slug":"dije-estrella-satanica-5-picos-consagrada-7-metales","status":"publish","type":"product","link":"https:\/\/www.bazarmerlin.com\/inicio\/producto\/dije-estrella-satanica-5-picos-consagrada-7-metales\/","title":{"rendered":"Dije Estrella Sat\u00e1nica 5 Picos &#8211; Consagrada &#8211; 7 Metales"},"content":{"rendered":"<p><strong>ESTRELLA INVERTIDA SAT\u00c1NICA DE 5 PICOS<\/strong><\/p>\n<p>&nbsp;<\/p>\n<p>Hecho a mano, forjado en 7 metales.<br \/>\nDije consagrado para la suerte en todo lo que hagas.<\/p>\n<p>El Pentagrama ha sido asociado desde hace mucho tiempo, con el misterio y la magia, este s\u00edmbolo sin duda es el m\u00e1s reconocido por todos los seguidores de la tradici\u00f3n pagana, y es tan antiguo, que su origen preciso se desconoce, ha sido utilizado desde \u00e9pocas remotas como talism\u00e1n de protecci\u00f3n, pero su utilizaci\u00f3n masiva y de hecho, su imagen m\u00e1s popular, provienen del satanismo.<\/p>\n<p>Este tambi\u00e9n puede ser llamado una se\u00f1al o una direcci\u00f3n indicando como una flecha hacia abajo donde esta el reino de \u201cSatan\u00e1s\u201d<\/p>\n<p>Cuando Anton LaVey fund\u00f3 su Iglesia de Sat\u00e1n, retoma este s\u00edmbolo puro en su sentido inverso, el que ha sido usado por siglos para la alta magia negra: el pentagrama invertido, con el v\u00e9rtice hacia abajo y represent\u00e1ndolo sobre una cabeza de macho cabr\u00edo. Este s\u00edmbolo consta de tres elementos: la estrella pentagonal invertida (pentagrama), los s\u00edmbolos colocados junto a cada una de las puntas y el rostro de un macho cabr\u00edo.<\/p>\n<p>En el pentagrama invertido, seg\u00fan la interpretaci\u00f3n sat\u00e1nica, las tres puntas inferiores representan la negaci\u00f3n de la \u201csagrada trinidad\u201d de los te\u00f3logos cristianos y las dos puntas superiores representan la afirmaci\u00f3n de las paridades o contrastes que realmente equilibran y dirigen el universo y la vida, como por ejemplo: creaci\u00f3n\/destrucci\u00f3n, positivo\/negativo, masculino\/femenino, acci\u00f3n\/reacci\u00f3n, vida\/muerte, activo\/pasivo, etc.<\/p>\n<p>En resumidas cuentas representa la supremac\u00eda del deseo carnal y netamente f\u00edsico por encima de la espiritualidad, en un pentagrama invertido se puede insertar la figura de la cabeza del macho cabr\u00edo: las dos puntas superiores son los cuernos, las puntas laterales son las orejas y la punta inferior es la barba.<\/p>\n<p>Con este PODEROSO E INFALIBLE dije sat\u00e1nico CONSAGRADO podr\u00e1s hacer que llegue a tu vida: AMOR, FORTUNA, SUERTE EN JUEGOS DE AZAR, PROTECCI\u00d3N.<\/p>\n<p>&nbsp;<\/p>\n<p>&nbsp;<\/p>\n<p><strong>BAZAR MERLIN<\/strong><br \/>\n<strong>El Lugar M\u00e1s M\u00edstico de Guadalajara<\/strong><br \/>\n<strong>ENVIAMOS A TODO M\u00c9XICO\u2026<\/strong><\/p>\n<!-- AddThis Advanced Settings generic via filter on the_content --><!-- AddThis Share Buttons generic via filter on the_content -->","protected":false},"excerpt":{"rendered":"<p>ESTRELLA INVERTIDA SAT\u00c1NICA DE 5 PICOS &nbsp; Hecho a mano, forjado en 7 metales. Dije consagrado para la suerte en todo lo que hagas. El Pentagrama ha sido asociado desde hace mucho tiempo, con el misterio y la magia, este s\u00edmbolo sin duda es el m\u00e1s reconocido por todos los seguidores de la tradici\u00f3n pagana,&hellip;<!-- AddThis Advanced Settings generic via filter on get_the_excerpt --><!-- AddThis Share Buttons generic via filter on get_the_excerpt --><\/p>\n","protected":false},"featured_media":10619,"template":"","meta":[],"product_cat":[12],"product_tag":[1840,1839],"_links":{"self":[{"href":"https:\/\/www.bazarmerlin.com\/inicio\/wp-json\/wp\/v2\/product\/8578"}],"collection":[{"href":"https:\/\/www.bazarmerlin.com\/inicio\/wp-json\/wp\/v2\/product"}],"about":[{"href":"https:\/\/www.bazarmerlin.com\/inicio\/wp-json\/wp\/v2\/types\/product"}],"wp:featuredmedia":[{"embeddable":true,"href":"https:\/\/www.bazarmerlin.com\/inicio\/wp-json\/wp\/v2\/media\/10619"}],"wp:attachment":[{"href":"https:\/\/www.bazarmerlin.com\/inicio\/wp-json\/wp\/v2\/media?parent=8578"}],"wp:term":[{"taxonomy":"product_cat","embeddable":true,"href":"https:\/\/www.bazarmerlin.com\/inicio\/wp-json\/wp\/v2\/product_cat?post=8578"},{"taxonomy":"product_tag","embeddable":true,"href":"https:\/\/www.bazarmerlin.com\/inicio\/wp-json\/wp\/v2\/product_tag?post=8578"}],"curies":[{"name":"wp","href":"https:\/\/api.w.org\/{rel}","templated":true}]}}