{"id":8580,"date":"2022-05-18T17:20:47","date_gmt":"2022-05-18T17:20:47","guid":{"rendered":"https:\/\/www.bazarmerlin.com\/inicio\/?post_type=product&#038;p=8580"},"modified":"2022-10-07T22:40:10","modified_gmt":"2022-10-07T22:40:10","slug":"locion-palo-santo-para-abundancia-y-prosperidad","status":"publish","type":"product","link":"https:\/\/www.bazarmerlin.com\/inicio\/producto\/locion-palo-santo-para-abundancia-y-prosperidad\/","title":{"rendered":"Locion Palo Santo &#8211; Para Abundancia Y Prosperidad"},"content":{"rendered":"<p><strong>LOCI\u00d3N PALO SANTO<\/strong><\/p>\n<p>&nbsp;<\/p>\n<p>Palo Santo o Bursera Graveolens. Su nombre significa &#8220;Madera Bendita&#8221; o &#8220;Madera Sagrada&#8221; es una especie de la familia de la Burser\u00e1cea como el incienso, oriundo del bosque seco tropical de las costas pacificas de Sudam\u00e9rica.<\/p>\n<p>Se utiliza para expulsar las energ\u00edas negativas y atraer las energ\u00edas positivas. Equilibra las energ\u00edas, buscando y aumentando todo lo positivo, adem\u00e1s, ayuda a controlar las enfermedades actuales causadas por el estr\u00e9s, regalando paz y armon\u00eda, eso es debido a sus propiedades de limpieza f\u00edsica y espiritual.<\/p>\n<p>Su aroma ayuda a profundizar en los momentos espirituales de meditaci\u00f3n y contemplaci\u00f3n, tambi\u00e9n sirve como Afrodis\u00edaco, ya que su cualidad terrosa y enigm\u00e1tica, ayuda a mejorar la relaci\u00f3n amorosa y espiritual en las parejas, se puede utilizar en el dormitorio para que las parejas tengan un momento mas \u00edntimo, amoroso y lleno de felicidad.<\/p>\n<p>Los chamanes los usan en sus sesiones para limpiar y purificar ambientes contra los malos esp\u00edritus, malas vibras y fuerzas negativas.<\/p>\n<p>Esta Loci\u00f3n de Palo Santo nos conecta con amor humano aumentando la capacidad de dar y recibir, propicia la meditaci\u00f3n ya que relaja la mente e induce una sensaci\u00f3n de abandono, es utilizado en pr\u00e1cticas de Yoga, Reiki y Aromaterapia.<\/p>\n<p>&nbsp;<\/p>\n<p>&nbsp;<\/p>\n<p><strong>BAZAR MERLIN\u00ae<\/strong><br \/>\n<strong>El Lugar M\u00e1s M\u00edstico de Guadalajara<\/strong><br \/>\n<strong>ENVIAMOS A TODO M\u00c9XICO&#8230;<\/strong><\/p>\n<!-- AddThis Advanced Settings generic via filter on the_content --><!-- AddThis Share Buttons generic via filter on the_content -->","protected":false},"excerpt":{"rendered":"<p>LOCI\u00d3N PALO SANTO &nbsp; Palo Santo o Bursera Graveolens. Su nombre significa &#8220;Madera Bendita&#8221; o &#8220;Madera Sagrada&#8221; es una especie de la familia de la Burser\u00e1cea como el incienso, oriundo del bosque seco tropical de las costas pacificas de Sudam\u00e9rica. Se utiliza para expulsar las energ\u00edas negativas y atraer las energ\u00edas positivas. Equilibra las energ\u00edas,&hellip;<!-- AddThis Advanced Settings generic via filter on get_the_excerpt --><!-- AddThis Share Buttons generic via filter on get_the_excerpt --><\/p>\n","protected":false},"featured_media":10284,"template":"","meta":[],"product_cat":[14],"product_tag":[1842,1843],"_links":{"self":[{"href":"https:\/\/www.bazarmerlin.com\/inicio\/wp-json\/wp\/v2\/product\/8580"}],"collection":[{"href":"https:\/\/www.bazarmerlin.com\/inicio\/wp-json\/wp\/v2\/product"}],"about":[{"href":"https:\/\/www.bazarmerlin.com\/inicio\/wp-json\/wp\/v2\/types\/product"}],"wp:featuredmedia":[{"embeddable":true,"href":"https:\/\/www.bazarmerlin.com\/inicio\/wp-json\/wp\/v2\/media\/10284"}],"wp:attachment":[{"href":"https:\/\/www.bazarmerlin.com\/inicio\/wp-json\/wp\/v2\/media?parent=8580"}],"wp:term":[{"taxonomy":"product_cat","embeddable":true,"href":"https:\/\/www.bazarmerlin.com\/inicio\/wp-json\/wp\/v2\/product_cat?post=8580"},{"taxonomy":"product_tag","embeddable":true,"href":"https:\/\/www.bazarmerlin.com\/inicio\/wp-json\/wp\/v2\/product_tag?post=8580"}],"curies":[{"name":"wp","href":"https:\/\/api.w.org\/{rel}","templated":true}]}}