{"id":8582,"date":"2022-05-18T17:36:15","date_gmt":"2022-05-18T17:36:15","guid":{"rendered":"https:\/\/www.bazarmerlin.com\/inicio\/?post_type=product&#038;p=8582"},"modified":"2022-11-17T22:33:28","modified_gmt":"2022-11-17T22:33:28","slug":"tetragramaton-o-pentagrama-grande-en-plata-3-5-cms-diametro","status":"publish","type":"product","link":"https:\/\/www.bazarmerlin.com\/inicio\/producto\/tetragramaton-o-pentagrama-grande-en-plata-3-5-cms-diametro\/","title":{"rendered":"Tetragramaton O Pentagrama Grande En Plata 3.5 Cms Diametro"},"content":{"rendered":"<p><strong>DIJE TETRAGRAMATON PENTAGRAMA ESOT\u00c9RICO EN FINA PLATA<\/strong><br \/>\n<em>-Dije hecho de Plata de Primera Ley 925 Solida-<\/em><\/p>\n<p><strong><em>CON UNA MEDIDA DE 3.5 CM DI\u00c1METRO<\/em><\/strong><\/p>\n<p>&nbsp;<\/p>\n<p>SIMBOLOG\u00cdA Y SIGNIFICADO:<\/p>\n<p>-TE = Teos = Dios<\/p>\n<p>-TRA = Elevar o desarrollar<\/p>\n<p>-GRAM = Grabar, bulirar.<\/p>\n<p>-MA = Alma<\/p>\n<p>-TON = El Dios familiar<\/p>\n<p>El desarrollo del alma para que nuestra M\u00f3nada se reintegre al absoluto.<\/p>\n<p>En el centro inferior de la Estrella se encuentran varios s\u00edmbolos:<\/p>\n<p>El Omega, representa el fin de la gran Obra, base y sustento de toda perfecci\u00f3n.<\/p>\n<p>El caduceo de Mercurio, simboliza el equilibrio de todas las fuerzas del cuerpo humano.<\/p>\n<p>Venus en forma invertida y mezclada con mercurio, esto es un secreto de secretos, es la base primordial para la elaboraci\u00f3n de la piedra de los fil\u00f3sofos, es la uni\u00f3n del amor con el mercurio de los fil\u00f3sofos o dicho de otra manera es el mercurio procesado por la ley del amor esot\u00e9rico.<\/p>\n<p>Todo este conjunto de s\u00edmbolos de esta parte central de la estrella se refiere a que la finalidad de la realizaci\u00f3n se basa en el control del cuerpo humano operando el mercurio esot\u00e9ricamente.<\/p>\n<p>Llamar\u00e1 la atenci\u00f3n igualmente, el sello de Salom\u00f3n o Solim\u00e1n ilustrado en nuestro dise\u00f1o, en particular el color negro del tri\u00e1ngulo ascendente en contraste con el blanco del descendente. Nada de ello es al azar: las fuerzas que bajan de arriba (esp\u00edritu) conjuntadas con las que ascienden de abajo (naturaleza) forman este s\u00edmbolo.<\/p>\n<p>\u00a1TEN UN TETRAGRAMMATON PARA TU PROTECCI\u00d3N COMO UN TALISM\u00c1N!<\/p>\n<p>Medida: 3.5cm de di\u00e1metro<\/p>\n<p>El dije esta hecho de Plata de Primera Ley 925 Solida<br \/>\n\u00a1Calidad Garantizada!<\/p>\n<p>&nbsp;<\/p>\n<p>&nbsp;<\/p>\n<p><strong>BAZAR MERLIN\u00ae<\/strong><br \/>\n<strong>El Lugar M\u00e1s M\u00edstico de Guadalajara<\/strong><br \/>\n<strong>ENVIAMOS A TODO M\u00c9XICO&#8230;<\/strong><\/p>\n<!-- AddThis Advanced Settings generic via filter on the_content --><!-- AddThis Share Buttons generic via filter on the_content -->","protected":false},"excerpt":{"rendered":"<p>DIJE TETRAGRAMATON PENTAGRAMA ESOT\u00c9RICO EN FINA PLATA -Dije hecho de Plata de Primera Ley 925 Solida- CON UNA MEDIDA DE 3.5 CM DI\u00c1METRO &nbsp; SIMBOLOG\u00cdA Y SIGNIFICADO: -TE = Teos = Dios -TRA = Elevar o desarrollar -GRAM = Grabar, bulirar. -MA = Alma -TON = El Dios familiar El desarrollo del alma para que&hellip;<!-- AddThis Advanced Settings generic via filter on get_the_excerpt --><!-- AddThis Share Buttons generic via filter on get_the_excerpt --><\/p>\n","protected":false},"featured_media":10771,"template":"","meta":[],"product_cat":[12],"product_tag":[1844],"_links":{"self":[{"href":"https:\/\/www.bazarmerlin.com\/inicio\/wp-json\/wp\/v2\/product\/8582"}],"collection":[{"href":"https:\/\/www.bazarmerlin.com\/inicio\/wp-json\/wp\/v2\/product"}],"about":[{"href":"https:\/\/www.bazarmerlin.com\/inicio\/wp-json\/wp\/v2\/types\/product"}],"wp:featuredmedia":[{"embeddable":true,"href":"https:\/\/www.bazarmerlin.com\/inicio\/wp-json\/wp\/v2\/media\/10771"}],"wp:attachment":[{"href":"https:\/\/www.bazarmerlin.com\/inicio\/wp-json\/wp\/v2\/media?parent=8582"}],"wp:term":[{"taxonomy":"product_cat","embeddable":true,"href":"https:\/\/www.bazarmerlin.com\/inicio\/wp-json\/wp\/v2\/product_cat?post=8582"},{"taxonomy":"product_tag","embeddable":true,"href":"https:\/\/www.bazarmerlin.com\/inicio\/wp-json\/wp\/v2\/product_tag?post=8582"}],"curies":[{"name":"wp","href":"https:\/\/api.w.org\/{rel}","templated":true}]}}