{"id":8584,"date":"2022-05-18T17:48:59","date_gmt":"2022-05-18T17:48:59","guid":{"rendered":"https:\/\/www.bazarmerlin.com\/inicio\/?post_type=product&#038;p=8584"},"modified":"2023-01-04T23:44:04","modified_gmt":"2023-01-04T23:44:04","slug":"3-frascos-de-gotas-de-zanahoria-con-10-ml-c-u-100-natural","status":"publish","type":"product","link":"https:\/\/www.bazarmerlin.com\/inicio\/producto\/3-frascos-de-gotas-de-zanahoria-con-10-ml-c-u-100-natural\/","title":{"rendered":"3 Frascos De Gotas De Zanahoria Con 10 Ml. C\/u 100% Natural"},"content":{"rendered":"<p><strong>3 GOTAS DE ZANAHORIA<\/strong><\/p>\n<p>&nbsp;<\/p>\n<p>Beneficios principales:<br \/>\nAuxiliar en el tratamiento de ardor, irritacion, Cataratas, Nube, Ardor, Miopia, Comez\u00f3n, Carnosidad, Conjuntivitis, Empa\u00f1amiento<\/p>\n<p>Modo de uso o empleo:<br \/>\nAplicar diariamente por la noche o por la ma\u00f1ana, dos gotas en cada ojo<\/p>\n<p>GOTAS OCULARES<br \/>\nde Zanahoria<\/p>\n<p>Contenido 20ml<\/p>\n<p>2 gotas en cada ojo, 3 veces al d\u00eda.<\/p>\n<p>Ingredientes principales:<br \/>\n1. Zanahoria<br \/>\n2. Hoja de Siempreviva (Sedum praealtum)<br \/>\n3. Agua boricada<\/p>\n<p>&nbsp;<\/p>\n<p>&nbsp;<\/p>\n<p><strong>BAZAR MERLIN<\/strong><br \/>\n<strong>El Lugar M\u00e1s M\u00edstico de Guadalajara<\/strong><br \/>\n<strong>ENVIAMOS A TODO M\u00c9XICO&#8230;<\/strong><\/p>\n<!-- AddThis Advanced Settings generic via filter on the_content --><!-- AddThis Share Buttons generic via filter on the_content -->","protected":false},"excerpt":{"rendered":"<p>3 GOTAS DE ZANAHORIA &nbsp; Beneficios principales: Auxiliar en el tratamiento de ardor, irritacion, Cataratas, Nube, Ardor, Miopia, Comez\u00f3n, Carnosidad, Conjuntivitis, Empa\u00f1amiento Modo de uso o empleo: Aplicar diariamente por la noche o por la ma\u00f1ana, dos gotas en cada ojo GOTAS OCULARES de Zanahoria Contenido 20ml 2 gotas en cada ojo, 3 veces al&hellip;<!-- AddThis Advanced Settings generic via filter on get_the_excerpt --><!-- AddThis Share Buttons generic via filter on get_the_excerpt --><\/p>\n","protected":false},"featured_media":11358,"template":"","meta":[],"product_cat":[16],"product_tag":[1845,1846],"_links":{"self":[{"href":"https:\/\/www.bazarmerlin.com\/inicio\/wp-json\/wp\/v2\/product\/8584"}],"collection":[{"href":"https:\/\/www.bazarmerlin.com\/inicio\/wp-json\/wp\/v2\/product"}],"about":[{"href":"https:\/\/www.bazarmerlin.com\/inicio\/wp-json\/wp\/v2\/types\/product"}],"wp:featuredmedia":[{"embeddable":true,"href":"https:\/\/www.bazarmerlin.com\/inicio\/wp-json\/wp\/v2\/media\/11358"}],"wp:attachment":[{"href":"https:\/\/www.bazarmerlin.com\/inicio\/wp-json\/wp\/v2\/media?parent=8584"}],"wp:term":[{"taxonomy":"product_cat","embeddable":true,"href":"https:\/\/www.bazarmerlin.com\/inicio\/wp-json\/wp\/v2\/product_cat?post=8584"},{"taxonomy":"product_tag","embeddable":true,"href":"https:\/\/www.bazarmerlin.com\/inicio\/wp-json\/wp\/v2\/product_tag?post=8584"}],"curies":[{"name":"wp","href":"https:\/\/api.w.org\/{rel}","templated":true}]}}