{"id":8594,"date":"2022-05-18T18:39:33","date_gmt":"2022-05-18T18:39:33","guid":{"rendered":"https:\/\/www.bazarmerlin.com\/inicio\/?post_type=product&#038;p=8594"},"modified":"2022-10-13T22:15:30","modified_gmt":"2022-10-13T22:15:30","slug":"riego-arrasa-con-todo-contra-chismes-envidas-y-rencores","status":"publish","type":"product","link":"https:\/\/www.bazarmerlin.com\/inicio\/producto\/riego-arrasa-con-todo-contra-chismes-envidas-y-rencores\/","title":{"rendered":"Riego Arrasa Con Todo &#8211; Contra Chismes, Envidas Y Rencores"},"content":{"rendered":"<p><strong>RIEGO ARRASA CON TODO<\/strong><\/p>\n<p>&nbsp;<\/p>\n<p>&#8211;<em>CONTRA CHISMES, ENVIDIAS, RENCORES, MALDAD Y<\/em><br \/>\n<em>ENERG\u00cdAS NEGATIVAS.<\/em><\/p>\n<p>-PURIFICA DE TODA MALDAD, MALEFICIO E INFLUENCIAS MALIGNAS.<\/p>\n<p>Este producto es muy efectivo para limpiar o eliminar residuos malignos, males espirituales, malas vibraciones, fuerzas m\u00e1gicas adversas o malignas, hechizos, males impuestos y cualquier trabajo que pueda haber sido hecho por hechicero o bruja y que afecte tanto a la persona como al hogar, taller, fabrica, negocio o local comercial.<\/p>\n<p>Como utilizarse para quitarse cualquier da\u00f1o que usted tuviera<br \/>\nen su persona y al igual prevenir esos posibles males:<\/p>\n<p>Simplemente \u00faselo para riego cotidiano en su Hogar, Trabajo, Patio&#8230;etc. Poni\u00e9ndolo en cada espacio de los que acostumbre usar, siendo m\u00e1s f\u00e1cil y practico us\u00e1ndolo para realizar el aseo, ya que cubre la mayor parte del lugar.<\/p>\n<p>Al utilizarlo en sus espacios habituales como para realizar la limpieza, podr\u00e1 hacer su efecto m\u00e1s r\u00e1pido al notar un cambio en su entorno y consecuentemente hacia usted mismo, librandole de todo mal, fracasos, pesares y hasta enfermedades aparentemente incurables.<\/p>\n<p>As\u00ed podr\u00e1 notar una mejora de paz en su Hogar o entorno en el que sea usado, atrayendo ARMON\u00cdA, ESTABILIDAD, SALUD, ETC.<\/p>\n<p>&nbsp;<\/p>\n<p>&nbsp;<\/p>\n<p><strong>BAZAR MERLIN\u00ae<\/strong><br \/>\n<strong>El Lugar M\u00e1s M\u00edstico de Guadalajara<\/strong><br \/>\n<strong>ENVIAMOS A TODO M\u00c9XICO&#8230;<\/strong><\/p>\n<!-- AddThis Advanced Settings generic via filter on the_content --><!-- AddThis Share Buttons generic via filter on the_content -->","protected":false},"excerpt":{"rendered":"<p>RIEGO ARRASA CON TODO &nbsp; &#8211;CONTRA CHISMES, ENVIDIAS, RENCORES, MALDAD Y ENERG\u00cdAS NEGATIVAS. -PURIFICA DE TODA MALDAD, MALEFICIO E INFLUENCIAS MALIGNAS. Este producto es muy efectivo para limpiar o eliminar residuos malignos, males espirituales, malas vibraciones, fuerzas m\u00e1gicas adversas o malignas, hechizos, males impuestos y cualquier trabajo que pueda haber sido hecho por hechicero o&hellip;<!-- AddThis Advanced Settings generic via filter on get_the_excerpt --><!-- AddThis Share Buttons generic via filter on get_the_excerpt --><\/p>\n","protected":false},"featured_media":10340,"template":"","meta":[],"product_cat":[14],"product_tag":[1854,1855,1853],"_links":{"self":[{"href":"https:\/\/www.bazarmerlin.com\/inicio\/wp-json\/wp\/v2\/product\/8594"}],"collection":[{"href":"https:\/\/www.bazarmerlin.com\/inicio\/wp-json\/wp\/v2\/product"}],"about":[{"href":"https:\/\/www.bazarmerlin.com\/inicio\/wp-json\/wp\/v2\/types\/product"}],"wp:featuredmedia":[{"embeddable":true,"href":"https:\/\/www.bazarmerlin.com\/inicio\/wp-json\/wp\/v2\/media\/10340"}],"wp:attachment":[{"href":"https:\/\/www.bazarmerlin.com\/inicio\/wp-json\/wp\/v2\/media?parent=8594"}],"wp:term":[{"taxonomy":"product_cat","embeddable":true,"href":"https:\/\/www.bazarmerlin.com\/inicio\/wp-json\/wp\/v2\/product_cat?post=8594"},{"taxonomy":"product_tag","embeddable":true,"href":"https:\/\/www.bazarmerlin.com\/inicio\/wp-json\/wp\/v2\/product_tag?post=8594"}],"curies":[{"name":"wp","href":"https:\/\/api.w.org\/{rel}","templated":true}]}}