{"id":8599,"date":"2022-05-18T20:02:52","date_gmt":"2022-05-18T20:02:52","guid":{"rendered":"https:\/\/www.bazarmerlin.com\/inicio\/?post_type=product&#038;p=8599"},"modified":"2022-10-31T23:49:50","modified_gmt":"2022-10-31T23:49:50","slug":"amuleto-para-la-prosperidad-y-abundancia-angel-abundia","status":"publish","type":"product","link":"https:\/\/www.bazarmerlin.com\/inicio\/producto\/amuleto-para-la-prosperidad-y-abundancia-angel-abundia\/","title":{"rendered":"Amuleto Para La Prosperidad Y Abundancia &#8211; \u00c1ngel Abundia"},"content":{"rendered":"<p><strong>AMULETO DE LA PROSPERIDAD Y ABUNDANCIA DEL ANGEL ABUNDIA\u00a0<\/strong><\/p>\n<p>&nbsp;<\/p>\n<p><em>\u00a1ATRAE LO PURO, LO LIMPIO Y LO POSITIVO!<\/em><\/p>\n<p>Est\u00e9 poderoso amuleto es fabricado a mano y es PREPARADO CON MAGIA BLANCA y poderosas oraciones. Evita accidente de muerte, atropellos, malos momentos y abre tus caminos a la seguridad y prosperidad.<\/p>\n<p>Este es el poderoso talism\u00e1n de la abundancia SE PREPARA A MANO PARA QUIEN LO USARA, a\u00f1adiendo los ingredientes que son correctos y que te ayudara a atraer \u00e9xito a todo lo que emprendas econ\u00f3micamente como laboral mente. Si la buena suerte es lo que est\u00e1s buscando,con este poderoso talism\u00e1n lo obtendr\u00e1s.<\/p>\n<p>Ademas de darte protecci\u00f3n contra el mal, accidentes y mala suerte te abrir\u00e1 caminos en todo lo que emprendas ya que fuerza espiritual del AMULETO DE LA PROSPERIDAD Y ABUNDANCIA DEL ANGEL ABUNDIA te dar\u00e1 eso y mas, como el \u00e9xito anhelado en tu negocio, mas ventas o clientes a tu negocio,<br \/>\ncomo ademas el dinero te rendir\u00e1 mas y se multiplicara f\u00e1cilmente y r\u00e1pidamente.<\/p>\n<p>Aleja de tu entorno y de tus familiares queridos la mala suerte y atrae todo lo que siempre so\u00f1aste.<\/p>\n<p>&nbsp;<\/p>\n<p>&nbsp;<\/p>\n<p><strong>BAZAR MERLIN<\/strong><br \/>\n<strong>El Lugar M\u00e1s M\u00edstico de Guadalajara<\/strong><br \/>\n<strong>ENVIAMOS A TODO M\u00c9XICO&#8230;<\/strong><\/p>\n<!-- AddThis Advanced Settings generic via filter on the_content --><!-- AddThis Share Buttons generic via filter on the_content -->","protected":false},"excerpt":{"rendered":"<p>AMULETO DE LA PROSPERIDAD Y ABUNDANCIA DEL ANGEL ABUNDIA\u00a0 &nbsp; \u00a1ATRAE LO PURO, LO LIMPIO Y LO POSITIVO! Est\u00e9 poderoso amuleto es fabricado a mano y es PREPARADO CON MAGIA BLANCA y poderosas oraciones. Evita accidente de muerte, atropellos, malos momentos y abre tus caminos a la seguridad y prosperidad. Este es el poderoso talism\u00e1n&hellip;<!-- AddThis Advanced Settings generic via filter on get_the_excerpt --><!-- AddThis Share Buttons generic via filter on get_the_excerpt --><\/p>\n","protected":false},"featured_media":10597,"template":"","meta":[],"product_cat":[12],"product_tag":[1857,1858],"_links":{"self":[{"href":"https:\/\/www.bazarmerlin.com\/inicio\/wp-json\/wp\/v2\/product\/8599"}],"collection":[{"href":"https:\/\/www.bazarmerlin.com\/inicio\/wp-json\/wp\/v2\/product"}],"about":[{"href":"https:\/\/www.bazarmerlin.com\/inicio\/wp-json\/wp\/v2\/types\/product"}],"wp:featuredmedia":[{"embeddable":true,"href":"https:\/\/www.bazarmerlin.com\/inicio\/wp-json\/wp\/v2\/media\/10597"}],"wp:attachment":[{"href":"https:\/\/www.bazarmerlin.com\/inicio\/wp-json\/wp\/v2\/media?parent=8599"}],"wp:term":[{"taxonomy":"product_cat","embeddable":true,"href":"https:\/\/www.bazarmerlin.com\/inicio\/wp-json\/wp\/v2\/product_cat?post=8599"},{"taxonomy":"product_tag","embeddable":true,"href":"https:\/\/www.bazarmerlin.com\/inicio\/wp-json\/wp\/v2\/product_tag?post=8599"}],"curies":[{"name":"wp","href":"https:\/\/api.w.org\/{rel}","templated":true}]}}