{"id":8604,"date":"2022-05-18T21:51:35","date_gmt":"2022-05-18T21:51:35","guid":{"rendered":"https:\/\/www.bazarmerlin.com\/inicio\/?post_type=product&#038;p=8604"},"modified":"2022-10-18T21:45:40","modified_gmt":"2022-10-18T21:45:40","slug":"cartas-los-cuatro-acuerdos-sabiduria-tolteca","status":"publish","type":"product","link":"https:\/\/www.bazarmerlin.com\/inicio\/producto\/cartas-los-cuatro-acuerdos-sabiduria-tolteca\/","title":{"rendered":"Cartas Los Cuatro Acuerdos &#8211; Sabidur\u00eda Tolteca"},"content":{"rendered":"<p><strong>LOS CUATRO ACUERDOS\u00a0<\/strong><br \/>\n<em><strong>48 CARTAS<\/strong><\/em><\/p>\n<p>&nbsp;<\/p>\n<p>Autor: Ruiz, Miguel<\/p>\n<p>Basadas en el libro LOS CUATRO ACUERDOS, de Don Miguel Ruiz (\u00e9xito de ventas mundial), las 48 cartas de esta baraja proporcionan un sencillo pero poderoso c\u00f3digo de conducta para conseguir la libertad personal y la aut\u00e9ntica felicidad.<\/p>\n<p>Hay 12 cartas para cada uno de los acuerdos:<br \/>\n1- S\u00e9 impecable con tus palabras.<br \/>\n2- No te tomes nada personalmente.<br \/>\n3- No hagas suposiciones.<br \/>\n4- Haz siempre lo m\u00e1ximo que puedas.<\/p>\n<p>Estas cartas te ayudar\u00e1n a transformar tu vida y a recuperar tu aut\u00e9ntica conciencia y sabidur\u00eda.<\/p>\n<p>&nbsp;<\/p>\n<p>&nbsp;<\/p>\n<p><strong>BAZAR MERLIN\u00ae<\/strong><br \/>\n<strong>El Lugar M\u00e1s M\u00edstico de Guadalajara<\/strong><br \/>\n<strong>ENVIAMOS A TODO M\u00c9XICO&#8230;<\/strong><\/p>\n<!-- AddThis Advanced Settings generic via filter on the_content --><!-- AddThis Share Buttons generic via filter on the_content -->","protected":false},"excerpt":{"rendered":"<p>LOS CUATRO ACUERDOS\u00a0 48 CARTAS &nbsp; Autor: Ruiz, Miguel Basadas en el libro LOS CUATRO ACUERDOS, de Don Miguel Ruiz (\u00e9xito de ventas mundial), las 48 cartas de esta baraja proporcionan un sencillo pero poderoso c\u00f3digo de conducta para conseguir la libertad personal y la aut\u00e9ntica felicidad. Hay 12 cartas para cada uno de los&hellip;<!-- AddThis Advanced Settings generic via filter on get_the_excerpt --><!-- AddThis Share Buttons generic via filter on get_the_excerpt --><\/p>\n","protected":false},"featured_media":10395,"template":"","meta":[],"product_cat":[15],"product_tag":[1861,1862],"_links":{"self":[{"href":"https:\/\/www.bazarmerlin.com\/inicio\/wp-json\/wp\/v2\/product\/8604"}],"collection":[{"href":"https:\/\/www.bazarmerlin.com\/inicio\/wp-json\/wp\/v2\/product"}],"about":[{"href":"https:\/\/www.bazarmerlin.com\/inicio\/wp-json\/wp\/v2\/types\/product"}],"wp:featuredmedia":[{"embeddable":true,"href":"https:\/\/www.bazarmerlin.com\/inicio\/wp-json\/wp\/v2\/media\/10395"}],"wp:attachment":[{"href":"https:\/\/www.bazarmerlin.com\/inicio\/wp-json\/wp\/v2\/media?parent=8604"}],"wp:term":[{"taxonomy":"product_cat","embeddable":true,"href":"https:\/\/www.bazarmerlin.com\/inicio\/wp-json\/wp\/v2\/product_cat?post=8604"},{"taxonomy":"product_tag","embeddable":true,"href":"https:\/\/www.bazarmerlin.com\/inicio\/wp-json\/wp\/v2\/product_tag?post=8604"}],"curies":[{"name":"wp","href":"https:\/\/api.w.org\/{rel}","templated":true}]}}