{"id":8607,"date":"2022-05-18T22:03:00","date_gmt":"2022-05-18T22:03:00","guid":{"rendered":"https:\/\/www.bazarmerlin.com\/inicio\/?post_type=product&#038;p=8607"},"modified":"2022-10-18T22:41:22","modified_gmt":"2022-10-18T22:41:22","slug":"cartas-tu-puedes-hacerlo-louise-l-hay-60-cartas","status":"publish","type":"product","link":"https:\/\/www.bazarmerlin.com\/inicio\/producto\/cartas-tu-puedes-hacerlo-louise-l-hay-60-cartas\/","title":{"rendered":"Cartas Tu Puedes Hacerlo &#8211; Louise L Hay &#8211; 60 Cartas"},"content":{"rendered":"<p><strong>CARTAS DE MEDITACION TU PUEDES HACERLO.<\/strong><br \/>\n<em><strong>Hay, Louise L.<\/strong><\/em><\/p>\n<p>60 Bellas Cartas<\/p>\n<p>Louise L. Hay, internacionalmente conocida por su obra Usted puede sanar su vida, ha creado estas sesenta cartas con afirmaciones sobre diversos aspectos de la vida, como el amor, la prosperidad, la salud, el perd\u00f3n, la creatividad o el \u00e9xito laboral, que te ayudar\u00e1n a lograr satisfacci\u00f3n, dicha y poder en el d\u00eda a d\u00eda.<\/p>\n<p>&nbsp;<\/p>\n<p>&nbsp;<\/p>\n<p><strong>BAZAR MERLIN\u00ae<br \/>\nEl Lugar M\u00e1s M\u00edstico de Guadalajara<br \/>\nENVIAMOS A TODO M\u00c9XICO\u2026<\/strong><\/p>\n<!-- AddThis Advanced Settings generic via filter on the_content --><!-- AddThis Share Buttons generic via filter on the_content -->","protected":false},"excerpt":{"rendered":"<p>CARTAS DE MEDITACION TU PUEDES HACERLO. Hay, Louise L. 60 Bellas Cartas Louise L. Hay, internacionalmente conocida por su obra Usted puede sanar su vida, ha creado estas sesenta cartas con afirmaciones sobre diversos aspectos de la vida, como el amor, la prosperidad, la salud, el perd\u00f3n, la creatividad o el \u00e9xito laboral, que te&hellip;<!-- AddThis Advanced Settings generic via filter on get_the_excerpt --><!-- AddThis Share Buttons generic via filter on get_the_excerpt --><\/p>\n","protected":false},"featured_media":10400,"template":"","meta":[],"product_cat":[15],"product_tag":[1863,1864],"_links":{"self":[{"href":"https:\/\/www.bazarmerlin.com\/inicio\/wp-json\/wp\/v2\/product\/8607"}],"collection":[{"href":"https:\/\/www.bazarmerlin.com\/inicio\/wp-json\/wp\/v2\/product"}],"about":[{"href":"https:\/\/www.bazarmerlin.com\/inicio\/wp-json\/wp\/v2\/types\/product"}],"wp:featuredmedia":[{"embeddable":true,"href":"https:\/\/www.bazarmerlin.com\/inicio\/wp-json\/wp\/v2\/media\/10400"}],"wp:attachment":[{"href":"https:\/\/www.bazarmerlin.com\/inicio\/wp-json\/wp\/v2\/media?parent=8607"}],"wp:term":[{"taxonomy":"product_cat","embeddable":true,"href":"https:\/\/www.bazarmerlin.com\/inicio\/wp-json\/wp\/v2\/product_cat?post=8607"},{"taxonomy":"product_tag","embeddable":true,"href":"https:\/\/www.bazarmerlin.com\/inicio\/wp-json\/wp\/v2\/product_tag?post=8607"}],"curies":[{"name":"wp","href":"https:\/\/api.w.org\/{rel}","templated":true}]}}