{"id":861,"date":"2015-07-03T19:18:26","date_gmt":"2015-07-03T19:18:26","guid":{"rendered":"https:\/\/www.bazarmerlin.com\/inicio\/?post_type=product&#038;p=861"},"modified":"2022-11-14T23:16:11","modified_gmt":"2022-11-14T23:16:11","slug":"talisman-de-las-7-deidades-de-la-santeria","status":"publish","type":"product","link":"https:\/\/www.bazarmerlin.com\/inicio\/producto\/talisman-de-las-7-deidades-de-la-santeria\/","title":{"rendered":"Talism\u00e1n Cubano De Las 7 Deidades De La Santer\u00eda\/protecci\u00f3n"},"content":{"rendered":"<p><strong>Talism\u00e1n Cubano De Las 7 Deidades De La Santer\u00eda\/Protecci\u00f3n.<\/strong><\/p>\n<p>&nbsp;<\/p>\n<p>OJO: los colores del Talism\u00e1n pueden variar<br \/>\npor ser un Talism\u00e1n hecho artesanalmente.<\/p>\n<p>ATRAE DINERO, NEGOCIOS, SUERTE Y PROTECCI\u00d3N<\/p>\n<p>*TU SITUACI\u00d3N PERSONAL, PROFESIONAL O FINANCIERA ESTA EN UN PUNTO CRITICO?.<\/p>\n<p>*SIENTES SER VICTIMA DE UN TRABAJO OBSCURO DE ALGUN ENEMIGO?.<\/p>\n<p>*HAS INTENTADO CASI TODO, INCLUSO MAGIA Y NO VEZ CAMBIOS EN TU VIDA?.<\/p>\n<p>EL PODEROSO TALISM\u00c1N CUBANO<br \/>\nDE LAS 7 DEIDADES SANTERAS<br \/>\nES LO QUE HAS ESTADO BUSCANDO.<\/p>\n<p>EL PODEROSO TALISM\u00c1N CUBANO Te Ayudara A Obtener Todo Lo Que Siempre Has So\u00f1ado Como: Poder, Amor, Dinero Y Salud. Te ayudara a Lograr El \u00c9xito En Todos Los Aspectos De Tu Vida.<\/p>\n<p>Este poderoso talism\u00e1n cubano, esta fabricado y tallado a mano, pintado y detallado a mano, reforzado con ashe, ademas contiene los 7 metales alqu\u00edmicos visibles como una aleaci\u00f3n de siete metales que corresponden a los siete planetas esot\u00e9ricos.<\/p>\n<p>En este poderoso talism\u00e1n se conjugan los 7 santos orichas, Debidamente fabricado como muy pocos talismanes ya que se encuentra fabrico en aleaci\u00f3n de 7 metales alqu\u00edmicos, para darle fuerza a los 7 santos orichas:<\/p>\n<p>CHANGO<br \/>\nELEGGUA<br \/>\nOBATALA<br \/>\nOGGUN<br \/>\nOSHUN<br \/>\nORUNLA<br \/>\nYEMAYA<\/p>\n<p>Esta Elaborado Totalmente A Mano Y Consagrado Especialmente Para Ti Bajo Un Ritual Muy Poderoso Y De Verdadera Alta Magia. Este Talism\u00e1n Adem\u00e1s Esta Encapsulado En Resina O\/Y Acr\u00edlico Para Que Este Poderoso Talism\u00e1n Dure Toda La Vida..<\/p>\n<p>\u00bfPOR QUE ES TAN PODEROSO ESTE TALISM\u00c1N?<br \/>\nPor La Simbolog\u00eda Que Encierra da una fuerza y magnetismo muy potente, Porque Se Prepara Y Ritualiza Con Decretos Y Rituales De Alta Magia Que Le Ayudan A Aumentar Su Poder De Protecci\u00f3n. Adem\u00e1s Esta Realizado En Aleaci\u00f3n De 7 Metales Que Corresponden A Los 7 Planetas Alqu\u00edmicos y a las deidades santeras.<\/p>\n<p>&nbsp;<\/p>\n<p>&nbsp;<\/p>\n<p><strong>BAZAR MERL\u00cdN<\/strong><br \/>\n<strong>El Lugar M\u00e1s M\u00edstico de Guadalajara<\/strong><br \/>\n<strong>ENVIAMOS A TODO M\u00c9XICO <\/strong><\/p>\n<!-- AddThis Advanced Settings generic via filter on the_content --><!-- AddThis Share Buttons generic via filter on the_content -->","protected":false},"excerpt":{"rendered":"<p>Talism\u00e1n Cubano De Las 7 Deidades De La Santer\u00eda\/Protecci\u00f3n. &nbsp; OJO: los colores del Talism\u00e1n pueden variar por ser un Talism\u00e1n hecho artesanalmente. ATRAE DINERO, NEGOCIOS, SUERTE Y PROTECCI\u00d3N *TU SITUACI\u00d3N PERSONAL, PROFESIONAL O FINANCIERA ESTA EN UN PUNTO CRITICO?. *SIENTES SER VICTIMA DE UN TRABAJO OBSCURO DE ALGUN ENEMIGO?. *HAS INTENTADO CASI TODO, INCLUSO&hellip;<!-- AddThis Advanced Settings generic via filter on get_the_excerpt --><!-- AddThis Share Buttons generic via filter on get_the_excerpt --><\/p>\n","protected":false},"featured_media":10740,"template":"","meta":[],"product_cat":[12],"product_tag":[57,646],"_links":{"self":[{"href":"https:\/\/www.bazarmerlin.com\/inicio\/wp-json\/wp\/v2\/product\/861"}],"collection":[{"href":"https:\/\/www.bazarmerlin.com\/inicio\/wp-json\/wp\/v2\/product"}],"about":[{"href":"https:\/\/www.bazarmerlin.com\/inicio\/wp-json\/wp\/v2\/types\/product"}],"wp:featuredmedia":[{"embeddable":true,"href":"https:\/\/www.bazarmerlin.com\/inicio\/wp-json\/wp\/v2\/media\/10740"}],"wp:attachment":[{"href":"https:\/\/www.bazarmerlin.com\/inicio\/wp-json\/wp\/v2\/media?parent=861"}],"wp:term":[{"taxonomy":"product_cat","embeddable":true,"href":"https:\/\/www.bazarmerlin.com\/inicio\/wp-json\/wp\/v2\/product_cat?post=861"},{"taxonomy":"product_tag","embeddable":true,"href":"https:\/\/www.bazarmerlin.com\/inicio\/wp-json\/wp\/v2\/product_tag?post=861"}],"curies":[{"name":"wp","href":"https:\/\/api.w.org\/{rel}","templated":true}]}}