{"id":8610,"date":"2022-05-18T22:16:58","date_gmt":"2022-05-18T22:16:58","guid":{"rendered":"https:\/\/www.bazarmerlin.com\/inicio\/?post_type=product&#038;p=8610"},"modified":"2024-02-03T04:53:40","modified_gmt":"2024-02-03T04:53:40","slug":"el-poder-del-ahora-50-cartas-de-meditacion-eckthar-tolle","status":"publish","type":"product","link":"https:\/\/www.bazarmerlin.com\/inicio\/producto\/el-poder-del-ahora-50-cartas-de-meditacion-eckthar-tolle\/","title":{"rendered":"El Poder Del Ahora &#8211; 50 Cartas De Meditaci\u00f3n &#8211; Eckthar Tolle"},"content":{"rendered":"<p><strong>PODER DEL AHORA 50 CARTAS DE MEDITACI\u00d3N<\/strong><br \/>\n<strong><em>Incluye Manual<\/em><\/strong><\/p>\n<p>&nbsp;<\/p>\n<p>El mejor modo de poner en acci\u00f3n El Poder del Ahora<br \/>\nEckhart Tolle sigue aport\u00e1ndonos el mensaje de El Poder del Ahora de la manera m\u00e1s pr\u00e1ctica y accesible en estas 50 cartas de meditaci\u00f3n seleccionadas por el propio autor. Las cartas se dividen en cinco series: la llama de la conciencia, el camino para salir del dolor, la liberaci\u00f3n a trav\u00e9s del cambio, la sabidur\u00eda de la rendici\u00f3n y el poder de la presencia.<\/p>\n<p>Extrae una carta diariamente y reflexiona sobre ella durante la jornada, o bien saca una carta al azar cada vez que te surja una duda o una pregunta.<\/p>\n<p>&nbsp;<\/p>\n<p>&nbsp;<\/p>\n<p><strong>BAZAR MERLIN<\/strong><br \/>\n<strong>El Lugar M\u00e1s M\u00edstico de Guadalajara<\/strong><br \/>\n<strong>ENVIAMOS A TODO M\u00c9XICO&#8230;<\/strong><\/p>\n<!-- AddThis Advanced Settings generic via filter on the_content --><!-- AddThis Share Buttons generic via filter on the_content -->","protected":false},"excerpt":{"rendered":"<p>PODER DEL AHORA 50 CARTAS DE MEDITACI\u00d3N Incluye Manual &nbsp; El mejor modo de poner en acci\u00f3n El Poder del Ahora Eckhart Tolle sigue aport\u00e1ndonos el mensaje de El Poder del Ahora de la manera m\u00e1s pr\u00e1ctica y accesible en estas 50 cartas de meditaci\u00f3n seleccionadas por el propio autor. Las cartas se dividen en&hellip;<!-- AddThis Advanced Settings generic via filter on get_the_excerpt --><!-- AddThis Share Buttons generic via filter on get_the_excerpt --><\/p>\n","protected":false},"featured_media":8611,"template":"","meta":[],"product_cat":[15],"product_tag":[1867,1868,1866],"_links":{"self":[{"href":"https:\/\/www.bazarmerlin.com\/inicio\/wp-json\/wp\/v2\/product\/8610"}],"collection":[{"href":"https:\/\/www.bazarmerlin.com\/inicio\/wp-json\/wp\/v2\/product"}],"about":[{"href":"https:\/\/www.bazarmerlin.com\/inicio\/wp-json\/wp\/v2\/types\/product"}],"wp:featuredmedia":[{"embeddable":true,"href":"https:\/\/www.bazarmerlin.com\/inicio\/wp-json\/wp\/v2\/media\/8611"}],"wp:attachment":[{"href":"https:\/\/www.bazarmerlin.com\/inicio\/wp-json\/wp\/v2\/media?parent=8610"}],"wp:term":[{"taxonomy":"product_cat","embeddable":true,"href":"https:\/\/www.bazarmerlin.com\/inicio\/wp-json\/wp\/v2\/product_cat?post=8610"},{"taxonomy":"product_tag","embeddable":true,"href":"https:\/\/www.bazarmerlin.com\/inicio\/wp-json\/wp\/v2\/product_tag?post=8610"}],"curies":[{"name":"wp","href":"https:\/\/api.w.org\/{rel}","templated":true}]}}