{"id":8613,"date":"2022-05-18T22:34:17","date_gmt":"2022-05-18T22:34:17","guid":{"rendered":"https:\/\/www.bazarmerlin.com\/inicio\/?post_type=product&#038;p=8613"},"modified":"2022-10-21T23:58:03","modified_gmt":"2022-10-21T23:58:03","slug":"oraculo-de-los-chakras-49-cartas-libro","status":"publish","type":"product","link":"https:\/\/www.bazarmerlin.com\/inicio\/producto\/oraculo-de-los-chakras-49-cartas-libro\/","title":{"rendered":"Or\u00e1culo De Los Chakras &#8211; 49 Cartas + Libro"},"content":{"rendered":"<div class=\"ui-pdp-container__row ui-pdp-container__row--description\">\n<div class=\"ui-pdp-description\">\n<p class=\"ui-pdp-description__content\"><strong>OR\u00c1CULO DE LOS CHAKRAS<\/strong><\/p>\n<p class=\"ui-pdp-description__content\"><em><strong>La Gu\u00eda Espiritual que Transformar\u00e1 tu Vida<\/strong><\/em><\/p>\n<p>&nbsp;<\/p>\n<p>Autor: Hartman, Tori<br \/>\n192 p\u00e1ginas<\/p>\n<p>49 CARTAS DE SABIDUR\u00cdA Y LIBRO<\/p>\n<p>Tori Hartman es una maestra espiritual intuitiva reconocida a nivel mundial. Su lema \u00abla iluminaci\u00f3n simplificada hace referencia a su deseo de proporcionar apoyo a quienes han decidido llevar a cabo su propio trabajo espiritual. Naci\u00f3 y se cri\u00f3 en el ambiente liberal de los a\u00f1os 60 en el barrio de Greenwich Village de Nueva York, consciente de sus dones ps\u00edquicos desde que ten\u00eda 8 a\u00f1os.<\/p>\n<p>Una serie de encuentros con \u00e1ngeles que tuvieron lugar hace m\u00e1s de dos d\u00e9cadas, a ra\u00edz de que Hartman pasar\u00e1 por una experiencia cercana a la muerte, le revelaron historias simb\u00f3licas y una serie de profundos mensajes que establecer\u00e1n las bases del Or\u00e1culo de los Chakras. Estas peque\u00f1as f\u00e1bulas ilustradas a todo color plasman la fascinaci\u00f3n que la autora ha sentido durante toda su vida por el color y su poder transformador y sanador. En la actualidad reside en Los \u00c1ngeles, California.<\/p>\n<\/div>\n<p>&nbsp;<\/p>\n<div class=\"ui-pdp-description\">\n<p><strong>BAZAR MERLIN\u00ae<\/strong><br \/>\n<strong>El Lugar M\u00e1s M\u00edstico de Guadalajara<\/strong><br \/>\n<strong>ENVIAMOS A TODO M\u00c9XICO&#8230;<\/strong><\/p>\n<\/div>\n<\/div>\n<!-- AddThis Advanced Settings generic via filter on the_content --><!-- AddThis Share Buttons generic via filter on the_content -->","protected":false},"excerpt":{"rendered":"<p>OR\u00c1CULO DE LOS CHAKRAS La Gu\u00eda Espiritual que Transformar\u00e1 tu Vida &nbsp; Autor: Hartman, Tori 192 p\u00e1ginas 49 CARTAS DE SABIDUR\u00cdA Y LIBRO Tori Hartman es una maestra espiritual intuitiva reconocida a nivel mundial. Su lema \u00abla iluminaci\u00f3n simplificada hace referencia a su deseo de proporcionar apoyo a quienes han decidido llevar a cabo su&hellip;<!-- AddThis Advanced Settings generic via filter on get_the_excerpt --><!-- AddThis Share Buttons generic via filter on get_the_excerpt --><\/p>\n","protected":false},"featured_media":8614,"template":"","meta":[],"product_cat":[15],"product_tag":[1869],"_links":{"self":[{"href":"https:\/\/www.bazarmerlin.com\/inicio\/wp-json\/wp\/v2\/product\/8613"}],"collection":[{"href":"https:\/\/www.bazarmerlin.com\/inicio\/wp-json\/wp\/v2\/product"}],"about":[{"href":"https:\/\/www.bazarmerlin.com\/inicio\/wp-json\/wp\/v2\/types\/product"}],"wp:featuredmedia":[{"embeddable":true,"href":"https:\/\/www.bazarmerlin.com\/inicio\/wp-json\/wp\/v2\/media\/8614"}],"wp:attachment":[{"href":"https:\/\/www.bazarmerlin.com\/inicio\/wp-json\/wp\/v2\/media?parent=8613"}],"wp:term":[{"taxonomy":"product_cat","embeddable":true,"href":"https:\/\/www.bazarmerlin.com\/inicio\/wp-json\/wp\/v2\/product_cat?post=8613"},{"taxonomy":"product_tag","embeddable":true,"href":"https:\/\/www.bazarmerlin.com\/inicio\/wp-json\/wp\/v2\/product_tag?post=8613"}],"curies":[{"name":"wp","href":"https:\/\/api.w.org\/{rel}","templated":true}]}}