{"id":8619,"date":"2022-05-18T23:06:11","date_gmt":"2022-05-18T23:06:11","guid":{"rendered":"https:\/\/www.bazarmerlin.com\/inicio\/?post_type=product&#038;p=8619"},"modified":"2022-06-08T23:42:35","modified_gmt":"2022-06-08T23:42:35","slug":"tarot-angel-de-la-guarda-en-espanol-doreen-virtue","status":"publish","type":"product","link":"https:\/\/www.bazarmerlin.com\/inicio\/producto\/tarot-angel-de-la-guarda-en-espanol-doreen-virtue\/","title":{"rendered":"Tarot \u00c1ngel De La Guarda En Espa\u00f1ol &#8211; Doreen Virtue"},"content":{"rendered":"<p><strong>TAROT \u00c1NGEL DE LA GUARDA.<\/strong><br \/>\n<em><strong>Doreen Virtue<\/strong><\/em><\/p>\n<p>&nbsp;<\/p>\n<p>78 Cartas y Manual<br \/>\nCOMPLETAMENTE EN ESPA\u00d1OL.<\/p>\n<p>Doreen Virtue y Radleigh Valentine sab\u00edan que exist\u00eda gente que a\u00fan no confiaba en el tarot.<\/p>\n<p>Eso los motiv\u00f3 a crear este mazo de 78 cartas que acompa\u00f1an con una gu\u00eda para aquellas personas demasiado sensibles que desean respuestas precisas y detalles del tarot, junto con im\u00e1genes y palabras suaves.<\/p>\n<p>El Tarot \u00e1ngel de la guarda incluso m\u00e1s dulce que el resto de sus juegos de cartas es un medio seguro y reconfortante de recibir mensajes claros para ti y los dem\u00e1s.<\/p>\n<p>&nbsp;<\/p>\n<p>&nbsp;<\/p>\n<p><strong>BAZAR MERL\u00cdN<\/strong><br \/>\n<strong>El Lugar M\u00e1s M\u00edstico de Guadalajara<\/strong><br \/>\n<strong>ENVIAMOS A TODO M\u00c9XICO&#8230;<\/strong><\/p>\n<!-- AddThis Advanced Settings generic via filter on the_content --><!-- AddThis Share Buttons generic via filter on the_content -->","protected":false},"excerpt":{"rendered":"<p>TAROT \u00c1NGEL DE LA GUARDA. Doreen Virtue &nbsp; 78 Cartas y Manual COMPLETAMENTE EN ESPA\u00d1OL. Doreen Virtue y Radleigh Valentine sab\u00edan que exist\u00eda gente que a\u00fan no confiaba en el tarot. Eso los motiv\u00f3 a crear este mazo de 78 cartas que acompa\u00f1an con una gu\u00eda para aquellas personas demasiado sensibles que desean respuestas precisas&hellip;<!-- AddThis Advanced Settings generic via filter on get_the_excerpt --><!-- AddThis Share Buttons generic via filter on get_the_excerpt --><\/p>\n","protected":false},"featured_media":8620,"template":"","meta":[],"product_cat":[15],"product_tag":[129,1871],"_links":{"self":[{"href":"https:\/\/www.bazarmerlin.com\/inicio\/wp-json\/wp\/v2\/product\/8619"}],"collection":[{"href":"https:\/\/www.bazarmerlin.com\/inicio\/wp-json\/wp\/v2\/product"}],"about":[{"href":"https:\/\/www.bazarmerlin.com\/inicio\/wp-json\/wp\/v2\/types\/product"}],"wp:featuredmedia":[{"embeddable":true,"href":"https:\/\/www.bazarmerlin.com\/inicio\/wp-json\/wp\/v2\/media\/8620"}],"wp:attachment":[{"href":"https:\/\/www.bazarmerlin.com\/inicio\/wp-json\/wp\/v2\/media?parent=8619"}],"wp:term":[{"taxonomy":"product_cat","embeddable":true,"href":"https:\/\/www.bazarmerlin.com\/inicio\/wp-json\/wp\/v2\/product_cat?post=8619"},{"taxonomy":"product_tag","embeddable":true,"href":"https:\/\/www.bazarmerlin.com\/inicio\/wp-json\/wp\/v2\/product_tag?post=8619"}],"curies":[{"name":"wp","href":"https:\/\/api.w.org\/{rel}","templated":true}]}}