{"id":863,"date":"2015-07-03T19:22:08","date_gmt":"2015-07-03T19:22:08","guid":{"rendered":"https:\/\/www.bazarmerlin.com\/inicio\/?post_type=product&#038;p=863"},"modified":"2022-11-11T22:02:53","modified_gmt":"2022-11-11T22:02:53","slug":"poderoso-talisman-con-el-mantra-om-plata-pura-0-925","status":"publish","type":"product","link":"https:\/\/www.bazarmerlin.com\/inicio\/producto\/poderoso-talisman-con-el-mantra-om-plata-pura-0-925\/","title":{"rendered":"Poderoso Talisman Del El Mantra Om &#8211; Fina Plata"},"content":{"rendered":"<p><strong>PODEROSO TALISM\u00c1N DEL EL MANTA OM<\/strong><br \/>\n<strong>EL M\u00c1S FUERTE Y PODEROSO<\/strong><br \/>\n<strong>FINA PLATA<\/strong><\/p>\n<p>&nbsp;<\/p>\n<p>Ahora plasmado en un hermoso TALISM\u00c1N en PLATA PURA. Este poderoso Talism\u00e1n te ayuda a quitar o romper cualquier da\u00f1o a tu persona as\u00ed como darte protecci\u00f3n y suerte en todo<\/p>\n<p>Es la madre de todos los mantras.<br \/>\nLa S\u00edlaba Suprema, la madre de todos los sonidos.<br \/>\nSignifica Madre, Matriz, principio o prototipo.<br \/>\nOM es el sonido de donde el mundo proviene<\/p>\n<p>LA S\u00cdLABA SAGRADA OM significa unidad con lo supremo, la combinaci\u00f3n de lo f\u00edsico con lo espiritual, el primer sonido del Todopoderoso, el sonido del que emergen todos los dem\u00e1s sonidos, ya sean de la m\u00fasica o del lenguaje.<br \/>\nS\u00cdMBOLO DEL MANTRA OM.<\/p>\n<p>SIMBOLIZA EL DIVINO BRAHMAN Y EL UNIVERSO ENTERO.<br \/>\nTodo, lo existente y lo no existente, puede ser controlado al pronunciar esta s\u00edlaba sagrada OM. Los hinduistas creen que el mantra OM es eficaz para eliminar los errores en los sacrificios de fuego y de otros tipos. La meditaci\u00f3n en el OM satisface todas las necesidades y lleva al moksha (liberaci\u00f3n espiritual).<\/p>\n<p>&nbsp;<\/p>\n<p>&nbsp;<\/p>\n<p><strong>BAZAR MERL\u00cdN<\/strong><br \/>\n<strong>El Lugar M\u00e1s M\u00edstico de Guadalajara<\/strong><br \/>\n<strong>ENVIAMOS A TODO M\u00c9XICO&#8230;<\/strong><\/p>\n<!-- AddThis Advanced Settings generic via filter on the_content --><!-- AddThis Share Buttons generic via filter on the_content -->","protected":false},"excerpt":{"rendered":"<p>PODEROSO TALISM\u00c1N DEL EL MANTA OM EL M\u00c1S FUERTE Y PODEROSO FINA PLATA &nbsp; Ahora plasmado en un hermoso TALISM\u00c1N en PLATA PURA. Este poderoso Talism\u00e1n te ayuda a quitar o romper cualquier da\u00f1o a tu persona as\u00ed como darte protecci\u00f3n y suerte en todo Es la madre de todos los mantras. La S\u00edlaba Suprema,&hellip;<!-- AddThis Advanced Settings generic via filter on get_the_excerpt --><!-- AddThis Share Buttons generic via filter on get_the_excerpt --><\/p>\n","protected":false},"featured_media":10717,"template":"","meta":[],"product_cat":[12],"product_tag":[648,647],"_links":{"self":[{"href":"https:\/\/www.bazarmerlin.com\/inicio\/wp-json\/wp\/v2\/product\/863"}],"collection":[{"href":"https:\/\/www.bazarmerlin.com\/inicio\/wp-json\/wp\/v2\/product"}],"about":[{"href":"https:\/\/www.bazarmerlin.com\/inicio\/wp-json\/wp\/v2\/types\/product"}],"wp:featuredmedia":[{"embeddable":true,"href":"https:\/\/www.bazarmerlin.com\/inicio\/wp-json\/wp\/v2\/media\/10717"}],"wp:attachment":[{"href":"https:\/\/www.bazarmerlin.com\/inicio\/wp-json\/wp\/v2\/media?parent=863"}],"wp:term":[{"taxonomy":"product_cat","embeddable":true,"href":"https:\/\/www.bazarmerlin.com\/inicio\/wp-json\/wp\/v2\/product_cat?post=863"},{"taxonomy":"product_tag","embeddable":true,"href":"https:\/\/www.bazarmerlin.com\/inicio\/wp-json\/wp\/v2\/product_tag?post=863"}],"curies":[{"name":"wp","href":"https:\/\/api.w.org\/{rel}","templated":true}]}}