{"id":8631,"date":"2022-05-19T17:52:59","date_gmt":"2022-05-19T17:52:59","guid":{"rendered":"https:\/\/www.bazarmerlin.com\/inicio\/?post_type=product&#038;p=8631"},"modified":"2022-10-26T00:01:06","modified_gmt":"2022-10-26T00:01:06","slug":"8631","status":"publish","type":"product","link":"https:\/\/www.bazarmerlin.com\/inicio\/producto\/8631\/","title":{"rendered":"Or\u00e1culo Sabidur\u00eda De Los Reinos Ocultos &#8211; 44 Cartas Y Libro"},"content":{"rendered":"<p><strong>OR\u00c1CULO SABIDUR\u00cdA DE LOS REINOS OCULTOS<\/strong><br \/>\n<em><strong>44 BELLAS CARTAS Y LIBRO.<\/strong><\/em><\/p>\n<p>&nbsp;<\/p>\n<p>P\u00e1ginas: 160<\/p>\n<p><em>UN PUENTE DE ARMON\u00cdA ENTRE LA NATURALEZA Y EL ESP\u00cdRITU&#8230;<\/em><\/p>\n<p>\u00a1Imagina! Antes de que todo quedase registrado por escrito, los antiguos forjaron un pacto divino entre los seres humanos y los m\u00edsticos reinos ocultos que conectan el mundo de la Naturaleza con el del Esp\u00edritu, ambas partes acordaron respetar esta eterna Alianza Sagrada y mantener la armon\u00eda y el equilibrio.<\/p>\n<p>El acuerdo garantizaba que cuando nosotros solicit\u00e1semos consejo para manifestar nuestra realidad, ellos nos ayudar\u00edan a encontrar nuestro camino para el mayor bien de todos, pero con el paso del tiempo, la humanidad se apart\u00f3 del mundo natural y de las realidades invisibles\u2026 y el v\u00ednculo entre estos \u00e1mbitos se debilit\u00f3.<\/p>\n<p>Ahora que nuestras preocupaciones globales se est\u00e1n volviendo cada vez m\u00e1s acuciantes, los reinos ocultos han decidido acercarse a nosotros nuevamente para ayudarnos a descubrir nuestro aut\u00e9ntico prop\u00f3sito vital. Las cartas de este or\u00e1culo nos presentan a sus reinas y reyes, princesas y pr\u00edncipes y otros ayudantes m\u00e1gicos. Si se lo permites, la Reina Cisne te indicar\u00e1 el camino de la transformaci\u00f3n, el Maestro Arquero te ayudar\u00e1 a lograr tus objetivos, y la Uni\u00f3n Sagrada apelar\u00e1 a tu profundo anhelo de amor.<\/p>\n<p>Su lema es Pedid y se os dar\u00e1, por el bien supremo.<br \/>\nSi recurres a ellos, te responder\u00e1n.<\/p>\n<p>&nbsp;<\/p>\n<p><strong>BAZAR MERLIN<\/strong><br \/>\n<strong>El Lugar M\u00e1s M\u00edstico de Guadalajara<\/strong><br \/>\n<strong>ENVIAMOS A TODO M\u00c9XICO&#8230;<\/strong><\/p>\n<!-- AddThis Advanced Settings generic via filter on the_content --><!-- AddThis Share Buttons generic via filter on the_content -->","protected":false},"excerpt":{"rendered":"<p>OR\u00c1CULO SABIDUR\u00cdA DE LOS REINOS OCULTOS 44 BELLAS CARTAS Y LIBRO. &nbsp; P\u00e1ginas: 160 UN PUENTE DE ARMON\u00cdA ENTRE LA NATURALEZA Y EL ESP\u00cdRITU&#8230; \u00a1Imagina! Antes de que todo quedase registrado por escrito, los antiguos forjaron un pacto divino entre los seres humanos y los m\u00edsticos reinos ocultos que conectan el mundo de la Naturaleza&hellip;<!-- AddThis Advanced Settings generic via filter on get_the_excerpt --><!-- AddThis Share Buttons generic via filter on get_the_excerpt --><\/p>\n","protected":false},"featured_media":10461,"template":"","meta":[],"product_cat":[15],"product_tag":[1874],"_links":{"self":[{"href":"https:\/\/www.bazarmerlin.com\/inicio\/wp-json\/wp\/v2\/product\/8631"}],"collection":[{"href":"https:\/\/www.bazarmerlin.com\/inicio\/wp-json\/wp\/v2\/product"}],"about":[{"href":"https:\/\/www.bazarmerlin.com\/inicio\/wp-json\/wp\/v2\/types\/product"}],"wp:featuredmedia":[{"embeddable":true,"href":"https:\/\/www.bazarmerlin.com\/inicio\/wp-json\/wp\/v2\/media\/10461"}],"wp:attachment":[{"href":"https:\/\/www.bazarmerlin.com\/inicio\/wp-json\/wp\/v2\/media?parent=8631"}],"wp:term":[{"taxonomy":"product_cat","embeddable":true,"href":"https:\/\/www.bazarmerlin.com\/inicio\/wp-json\/wp\/v2\/product_cat?post=8631"},{"taxonomy":"product_tag","embeddable":true,"href":"https:\/\/www.bazarmerlin.com\/inicio\/wp-json\/wp\/v2\/product_tag?post=8631"}],"curies":[{"name":"wp","href":"https:\/\/api.w.org\/{rel}","templated":true}]}}