{"id":8637,"date":"2022-05-19T18:50:50","date_gmt":"2022-05-19T18:50:50","guid":{"rendered":"https:\/\/www.bazarmerlin.com\/inicio\/?post_type=product&#038;p=8637"},"modified":"2022-10-20T00:02:41","modified_gmt":"2022-10-20T00:02:41","slug":"oraculo-de-la-luna-guia-segun-los-ciclos-72-cartas-y-libro","status":"publish","type":"product","link":"https:\/\/www.bazarmerlin.com\/inicio\/producto\/oraculo-de-la-luna-guia-segun-los-ciclos-72-cartas-y-libro\/","title":{"rendered":"Or\u00e1culo De La Luna &#8211; Guia Segun Los Ciclos 72 Cartas Y Libro"},"content":{"rendered":"<p><strong>EL OR\u00c1CULO DE LA LUNA<\/strong><\/p>\n<p><em><strong>72 cartas bellamente ilustradas y<\/strong><\/em><br \/>\n<em><strong>Libro Manual.<\/strong><\/em><\/p>\n<p>&nbsp;<\/p>\n<p>El or\u00e1culo de la luna es un m\u00e9todo de adivinaci\u00f3n muy original y f\u00e1cil de usar, y tambi\u00e9n una amena introducci\u00f3n a la astrolog\u00eda lunar con la que podr\u00e1s comprender los ritmos de la Luna, adaptar tu vida a sus fluctuantes cambios y hacer profundas lecturas adivinatorias.<\/p>\n<p>La baraja contiene un total de 72 cartas bellamente ilustradas: 32 de ellas se refieren a las ocho fases de la Luna en cada uno de los 4 elementos astrol\u00f3gicos; 28 describen las casas lunares y 12 est\u00e1n dedicadas a las Diosas de la Luna. El libro explica e interpreta en detalle cada carta, ense\u00f1a diferentes m\u00e9todos de lectura e incluye tablas para determinar la fase exacta y el signo astrol\u00f3gico en el que se encontrar\u00e1 la Luna en los pr\u00f3ximos a\u00f1os.<\/p>\n<p>&nbsp;<\/p>\n<p>&nbsp;<\/p>\n<p><strong>BAZAR MERLIN\u00ae<\/strong><br \/>\n<strong>El Lugar M\u00e1s M\u00edstico de Guadalajara<\/strong><br \/>\n<strong>ENVIAMOS A TODO M\u00c9XICO&#8230;<\/strong><\/p>\n<!-- AddThis Advanced Settings generic via filter on the_content --><!-- AddThis Share Buttons generic via filter on the_content -->","protected":false},"excerpt":{"rendered":"<p>EL OR\u00c1CULO DE LA LUNA 72 cartas bellamente ilustradas y Libro Manual. &nbsp; El or\u00e1culo de la luna es un m\u00e9todo de adivinaci\u00f3n muy original y f\u00e1cil de usar, y tambi\u00e9n una amena introducci\u00f3n a la astrolog\u00eda lunar con la que podr\u00e1s comprender los ritmos de la Luna, adaptar tu vida a sus fluctuantes cambios&hellip;<!-- AddThis Advanced Settings generic via filter on get_the_excerpt --><!-- AddThis Share Buttons generic via filter on get_the_excerpt --><\/p>\n","protected":false},"featured_media":10442,"template":"","meta":[],"product_cat":[15],"product_tag":[1876,1875],"_links":{"self":[{"href":"https:\/\/www.bazarmerlin.com\/inicio\/wp-json\/wp\/v2\/product\/8637"}],"collection":[{"href":"https:\/\/www.bazarmerlin.com\/inicio\/wp-json\/wp\/v2\/product"}],"about":[{"href":"https:\/\/www.bazarmerlin.com\/inicio\/wp-json\/wp\/v2\/types\/product"}],"wp:featuredmedia":[{"embeddable":true,"href":"https:\/\/www.bazarmerlin.com\/inicio\/wp-json\/wp\/v2\/media\/10442"}],"wp:attachment":[{"href":"https:\/\/www.bazarmerlin.com\/inicio\/wp-json\/wp\/v2\/media?parent=8637"}],"wp:term":[{"taxonomy":"product_cat","embeddable":true,"href":"https:\/\/www.bazarmerlin.com\/inicio\/wp-json\/wp\/v2\/product_cat?post=8637"},{"taxonomy":"product_tag","embeddable":true,"href":"https:\/\/www.bazarmerlin.com\/inicio\/wp-json\/wp\/v2\/product_tag?post=8637"}],"curies":[{"name":"wp","href":"https:\/\/api.w.org\/{rel}","templated":true}]}}