{"id":8654,"date":"2022-05-19T21:25:10","date_gmt":"2022-05-19T21:25:10","guid":{"rendered":"https:\/\/www.bazarmerlin.com\/inicio\/?post_type=product&#038;p=8654"},"modified":"2022-10-21T20:42:35","modified_gmt":"2022-10-21T20:42:35","slug":"pack-2-tarots-rider-y-marsella-profesionales-de-78-cartas","status":"publish","type":"product","link":"https:\/\/www.bazarmerlin.com\/inicio\/producto\/pack-2-tarots-rider-y-marsella-profesionales-de-78-cartas\/","title":{"rendered":"Pack 2 Tarots Rider Y Marsella Profesionales De 78 Cartas"},"content":{"rendered":"<p><strong>KIT 2 TAROTS &#8211; RIDER Y MARSELLA CON MANUAL INCLU\u00cdDOS<\/strong><\/p>\n<p>&nbsp;<\/p>\n<p>1 TAROT RIDER.<br \/>\n1 TAROT MARSELLA.<\/p>\n<p>Mazos con 78 cartas plastificadas impresas a todo color.<br \/>\n22 arcanos mayores y 56 arcanos menores.<br \/>\nUtilizable con todos los textos sobre el tema.<\/p>\n<p>&nbsp;<\/p>\n<p>&nbsp;<\/p>\n<p><strong>BAZAR MERL\u00cdN\u00ae<\/strong><br \/>\n<strong>El Lugar M\u00e1s M\u00edstico de Guadalajara<\/strong><br \/>\n<strong>ENVIAMOS A TODO M\u00c9XICO&#8230;<\/strong><\/p>\n<!-- AddThis Advanced Settings generic via filter on the_content --><!-- AddThis Share Buttons generic via filter on the_content -->","protected":false},"excerpt":{"rendered":"<p>KIT 2 TAROTS &#8211; RIDER Y MARSELLA CON MANUAL INCLU\u00cdDOS &nbsp; 1 TAROT RIDER. 1 TAROT MARSELLA. Mazos con 78 cartas plastificadas impresas a todo color. 22 arcanos mayores y 56 arcanos menores. Utilizable con todos los textos sobre el tema. &nbsp; &nbsp; BAZAR MERL\u00cdN\u00ae El Lugar M\u00e1s M\u00edstico de Guadalajara ENVIAMOS A TODO M\u00c9XICO&#8230;<!-- AddThis Advanced Settings generic via filter on get_the_excerpt --><!-- AddThis Share Buttons generic via filter on get_the_excerpt --><\/p>\n","protected":false},"featured_media":10476,"template":"","meta":[],"product_cat":[15],"product_tag":[1881],"_links":{"self":[{"href":"https:\/\/www.bazarmerlin.com\/inicio\/wp-json\/wp\/v2\/product\/8654"}],"collection":[{"href":"https:\/\/www.bazarmerlin.com\/inicio\/wp-json\/wp\/v2\/product"}],"about":[{"href":"https:\/\/www.bazarmerlin.com\/inicio\/wp-json\/wp\/v2\/types\/product"}],"wp:featuredmedia":[{"embeddable":true,"href":"https:\/\/www.bazarmerlin.com\/inicio\/wp-json\/wp\/v2\/media\/10476"}],"wp:attachment":[{"href":"https:\/\/www.bazarmerlin.com\/inicio\/wp-json\/wp\/v2\/media?parent=8654"}],"wp:term":[{"taxonomy":"product_cat","embeddable":true,"href":"https:\/\/www.bazarmerlin.com\/inicio\/wp-json\/wp\/v2\/product_cat?post=8654"},{"taxonomy":"product_tag","embeddable":true,"href":"https:\/\/www.bazarmerlin.com\/inicio\/wp-json\/wp\/v2\/product_tag?post=8654"}],"curies":[{"name":"wp","href":"https:\/\/api.w.org\/{rel}","templated":true}]}}