{"id":8661,"date":"2022-05-19T22:38:26","date_gmt":"2022-05-19T22:38:26","guid":{"rendered":"https:\/\/www.bazarmerlin.com\/inicio\/?post_type=product&#038;p=8661"},"modified":"2022-10-20T22:24:28","modified_gmt":"2022-10-20T22:24:28","slug":"oraculo-del-tao-libro-y-64-cartas-nueva-edicion","status":"publish","type":"product","link":"https:\/\/www.bazarmerlin.com\/inicio\/producto\/oraculo-del-tao-libro-y-64-cartas-nueva-edicion\/","title":{"rendered":"Or\u00e1culo Del Tao &#8211; Libro Y 64 Cartas &#8211; Nueva Edici\u00f3n"},"content":{"rendered":"<p><strong>ORACULO DEL TAO<\/strong><br \/>\n<em><strong>64 Cartas y Libro. Nueva edici\u00f3n<\/strong><\/em><\/p>\n<p>&nbsp;<\/p>\n<p>UN NUEVO Y REVELADOR ENFOQUE DEL I CHING<\/p>\n<p>El Or\u00e1culo del Tao es un tapiz iluminado del I Ching, una nueva y bella creaci\u00f3n para la transformaci\u00f3n y el crecimiento personal realizada por la reconocida artista Ma Deva Padma, creadora tambi\u00e9n del admirable Tarot Osho Zen. El Or\u00e1culo del Tao proporciona un nuevo y revelador acercamiento a la ancestral sabidur\u00eda del I Ching, con un enfoque enriquecido y f\u00e1cilmente asequible a los hombres y mujeres de este milenio.<\/p>\n<p>La meditaci\u00f3n es un giro de ciento ochenta grados que potencia nuestra capacidad de confiar, gracias a que nos conecta con una silenciosa fuerza superior que nos gu\u00eda mediante su inmensa sabidur\u00eda y su capacidad de apoyo y sustento. Relajarse en el despliegue del flujo del Tao es sentirse en casa en medio de la vida. Esta meditaci\u00f3n nos transporta al denominado punto inm\u00f3vil, al centro del ser, al gran silencio, a las cumbres del Himalaya interno.<\/p>\n<p>&nbsp;<\/p>\n<p>&nbsp;<\/p>\n<p><strong>BAZAR MERLIN<\/strong><br \/>\n<strong>El Lugar M\u00e1s M\u00edstico de Guadalajara<\/strong><br \/>\n<strong>ENVIAMOS A TODO M\u00c9XICO&#8230;<\/strong><\/p>\n<!-- AddThis Advanced Settings generic via filter on the_content --><!-- AddThis Share Buttons generic via filter on the_content -->","protected":false},"excerpt":{"rendered":"<p>ORACULO DEL TAO 64 Cartas y Libro. Nueva edici\u00f3n &nbsp; UN NUEVO Y REVELADOR ENFOQUE DEL I CHING El Or\u00e1culo del Tao es un tapiz iluminado del I Ching, una nueva y bella creaci\u00f3n para la transformaci\u00f3n y el crecimiento personal realizada por la reconocida artista Ma Deva Padma, creadora tambi\u00e9n del admirable Tarot Osho&hellip;<!-- AddThis Advanced Settings generic via filter on get_the_excerpt --><!-- AddThis Share Buttons generic via filter on get_the_excerpt --><\/p>\n","protected":false},"featured_media":10450,"template":"","meta":[],"product_cat":[15],"product_tag":[1883,1884,1882],"_links":{"self":[{"href":"https:\/\/www.bazarmerlin.com\/inicio\/wp-json\/wp\/v2\/product\/8661"}],"collection":[{"href":"https:\/\/www.bazarmerlin.com\/inicio\/wp-json\/wp\/v2\/product"}],"about":[{"href":"https:\/\/www.bazarmerlin.com\/inicio\/wp-json\/wp\/v2\/types\/product"}],"wp:featuredmedia":[{"embeddable":true,"href":"https:\/\/www.bazarmerlin.com\/inicio\/wp-json\/wp\/v2\/media\/10450"}],"wp:attachment":[{"href":"https:\/\/www.bazarmerlin.com\/inicio\/wp-json\/wp\/v2\/media?parent=8661"}],"wp:term":[{"taxonomy":"product_cat","embeddable":true,"href":"https:\/\/www.bazarmerlin.com\/inicio\/wp-json\/wp\/v2\/product_cat?post=8661"},{"taxonomy":"product_tag","embeddable":true,"href":"https:\/\/www.bazarmerlin.com\/inicio\/wp-json\/wp\/v2\/product_tag?post=8661"}],"curies":[{"name":"wp","href":"https:\/\/api.w.org\/{rel}","templated":true}]}}