{"id":8668,"date":"2022-05-19T23:00:00","date_gmt":"2022-05-19T23:00:00","guid":{"rendered":"https:\/\/www.bazarmerlin.com\/inicio\/?post_type=product&#038;p=8668"},"modified":"2022-10-24T21:07:51","modified_gmt":"2022-10-24T21:07:51","slug":"tarot-de-los-orishas-77-cartas-libro-diagrama-de-lectura","status":"publish","type":"product","link":"https:\/\/www.bazarmerlin.com\/inicio\/producto\/tarot-de-los-orishas-77-cartas-libro-diagrama-de-lectura\/","title":{"rendered":"Tarot De Los Orishas 77 Cartas + Libro + Diagrama De Lectura"},"content":{"rendered":"<p><strong>EL TAROT DE LOS ORISHAS<\/strong><br \/>\n<em><strong>Una potente combinaci\u00f3n de santer\u00eda, candombl\u00e9 y tarot<\/strong><\/em><\/p>\n<p>&nbsp;<\/p>\n<p>&nbsp;<\/p>\n<p>(Libro Gu\u00eda y 77 cartas)<\/p>\n<p>LIBRO + CARTAS DEL TAROT DE LOS ORISHAS +<br \/>\nDIAGRAMA EN PAPEL PARA MEDITACI\u00d3N Y LECTURAS<\/p>\n<p>El tarot de los orishas es el \u00fanico mazo de cartas de tarot de origen yoruba. Este tarot te permitir\u00e1 emplear las poderosas energ\u00edas de la santer\u00eda el candombl\u00e9 brasilero, religi\u00f3n que se origin\u00f3 en el pueblo yoruba del oeste de \u00c1frica. El libro funciona como una gu\u00eda transformadora que abre la puerta al significado y origen de cada una de sus 77 maravillosas cartas, ilustradas con llamativos colores.<\/p>\n<p>Las 13 primeras cartas de la Arcana Mayor describen los seres sobrenaturales u \u00aborishas\u00bb, que representan arquetipos sagrados de intensa energ\u00eda. Las otras 12 cartas de la Arcana Mayor retratan s\u00edmbolos como el Karma, la Tierra y el \u00c1ngel de la Guarda. Las 52 cartas de la Arcana Menor, por su parte, est\u00e1n divididas en cuatro elementos: Agua, Tierra, Fuego y Aire.<\/p>\n<p>Este rico e imponente tarot incorpora im\u00e1genes del candombl\u00e9, la numerolog\u00eda, la astrolog\u00eda y otros aspectos de la metaf\u00edsica para describir arquetipos capaces de invocar fuerzas espirituales, gracias a las cuales descubriremos los misterios de la Vida y las energ\u00edas sagradas que modelan nuestra existencia. Considerado por muchos como una herramienta altamente poderosa para la magia y la adivinaci\u00f3n, El tarot de los orishas ilumina tus propios misterios a trav\u00e9s de im\u00e1genes e historias que se enriquecen constantemente con el tiempo.<\/p>\n<p>&nbsp;<\/p>\n<p>&nbsp;<\/p>\n<p><strong>BAZAR MERLIN\u00ae<\/strong><br \/>\n<strong>El Lugar M\u00e1s M\u00edstico de Guadalajara<\/strong><br \/>\n<strong>ENVIAMOS A TODO M\u00c9XICO&#8230;<\/strong><\/p>\n<!-- AddThis Advanced Settings generic via filter on the_content --><!-- AddThis Share Buttons generic via filter on the_content -->","protected":false},"excerpt":{"rendered":"<p>EL TAROT DE LOS ORISHAS Una potente combinaci\u00f3n de santer\u00eda, candombl\u00e9 y tarot &nbsp; &nbsp; (Libro Gu\u00eda y 77 cartas) LIBRO + CARTAS DEL TAROT DE LOS ORISHAS + DIAGRAMA EN PAPEL PARA MEDITACI\u00d3N Y LECTURAS El tarot de los orishas es el \u00fanico mazo de cartas de tarot de origen yoruba. Este tarot te&hellip;<!-- AddThis Advanced Settings generic via filter on get_the_excerpt --><!-- AddThis Share Buttons generic via filter on get_the_excerpt --><\/p>\n","protected":false},"featured_media":10525,"template":"","meta":[],"product_cat":[15],"product_tag":[1888],"_links":{"self":[{"href":"https:\/\/www.bazarmerlin.com\/inicio\/wp-json\/wp\/v2\/product\/8668"}],"collection":[{"href":"https:\/\/www.bazarmerlin.com\/inicio\/wp-json\/wp\/v2\/product"}],"about":[{"href":"https:\/\/www.bazarmerlin.com\/inicio\/wp-json\/wp\/v2\/types\/product"}],"wp:featuredmedia":[{"embeddable":true,"href":"https:\/\/www.bazarmerlin.com\/inicio\/wp-json\/wp\/v2\/media\/10525"}],"wp:attachment":[{"href":"https:\/\/www.bazarmerlin.com\/inicio\/wp-json\/wp\/v2\/media?parent=8668"}],"wp:term":[{"taxonomy":"product_cat","embeddable":true,"href":"https:\/\/www.bazarmerlin.com\/inicio\/wp-json\/wp\/v2\/product_cat?post=8668"},{"taxonomy":"product_tag","embeddable":true,"href":"https:\/\/www.bazarmerlin.com\/inicio\/wp-json\/wp\/v2\/product_tag?post=8668"}],"curies":[{"name":"wp","href":"https:\/\/api.w.org\/{rel}","templated":true}]}}