{"id":867,"date":"2015-07-03T19:27:05","date_gmt":"2015-07-03T19:27:05","guid":{"rendered":"https:\/\/www.bazarmerlin.com\/inicio\/?post_type=product&#038;p=867"},"modified":"2022-11-10T23:53:59","modified_gmt":"2022-11-10T23:53:59","slug":"pentagrama-mini-con-los-7-metales-visibles","status":"publish","type":"product","link":"https:\/\/www.bazarmerlin.com\/inicio\/producto\/pentagrama-mini-con-los-7-metales-visibles\/","title":{"rendered":"Pentagrama Mini Con Los 7 Metales Visibles"},"content":{"rendered":"<p><strong>PENTAGRAMA EN RESINA TAMA\u00d1O MINI<\/strong><br \/>\n<strong>CON 7 METALES VISIBLES.<\/strong><\/p>\n<p>&nbsp;<\/p>\n<p>( Tama\u00f1o 1.5 CMS De Di\u00e1metro )<\/p>\n<p>ATRAE DINERO, NEGOCIOS, SUERTE Y PROTECCI\u00d3N CON ESTE AMULETO IMPORTADO<\/p>\n<p>EL PODEROSO PENTAGRAMA REFORZADO te ayudar\u00e1 a obtener todo lo que siempre has so\u00f1ado como PODER, AMOR, DINERO Y SALUD. Te ayudara a OBTENER EL \u00c9xito en todos los aspectos de tu vida.<\/p>\n<p>*\u00bfTu situaci\u00f3n personal o financiera est\u00e1n en un punto cr\u00edtico?<\/p>\n<p>*\u00bfSientes ser victima de un trabajo oscuro de alg\u00fan enemigo?<\/p>\n<p>*\u00bfHas intentado casi todo, incluso magia y no ves cambios?<\/p>\n<p>El Pentagrama Esot\u00e9rico con la punta superior hacia arriba sirve para hacer huir a los tenebrosos. Puesto en el umbral de la puerta con la punta superior hacia dentro y los dos \u00e1ngulos inferiores hacia fuera no permiten el paso a los magos negros. El Pentagrama es la Estrella Flam\u00edgera.<\/p>\n<p>Este poderoso pentagrama o tetragr\u00e1maton, esta fabricado y tallado a mano, pintado y detallado a mano, reforzado con el esp\u00edritu santo y la triada como con una circonia espiritual ademas contiene los 7 metales alqu\u00edmicos visibles como una aleaci\u00f3n de siete metales que corresponden a los siete planetas esot\u00e9ricos:.<\/p>\n<p>Plata para la Luna.<br \/>\nAzogue para el Mercurio.<br \/>\nCobre para Venus.<br \/>\nOro para el Sol.<br \/>\nHierro para Marte.<br \/>\nEsta\u00f1o para J\u00fapiter.<br \/>\nPlomo para Saturno.<\/p>\n<p>\u00bfPOR QUE ES TAN PODEROSO ESTE TALISMAN? Por la simbolog\u00eda que encierra. Este talisman se prepara y ritualiza con decretos y rituales de ALTA MAGIA que le ayuda a aumentar su poder de protecci\u00f3n. Adem\u00e1s est\u00e1 realizado en aleaci\u00f3n de 7 metales que corresponden a los 7 planetas alqu\u00edmicos ya mencionados.<\/p>\n<p>( Tama\u00f1o 1.5 CMS De Di\u00e1metro )<\/p>\n<p>&nbsp;<\/p>\n<p>&nbsp;<\/p>\n<p><strong>BAZAR MERL\u00cdN<\/strong><br \/>\n<strong>El Lugar M\u00e1s M\u00edstico de Guadalajara<\/strong><br \/>\n<strong>ENVIAMOS A TODO M\u00c9XICO <\/strong><\/p>\n<!-- AddThis Advanced Settings generic via filter on the_content --><!-- AddThis Share Buttons generic via filter on the_content -->","protected":false},"excerpt":{"rendered":"<p>PENTAGRAMA EN RESINA TAMA\u00d1O MINI CON 7 METALES VISIBLES. &nbsp; ( Tama\u00f1o 1.5 CMS De Di\u00e1metro ) ATRAE DINERO, NEGOCIOS, SUERTE Y PROTECCI\u00d3N CON ESTE AMULETO IMPORTADO EL PODEROSO PENTAGRAMA REFORZADO te ayudar\u00e1 a obtener todo lo que siempre has so\u00f1ado como PODER, AMOR, DINERO Y SALUD. Te ayudara a OBTENER EL \u00c9xito en todos&hellip;<!-- AddThis Advanced Settings generic via filter on get_the_excerpt --><!-- AddThis Share Buttons generic via filter on get_the_excerpt --><\/p>\n","protected":false},"featured_media":10712,"template":"","meta":[],"product_cat":[12],"product_tag":[651],"_links":{"self":[{"href":"https:\/\/www.bazarmerlin.com\/inicio\/wp-json\/wp\/v2\/product\/867"}],"collection":[{"href":"https:\/\/www.bazarmerlin.com\/inicio\/wp-json\/wp\/v2\/product"}],"about":[{"href":"https:\/\/www.bazarmerlin.com\/inicio\/wp-json\/wp\/v2\/types\/product"}],"wp:featuredmedia":[{"embeddable":true,"href":"https:\/\/www.bazarmerlin.com\/inicio\/wp-json\/wp\/v2\/media\/10712"}],"wp:attachment":[{"href":"https:\/\/www.bazarmerlin.com\/inicio\/wp-json\/wp\/v2\/media?parent=867"}],"wp:term":[{"taxonomy":"product_cat","embeddable":true,"href":"https:\/\/www.bazarmerlin.com\/inicio\/wp-json\/wp\/v2\/product_cat?post=867"},{"taxonomy":"product_tag","embeddable":true,"href":"https:\/\/www.bazarmerlin.com\/inicio\/wp-json\/wp\/v2\/product_tag?post=867"}],"curies":[{"name":"wp","href":"https:\/\/api.w.org\/{rel}","templated":true}]}}