{"id":8671,"date":"2022-05-19T23:19:06","date_gmt":"2022-05-19T23:19:06","guid":{"rendered":"https:\/\/www.bazarmerlin.com\/inicio\/?post_type=product&#038;p=8671"},"modified":"2022-10-24T23:24:35","modified_gmt":"2022-10-24T23:24:35","slug":"tarot-medieval-de-scapini-hermosas-cartas-y-libro-manual","status":"publish","type":"product","link":"https:\/\/www.bazarmerlin.com\/inicio\/producto\/tarot-medieval-de-scapini-hermosas-cartas-y-libro-manual\/","title":{"rendered":"Tarot Medieval De Scapini &#8211; Hermosas Cartas Y Libro Manual"},"content":{"rendered":"<div class=\"ui-pdp-container__row ui-pdp-container__row--description\">\n<div class=\"ui-pdp-description\">\n<p class=\"ui-pdp-description__content\"><strong>TAROT MEDIEVAL DE SCAPINI<\/strong><br \/>\n<em><strong>(LIBRO Y 78 BELLAS CARTAS)<\/strong><\/em><\/p>\n<\/div>\n<p>&nbsp;<\/p>\n<div class=\"ui-pdp-description\">\n<p>Palao Pons, Pedro\/Nuag, J.L<\/p>\n<p>Con las cartas originales de Luigi Scapini<br \/>\nEl TAROT MEDIEVAL DE SCAPINI es una exquisita recreaci\u00f3n de las cartas originales de Cary-Yale y de Pierpont Morgan-Bergamo, elaboradas en el siglo XV. Este tarot, pintado a mano por el genial Luigi Scapini, posee un simbolismo muy sugerente, capaz de conectar con el subconsciente del consultante y de dotar de una gran profundidad a la lectura, habi\u00e9ndose convertido en uno de los tarots m\u00e1s sobresalientes. EL LIBRO interpreta y esclarece la imaginer\u00eda m\u00edstica, m\u00e1gica y simb\u00f3lica de las cartas del Tarot Medieval Scapini.<\/p>\n<p>La riqueza y el simbolismo de su TAROT lo convierten en una obra indispensable para situar al consultante en la \u00e9poca medieval. LUIGI SCAPINI destac\u00f3 en las artes pict\u00f3ricas y escult\u00f3ricas desde temprana edad. A partir de 1964, sus trabajos de imaginer\u00eda, retratos, m\u00e1ndalas y tarots han sido expuestos en muchas de las principales ciudades de Europa y de Am\u00e9rica.<\/p>\n<p>&nbsp;<\/p>\n<\/div>\n<p>&nbsp;<\/p>\n<div class=\"ui-pdp-description\">\n<p><strong>BAZAR MERLIN\u00ae<\/strong><br \/>\n<strong>El Lugar M\u00e1s M\u00edstico de Guadalajara<\/strong><br \/>\n<strong>ENVIAMOS A TODO M\u00c9XICO&#8230;<\/strong><\/p>\n<\/div>\n<\/div>\n<div class=\"ui-pdp-qadb\">\n<h2 class=\"ui-pdp-qadb__title\"><\/h2>\n<\/div>\n<!-- AddThis Advanced Settings generic via filter on the_content --><!-- AddThis Share Buttons generic via filter on the_content -->","protected":false},"excerpt":{"rendered":"<p>TAROT MEDIEVAL DE SCAPINI (LIBRO Y 78 BELLAS CARTAS) &nbsp; Palao Pons, Pedro\/Nuag, J.L Con las cartas originales de Luigi Scapini El TAROT MEDIEVAL DE SCAPINI es una exquisita recreaci\u00f3n de las cartas originales de Cary-Yale y de Pierpont Morgan-Bergamo, elaboradas en el siglo XV. Este tarot, pintado a mano por el genial Luigi Scapini,&hellip;<!-- AddThis Advanced Settings generic via filter on get_the_excerpt --><!-- AddThis Share Buttons generic via filter on get_the_excerpt --><\/p>\n","protected":false},"featured_media":10559,"template":"","meta":[],"product_cat":[15],"product_tag":[1890,1889],"_links":{"self":[{"href":"https:\/\/www.bazarmerlin.com\/inicio\/wp-json\/wp\/v2\/product\/8671"}],"collection":[{"href":"https:\/\/www.bazarmerlin.com\/inicio\/wp-json\/wp\/v2\/product"}],"about":[{"href":"https:\/\/www.bazarmerlin.com\/inicio\/wp-json\/wp\/v2\/types\/product"}],"wp:featuredmedia":[{"embeddable":true,"href":"https:\/\/www.bazarmerlin.com\/inicio\/wp-json\/wp\/v2\/media\/10559"}],"wp:attachment":[{"href":"https:\/\/www.bazarmerlin.com\/inicio\/wp-json\/wp\/v2\/media?parent=8671"}],"wp:term":[{"taxonomy":"product_cat","embeddable":true,"href":"https:\/\/www.bazarmerlin.com\/inicio\/wp-json\/wp\/v2\/product_cat?post=8671"},{"taxonomy":"product_tag","embeddable":true,"href":"https:\/\/www.bazarmerlin.com\/inicio\/wp-json\/wp\/v2\/product_tag?post=8671"}],"curies":[{"name":"wp","href":"https:\/\/api.w.org\/{rel}","templated":true}]}}