{"id":8678,"date":"2022-05-20T17:25:31","date_gmt":"2022-05-20T17:25:31","guid":{"rendered":"https:\/\/www.bazarmerlin.com\/inicio\/?post_type=product&#038;p=8678"},"modified":"2022-11-17T21:53:31","modified_gmt":"2022-11-17T21:53:31","slug":"talisman-trebol-pentagrama-fortuna-suerte-en-juegos-azar","status":"publish","type":"product","link":"https:\/\/www.bazarmerlin.com\/inicio\/producto\/talisman-trebol-pentagrama-fortuna-suerte-en-juegos-azar\/","title":{"rendered":"Talism\u00e1n Tr\u00e9bol Pentagrama &#8211; Fortuna Suerte En Juegos Azar"},"content":{"rendered":"<p><strong>DIJE DE TREBOL DE LA BUENA SUERTE\u00a0<\/strong><br \/>\n<em><strong>ESPECIALMENTE PARA TENER SUERTE EN JUEGOS DE AZAR<\/strong><\/em><br \/>\n<em><strong>REFORZADO CON PENTAGRAMA<\/strong><\/em><\/p>\n<p>&nbsp;<\/p>\n<p>Tama\u00f1o Aproximado: 4 Cms. de Altura<br \/>\nEN BA\u00d1O DE PLATA<\/p>\n<p>Atrae la Suerte en JUEGOS DE AZAR como en todo \u00e1mbito personal, social, laboral, familiar etc.<\/p>\n<p>&nbsp;<\/p>\n<p><strong>BAZAR MERLIN<\/strong><br \/>\n<strong>El Lugar M\u00e1s M\u00edstico de Guadalajara<\/strong><br \/>\n<strong>ENVIAMOS A TODO M\u00c9XICO<\/strong>&#8230;<\/p>\n<!-- AddThis Advanced Settings generic via filter on the_content --><!-- AddThis Share Buttons generic via filter on the_content -->","protected":false},"excerpt":{"rendered":"<p>DIJE DE TREBOL DE LA BUENA SUERTE\u00a0 ESPECIALMENTE PARA TENER SUERTE EN JUEGOS DE AZAR REFORZADO CON PENTAGRAMA &nbsp; Tama\u00f1o Aproximado: 4 Cms. de Altura EN BA\u00d1O DE PLATA Atrae la Suerte en JUEGOS DE AZAR como en todo \u00e1mbito personal, social, laboral, familiar etc. &nbsp; BAZAR MERLIN El Lugar M\u00e1s M\u00edstico de Guadalajara ENVIAMOS&hellip;<!-- AddThis Advanced Settings generic via filter on get_the_excerpt --><!-- AddThis Share Buttons generic via filter on get_the_excerpt --><\/p>\n","protected":false},"featured_media":10767,"template":"","meta":[],"product_cat":[12],"product_tag":[1894,1893],"_links":{"self":[{"href":"https:\/\/www.bazarmerlin.com\/inicio\/wp-json\/wp\/v2\/product\/8678"}],"collection":[{"href":"https:\/\/www.bazarmerlin.com\/inicio\/wp-json\/wp\/v2\/product"}],"about":[{"href":"https:\/\/www.bazarmerlin.com\/inicio\/wp-json\/wp\/v2\/types\/product"}],"wp:featuredmedia":[{"embeddable":true,"href":"https:\/\/www.bazarmerlin.com\/inicio\/wp-json\/wp\/v2\/media\/10767"}],"wp:attachment":[{"href":"https:\/\/www.bazarmerlin.com\/inicio\/wp-json\/wp\/v2\/media?parent=8678"}],"wp:term":[{"taxonomy":"product_cat","embeddable":true,"href":"https:\/\/www.bazarmerlin.com\/inicio\/wp-json\/wp\/v2\/product_cat?post=8678"},{"taxonomy":"product_tag","embeddable":true,"href":"https:\/\/www.bazarmerlin.com\/inicio\/wp-json\/wp\/v2\/product_tag?post=8678"}],"curies":[{"name":"wp","href":"https:\/\/api.w.org\/{rel}","templated":true}]}}