{"id":8690,"date":"2022-05-20T18:16:24","date_gmt":"2022-05-20T18:16:24","guid":{"rendered":"https:\/\/www.bazarmerlin.com\/inicio\/?post_type=product&#038;p=8690"},"modified":"2022-07-08T20:43:36","modified_gmt":"2022-07-08T20:43:36","slug":"riego-de-menta-aumenta-dinero-y-clientela","status":"publish","type":"product","link":"https:\/\/www.bazarmerlin.com\/inicio\/producto\/riego-de-menta-aumenta-dinero-y-clientela\/","title":{"rendered":"Riego De Menta &#8211; Aumenta Dinero Y Clientela"},"content":{"rendered":"<p><strong>RIEGO DE MENTA<\/strong><\/p>\n<p>&nbsp;<\/p>\n<p><em>-Atrae el dinero, Clientela e Incremento de las Utilidades.-<\/em><\/p>\n<p>\u00daselo para dar Felicidad en su Hogar, Comercio o en cualquier Trabajo,<br \/>\nquita Salaciones, Brujer\u00edas, Hechicer\u00edas y mal de ojo, para Atraer el Dinero, protege tu Econom\u00eda y Negocio, adem\u00e1s que abre caminos en todo sentido.<\/p>\n<p>Simplemente \u00faselo para riego cotidiano en su Hogar, Trabajo, Patio&#8230;etc. Poni\u00e9ndolo en cada espacio de los que acostumbre usar, siendo m\u00e1s f\u00e1cil y practico us\u00e1ndolo para realizar el aseo, ya que cubre la mayor parte del lugar.<\/p>\n<p>Al utilizarlo en sus espacios habituales como para realizar la limpieza, podr\u00e1 hacer su efecto m\u00e1s r\u00e1pido al notar un cambio en su entorno y consecuentemente hacia usted mismo, librandole de todo mal, fracasos, pesares y hasta malas rachas.<\/p>\n<p>As\u00ed podr\u00e1 notar una mejora de paz en su Hogar o entorno en el que sea usado, atrayendo DINERO, ABUNDANCIA, ARMON\u00cdA, ESTABILIDAD, SALUD, ETC.<\/p>\n<p>&nbsp;<\/p>\n<p>&nbsp;<\/p>\n<p><strong>BAZAR MERLIN<\/strong><br \/>\n<strong>El Lugar M\u00e1s M\u00edstico de Guadalajara<\/strong><br \/>\n<strong>ENVIAMOS A TODO M\u00c9XICO&#8230;<\/strong><\/p>\n<!-- AddThis Advanced Settings generic via filter on the_content --><!-- AddThis Share Buttons generic via filter on the_content -->","protected":false},"excerpt":{"rendered":"<p>RIEGO DE MENTA &nbsp; -Atrae el dinero, Clientela e Incremento de las Utilidades.- \u00daselo para dar Felicidad en su Hogar, Comercio o en cualquier Trabajo, quita Salaciones, Brujer\u00edas, Hechicer\u00edas y mal de ojo, para Atraer el Dinero, protege tu Econom\u00eda y Negocio, adem\u00e1s que abre caminos en todo sentido. Simplemente \u00faselo para riego cotidiano en&hellip;<!-- AddThis Advanced Settings generic via filter on get_the_excerpt --><!-- AddThis Share Buttons generic via filter on get_the_excerpt --><\/p>\n","protected":false},"featured_media":9446,"template":"","meta":[],"product_cat":[14],"product_tag":[1897,1896],"_links":{"self":[{"href":"https:\/\/www.bazarmerlin.com\/inicio\/wp-json\/wp\/v2\/product\/8690"}],"collection":[{"href":"https:\/\/www.bazarmerlin.com\/inicio\/wp-json\/wp\/v2\/product"}],"about":[{"href":"https:\/\/www.bazarmerlin.com\/inicio\/wp-json\/wp\/v2\/types\/product"}],"wp:featuredmedia":[{"embeddable":true,"href":"https:\/\/www.bazarmerlin.com\/inicio\/wp-json\/wp\/v2\/media\/9446"}],"wp:attachment":[{"href":"https:\/\/www.bazarmerlin.com\/inicio\/wp-json\/wp\/v2\/media?parent=8690"}],"wp:term":[{"taxonomy":"product_cat","embeddable":true,"href":"https:\/\/www.bazarmerlin.com\/inicio\/wp-json\/wp\/v2\/product_cat?post=8690"},{"taxonomy":"product_tag","embeddable":true,"href":"https:\/\/www.bazarmerlin.com\/inicio\/wp-json\/wp\/v2\/product_tag?post=8690"}],"curies":[{"name":"wp","href":"https:\/\/api.w.org\/{rel}","templated":true}]}}