{"id":8692,"date":"2022-05-20T18:25:56","date_gmt":"2022-05-20T18:25:56","guid":{"rendered":"https:\/\/www.bazarmerlin.com\/inicio\/?post_type=product&#038;p=8692"},"modified":"2022-06-08T23:42:35","modified_gmt":"2022-06-08T23:42:35","slug":"veladora-chile-negro-preparada-y-ritualizada","status":"publish","type":"product","link":"https:\/\/www.bazarmerlin.com\/inicio\/producto\/veladora-chile-negro-preparada-y-ritualizada\/","title":{"rendered":"Veladora Chile Negro Preparada Y Ritualizada"},"content":{"rendered":"<p><strong>VELADORA CHILE NEGRO<\/strong><\/p>\n<p>&nbsp;<\/p>\n<p>Esta veladora te sirve para quitar, cortar toda esa energ\u00eda negativa y alejar a todos esos enemigos , que no te dejan que tengas \u00e9xito en tu vida.<\/p>\n<p>&nbsp;<\/p>\n<p><strong>BAZAR MERLIN<\/strong><br \/>\n<strong>El Lugar M\u00e1s M\u00edstico de Guadalajara<\/strong><br \/>\n<strong>ENVIAMOS A TODO M\u00c9XICO&#8230;<\/strong><\/p>\n<!-- AddThis Advanced Settings generic via filter on the_content --><!-- AddThis Share Buttons generic via filter on the_content -->","protected":false},"excerpt":{"rendered":"<p>VELADORA CHILE NEGRO &nbsp; Esta veladora te sirve para quitar, cortar toda esa energ\u00eda negativa y alejar a todos esos enemigos , que no te dejan que tengas \u00e9xito en tu vida. &nbsp; BAZAR MERLIN El Lugar M\u00e1s M\u00edstico de Guadalajara ENVIAMOS A TODO M\u00c9XICO&#8230;<!-- AddThis Advanced Settings generic via filter on get_the_excerpt --><!-- AddThis Share Buttons generic via filter on get_the_excerpt --><\/p>\n","protected":false},"featured_media":8693,"template":"","meta":[],"product_cat":[19],"product_tag":[1898],"_links":{"self":[{"href":"https:\/\/www.bazarmerlin.com\/inicio\/wp-json\/wp\/v2\/product\/8692"}],"collection":[{"href":"https:\/\/www.bazarmerlin.com\/inicio\/wp-json\/wp\/v2\/product"}],"about":[{"href":"https:\/\/www.bazarmerlin.com\/inicio\/wp-json\/wp\/v2\/types\/product"}],"wp:featuredmedia":[{"embeddable":true,"href":"https:\/\/www.bazarmerlin.com\/inicio\/wp-json\/wp\/v2\/media\/8693"}],"wp:attachment":[{"href":"https:\/\/www.bazarmerlin.com\/inicio\/wp-json\/wp\/v2\/media?parent=8692"}],"wp:term":[{"taxonomy":"product_cat","embeddable":true,"href":"https:\/\/www.bazarmerlin.com\/inicio\/wp-json\/wp\/v2\/product_cat?post=8692"},{"taxonomy":"product_tag","embeddable":true,"href":"https:\/\/www.bazarmerlin.com\/inicio\/wp-json\/wp\/v2\/product_tag?post=8692"}],"curies":[{"name":"wp","href":"https:\/\/api.w.org\/{rel}","templated":true}]}}