{"id":8694,"date":"2022-05-20T18:34:02","date_gmt":"2022-05-20T18:34:02","guid":{"rendered":"https:\/\/www.bazarmerlin.com\/inicio\/?post_type=product&#038;p=8694"},"modified":"2022-10-07T22:07:17","modified_gmt":"2022-10-07T22:07:17","slug":"locion-contra-envidia-quita-mala-suerte-y-dano-puesto","status":"publish","type":"product","link":"https:\/\/www.bazarmerlin.com\/inicio\/producto\/locion-contra-envidia-quita-mala-suerte-y-dano-puesto\/","title":{"rendered":"Loci\u00f3n Contra Envidia &#8211; Quita Mala Suerte Y Da\u00f1o Puesto"},"content":{"rendered":"<p><strong>LOCI\u00d3N CONTRA ENVIDIA<\/strong><br \/>\n<em><strong>Presentaci\u00f3n: 500 ML.<\/strong><\/em><\/p>\n<p>&nbsp;<\/p>\n<p>La Loci\u00f3n Contra Envidia es \u00fatil para la Protecci\u00f3n Contra Influencias y Energ\u00edas Negativas, esta Loci\u00f3n est\u00e1 orientada a Limpiar el Esp\u00edritu y Conseguir su Elevaci\u00f3n.<\/p>\n<p>Puedes aplicarlo en todo el cuerpo despu\u00e9s del ba\u00f1o o cuando t\u00fa as\u00ed lo desees.<\/p>\n<p>&nbsp;<\/p>\n<p>&nbsp;<\/p>\n<p><strong>BAZAR MERLIN<\/strong><br \/>\n<strong>El Lugar M\u00e1s M\u00edstico de Guadalajara<\/strong><br \/>\n<strong>ENVIAMOS A TODO M\u00c9XICO&#8230;<\/strong><\/p>\n<!-- AddThis Advanced Settings generic via filter on the_content --><!-- AddThis Share Buttons generic via filter on the_content -->","protected":false},"excerpt":{"rendered":"<p>LOCI\u00d3N CONTRA ENVIDIA Presentaci\u00f3n: 500 ML. &nbsp; La Loci\u00f3n Contra Envidia es \u00fatil para la Protecci\u00f3n Contra Influencias y Energ\u00edas Negativas, esta Loci\u00f3n est\u00e1 orientada a Limpiar el Esp\u00edritu y Conseguir su Elevaci\u00f3n. Puedes aplicarlo en todo el cuerpo despu\u00e9s del ba\u00f1o o cuando t\u00fa as\u00ed lo desees. &nbsp; &nbsp; BAZAR MERLIN El Lugar M\u00e1s&hellip;<!-- AddThis Advanced Settings generic via filter on get_the_excerpt --><!-- AddThis Share Buttons generic via filter on get_the_excerpt --><\/p>\n","protected":false},"featured_media":10280,"template":"","meta":[],"product_cat":[14],"product_tag":[1899,1900],"_links":{"self":[{"href":"https:\/\/www.bazarmerlin.com\/inicio\/wp-json\/wp\/v2\/product\/8694"}],"collection":[{"href":"https:\/\/www.bazarmerlin.com\/inicio\/wp-json\/wp\/v2\/product"}],"about":[{"href":"https:\/\/www.bazarmerlin.com\/inicio\/wp-json\/wp\/v2\/types\/product"}],"wp:featuredmedia":[{"embeddable":true,"href":"https:\/\/www.bazarmerlin.com\/inicio\/wp-json\/wp\/v2\/media\/10280"}],"wp:attachment":[{"href":"https:\/\/www.bazarmerlin.com\/inicio\/wp-json\/wp\/v2\/media?parent=8694"}],"wp:term":[{"taxonomy":"product_cat","embeddable":true,"href":"https:\/\/www.bazarmerlin.com\/inicio\/wp-json\/wp\/v2\/product_cat?post=8694"},{"taxonomy":"product_tag","embeddable":true,"href":"https:\/\/www.bazarmerlin.com\/inicio\/wp-json\/wp\/v2\/product_tag?post=8694"}],"curies":[{"name":"wp","href":"https:\/\/api.w.org\/{rel}","templated":true}]}}