{"id":8697,"date":"2022-05-20T18:42:18","date_gmt":"2022-05-20T18:42:18","guid":{"rendered":"https:\/\/www.bazarmerlin.com\/inicio\/?post_type=product&#038;p=8697"},"modified":"2022-10-03T20:28:50","modified_gmt":"2022-10-03T20:28:50","slug":"estuche-7-banos-espirituales-contra-danos-para-7-dias","status":"publish","type":"product","link":"https:\/\/www.bazarmerlin.com\/inicio\/producto\/estuche-7-banos-espirituales-contra-danos-para-7-dias\/","title":{"rendered":"Estuche 7 Ba\u00f1os Espirituales &#8211; Contra Da\u00f1os &#8211; Para 7 D\u00edas"},"content":{"rendered":"<p><strong>ESTUCHE 7 BA\u00d1OS ESPIRITUALES<\/strong><br \/>\n<em><strong>CONTRA DA\u00d1OS<\/strong><\/em><\/p>\n<p>&nbsp;<\/p>\n<p>Un Ba\u00f1o para cada d\u00eda de la semana<\/p>\n<p>LIMPIA TU PERSONA De todo da\u00f1o negativo y malas vibras.<\/p>\n<p>FORMULA<br \/>\nEspecialmente preparado para retirar o rechazar todo da\u00f1o negativo, revierta cualquier trabajo o da\u00f1o en su persona.<\/p>\n<p>Estos PODEROSOS 7 BA\u00d1OS cortar\u00e1n toda la mala suerte y quitaran cualquier trabajo negro que te hayan impuesto protegi\u00e9ndote adem\u00e1s de las malas vibras y los pensamientos destructivos original lo sabes es por uno mismo. Ayudara a limpiar tu campo \u00e1urico atrayendo oportunidades \u00e9xito y abri\u00e9ndote caminos en TODO.<\/p>\n<p>&nbsp;<\/p>\n<p>&nbsp;<\/p>\n<p><strong>BAZAR MERLIN\u00ae<\/strong><br \/>\n<strong>El Lugar M\u00e1s M\u00edstico de Guadalajara<\/strong><br \/>\n<strong>ENVIAMOS A TODO M\u00c9XICO&#8230;<\/strong><\/p>\n<!-- AddThis Advanced Settings generic via filter on the_content --><!-- AddThis Share Buttons generic via filter on the_content -->","protected":false},"excerpt":{"rendered":"<p>ESTUCHE 7 BA\u00d1OS ESPIRITUALES CONTRA DA\u00d1OS &nbsp; Un Ba\u00f1o para cada d\u00eda de la semana LIMPIA TU PERSONA De todo da\u00f1o negativo y malas vibras. FORMULA Especialmente preparado para retirar o rechazar todo da\u00f1o negativo, revierta cualquier trabajo o da\u00f1o en su persona. Estos PODEROSOS 7 BA\u00d1OS cortar\u00e1n toda la mala suerte y quitaran cualquier&hellip;<!-- AddThis Advanced Settings generic via filter on get_the_excerpt --><!-- AddThis Share Buttons generic via filter on get_the_excerpt --><\/p>\n","protected":false},"featured_media":10215,"template":"","meta":[],"product_cat":[14],"product_tag":[1736,1901,1902],"_links":{"self":[{"href":"https:\/\/www.bazarmerlin.com\/inicio\/wp-json\/wp\/v2\/product\/8697"}],"collection":[{"href":"https:\/\/www.bazarmerlin.com\/inicio\/wp-json\/wp\/v2\/product"}],"about":[{"href":"https:\/\/www.bazarmerlin.com\/inicio\/wp-json\/wp\/v2\/types\/product"}],"wp:featuredmedia":[{"embeddable":true,"href":"https:\/\/www.bazarmerlin.com\/inicio\/wp-json\/wp\/v2\/media\/10215"}],"wp:attachment":[{"href":"https:\/\/www.bazarmerlin.com\/inicio\/wp-json\/wp\/v2\/media?parent=8697"}],"wp:term":[{"taxonomy":"product_cat","embeddable":true,"href":"https:\/\/www.bazarmerlin.com\/inicio\/wp-json\/wp\/v2\/product_cat?post=8697"},{"taxonomy":"product_tag","embeddable":true,"href":"https:\/\/www.bazarmerlin.com\/inicio\/wp-json\/wp\/v2\/product_tag?post=8697"}],"curies":[{"name":"wp","href":"https:\/\/api.w.org\/{rel}","templated":true}]}}