{"id":8703,"date":"2022-05-20T19:45:04","date_gmt":"2022-05-20T19:45:04","guid":{"rendered":"https:\/\/www.bazarmerlin.com\/inicio\/?post_type=product&#038;p=8703"},"modified":"2023-01-09T22:43:28","modified_gmt":"2023-01-09T22:43:28","slug":"piramide-de-cristal-para-energizar-10-x-10-cm","status":"publish","type":"product","link":"https:\/\/www.bazarmerlin.com\/inicio\/producto\/piramide-de-cristal-para-energizar-10-x-10-cm\/","title":{"rendered":"Pir\u00e1mide De Cristal Para Energizar &#8211; 10 X 10 Cm"},"content":{"rendered":"<p><strong>PIR\u00c1MIDE DE CRISTAL<br \/>\n<em>Hecha Artesanalmente<\/em><\/strong><\/p>\n<p>&nbsp;<\/p>\n<p>Medida 10 X 10 CM<\/p>\n<p>La Pir\u00e1mide de Cristal cuenta con una puerta para que puedas introducir en su interior los objetos que necesites trabajar.<\/p>\n<p>Las pir\u00e1mides son instrumentos catalizadores cuya funci\u00f3n es la de atraer, condensar y activar las energ\u00edas. Se utilizan en todo tipo de trabajos radiest\u00e9sicos y m\u00e1gicos. Cuando introducimos en su interior un objeto y lo dejamos 24 horas (sin moverlo) el objeto queda magnetizado y lleno de energ\u00eda.<\/p>\n<p>Con este m\u00e9todo podemos cargar cristales, cuarzos, anillos, aguas, inciensos, perfumes, medicinas, etc. Tambi\u00e9n podemos usarlas para colocar fotograf\u00edas y magnetizar peticiones.<\/p>\n<p>Debido a la estructura f\u00edsica que poseen las pir\u00e1mides funcionan como antenas que recogen las energ\u00edas c\u00f3smico-teluricas y las dirigen hacia su interior. Su misterio lo puedes aplicar en tu vida para concentrar las energ\u00edas del cielo y de la tierra. Para que tu pir\u00e1mide funcione correctamente ha de ser colocada con sus lados hacia los puntos cardinales. De este modo estar\u00e1 en sinton\u00eda con los polos magn\u00e9ticos terrestres.<\/p>\n<p>Hecha Artesanalmente.<\/p>\n<p>Medida 10 X 10 CM<\/p>\n<p>&nbsp;<\/p>\n<p>&nbsp;<\/p>\n<p><strong>BAZAR MERLIN\u00ae<\/strong><br \/>\n<strong>El Lugar M\u00e1s M\u00edstico de Guadalajara<\/strong><br \/>\n<strong>ENVIAMOS A TODO M\u00c9XICO&#8230;<\/strong><\/p>\n<!-- AddThis Advanced Settings generic via filter on the_content --><!-- AddThis Share Buttons generic via filter on the_content -->","protected":false},"excerpt":{"rendered":"<p>PIR\u00c1MIDE DE CRISTAL Hecha Artesanalmente &nbsp; Medida 10 X 10 CM La Pir\u00e1mide de Cristal cuenta con una puerta para que puedas introducir en su interior los objetos que necesites trabajar. Las pir\u00e1mides son instrumentos catalizadores cuya funci\u00f3n es la de atraer, condensar y activar las energ\u00edas. Se utilizan en todo tipo de trabajos radiest\u00e9sicos&hellip;<!-- AddThis Advanced Settings generic via filter on get_the_excerpt --><!-- AddThis Share Buttons generic via filter on get_the_excerpt --><\/p>\n","protected":false},"featured_media":11446,"template":"","meta":[],"product_cat":[16],"product_tag":[1903],"_links":{"self":[{"href":"https:\/\/www.bazarmerlin.com\/inicio\/wp-json\/wp\/v2\/product\/8703"}],"collection":[{"href":"https:\/\/www.bazarmerlin.com\/inicio\/wp-json\/wp\/v2\/product"}],"about":[{"href":"https:\/\/www.bazarmerlin.com\/inicio\/wp-json\/wp\/v2\/types\/product"}],"wp:featuredmedia":[{"embeddable":true,"href":"https:\/\/www.bazarmerlin.com\/inicio\/wp-json\/wp\/v2\/media\/11446"}],"wp:attachment":[{"href":"https:\/\/www.bazarmerlin.com\/inicio\/wp-json\/wp\/v2\/media?parent=8703"}],"wp:term":[{"taxonomy":"product_cat","embeddable":true,"href":"https:\/\/www.bazarmerlin.com\/inicio\/wp-json\/wp\/v2\/product_cat?post=8703"},{"taxonomy":"product_tag","embeddable":true,"href":"https:\/\/www.bazarmerlin.com\/inicio\/wp-json\/wp\/v2\/product_tag?post=8703"}],"curies":[{"name":"wp","href":"https:\/\/api.w.org\/{rel}","templated":true}]}}