{"id":8706,"date":"2022-05-20T21:31:26","date_gmt":"2022-05-20T21:31:26","guid":{"rendered":"https:\/\/www.bazarmerlin.com\/inicio\/?post_type=product&#038;p=8706"},"modified":"2022-10-14T23:41:53","modified_gmt":"2022-10-14T23:41:53","slug":"vara-de-poder-de-los-7-arcangeles-armonia-y-proteccion","status":"publish","type":"product","link":"https:\/\/www.bazarmerlin.com\/inicio\/producto\/vara-de-poder-de-los-7-arcangeles-armonia-y-proteccion\/","title":{"rendered":"Vara De Poder De Los 7 Arc\u00e1ngeles &#8211; Armon\u00eda Y Protecci\u00f3n"},"content":{"rendered":"<p><strong>AUT\u00c9NTICA Y PODEROSA VARA M\u00c1GICA DEL DINERO Y LA FORTUNA\u00ae<\/strong><br \/>\n<em><strong>NUNCA FUE TAN F\u00c1CIL INVOCAR LA PROSPERIDAD.<\/strong><\/em><\/p>\n<p>&nbsp;<\/p>\n<p>OJO: los colores de las piedras o de los Cuarzos pueden variar<br \/>\nya que cada figura es hecha como pieza \u00fanica por ser Artesanal<\/p>\n<p>Poderosa vara m\u00e1gica del dinero que se elabora de manera artesanal a mano y se consagra especialmente para su propietario.<\/p>\n<p>Cada vez que uses la aut\u00e9ntica y poderosa vara m\u00e1gica del dinero, de inmediato obtendr\u00e1s una sorprendente mejor\u00eda en tu situaci\u00f3n financiera.<\/p>\n<p>La aut\u00e9ntica y poderosa vara m\u00e1gica del dinero, elabora en persona y exclusivamente sobre pedido, es en s\u00ed misma una verdadera obra de arte, hecha de fino cristal transl\u00facido y rellena de peque\u00f1as gotas de cuarzo rosa del Brasil y otras piedras naturales provenientes de las minas m\u00e1gicas de altar providencia, enrolladas en un papel que simula ser un billete de curso mundial.<\/p>\n<p>El creador de la aut\u00e9ntica y poderosa vara m\u00e1gica del dinero, consagra cada pieza de manera personalizada para su propietario, lo que garantiza la efectividad de su magia. Un extremo de la poderosa aut\u00e9ntica y poderosa vara m\u00e1gica del dinero tiene un cuarzo transparente en forma de punta de flecha y el otro extremo tiene la piedra m\u00e1gica del propietario (malaquita, cuarzo, ojo de tigre, amatista, citrina, turmalina, turquesa o cualquier otra piedra natural correspondiente a las vibraciones k\u00e1rmicas de los consultantes).<\/p>\n<p>La aut\u00e9ntica vara m\u00e1gica del dinero est\u00e1 sellada con un s\u00edmbolo m\u00e1gico secreto que certifica la autenticidad de la pieza. El s\u00edmbolo m\u00e1gico se hace con un ligero ba\u00f1o de oro para unir las piezas.<\/p>\n<p>Cientos de consultantes en todo el mundo confirman con sus testimonios. El poder de la original y exclusiva como poderosa vara m\u00e1gica del dinero y la fortuna atrae la prosperidad y la abundancia econ\u00f3mica para tu hogar o negocio desde el primer d\u00eda:<\/p>\n<p>\u00a1Cmpru\u00e9balo t\u00fa tambi\u00e9n!<\/p>\n<p>\u00a1Coloca la vara m\u00e1gica del dinero sobre tus facturas y \u00e9stas se pagar\u00e1n solas!<\/p>\n<p>Toca con la vara m\u00e1gica tu billetera personal para tener m\u00e1s dinero<\/p>\n<p>Toca con la vara m\u00e1gica del dinero la nueva mercanc\u00eda que llega diariamente a tu negocio para venderla m\u00e1s r\u00e1pido<\/p>\n<p>\u00a1Toca con la vara m\u00e1gica del dinero tus quinielas para ganar en juegos de azar!<\/p>\n<p>Toca con la vara m\u00e1gica del dinero cualquier objeto, persona o animal que desees que traiga a ti y a tu entorno, prosperidad y abundancia.<\/p>\n<p>OJO: los colores de las piedras o de los Cuarzos pueden variar<br \/>\nya que cada figura es hecha como pieza \u00fanica por ser Artesanal.<\/p>\n<p>&nbsp;<\/p>\n<p>&nbsp;<\/p>\n<p><strong>BAZAR MERL\u00cdN\u00ae<\/strong><br \/>\n<strong>El Lugar M\u00e1s M\u00edstico de Guadalajara<\/strong><br \/>\n<strong>ENVIAMOS A TODO M\u00c9XICO&#8230;<\/strong><\/p>\n<!-- AddThis Advanced Settings generic via filter on the_content --><!-- AddThis Share Buttons generic via filter on the_content -->","protected":false},"excerpt":{"rendered":"<p>AUT\u00c9NTICA Y PODEROSA VARA M\u00c1GICA DEL DINERO Y LA FORTUNA\u00ae NUNCA FUE TAN F\u00c1CIL INVOCAR LA PROSPERIDAD. &nbsp; OJO: los colores de las piedras o de los Cuarzos pueden variar ya que cada figura es hecha como pieza \u00fanica por ser Artesanal Poderosa vara m\u00e1gica del dinero que se elabora de manera artesanal a mano&hellip;<!-- AddThis Advanced Settings generic via filter on get_the_excerpt --><!-- AddThis Share Buttons generic via filter on get_the_excerpt --><\/p>\n","protected":false},"featured_media":10377,"template":"","meta":[],"product_cat":[14],"product_tag":[558,1905],"_links":{"self":[{"href":"https:\/\/www.bazarmerlin.com\/inicio\/wp-json\/wp\/v2\/product\/8706"}],"collection":[{"href":"https:\/\/www.bazarmerlin.com\/inicio\/wp-json\/wp\/v2\/product"}],"about":[{"href":"https:\/\/www.bazarmerlin.com\/inicio\/wp-json\/wp\/v2\/types\/product"}],"wp:featuredmedia":[{"embeddable":true,"href":"https:\/\/www.bazarmerlin.com\/inicio\/wp-json\/wp\/v2\/media\/10377"}],"wp:attachment":[{"href":"https:\/\/www.bazarmerlin.com\/inicio\/wp-json\/wp\/v2\/media?parent=8706"}],"wp:term":[{"taxonomy":"product_cat","embeddable":true,"href":"https:\/\/www.bazarmerlin.com\/inicio\/wp-json\/wp\/v2\/product_cat?post=8706"},{"taxonomy":"product_tag","embeddable":true,"href":"https:\/\/www.bazarmerlin.com\/inicio\/wp-json\/wp\/v2\/product_tag?post=8706"}],"curies":[{"name":"wp","href":"https:\/\/api.w.org\/{rel}","templated":true}]}}