{"id":871,"date":"2015-07-03T19:34:47","date_gmt":"2015-07-03T19:34:47","guid":{"rendered":"https:\/\/www.bazarmerlin.com\/inicio\/?post_type=product&#038;p=871"},"modified":"2022-10-11T22:51:48","modified_gmt":"2022-10-11T22:51:48","slug":"piramide-de-la-santa-muerte-atrae-proteccion-y-exito","status":"publish","type":"product","link":"https:\/\/www.bazarmerlin.com\/inicio\/producto\/piramide-de-la-santa-muerte-atrae-proteccion-y-exito\/","title":{"rendered":"Piramide De La Santa Muerte \/ Atrae Protecci\u00f3n Y \u00c9xito"},"content":{"rendered":"<p><strong>PIR\u00c1MIDE DE LA SANTA MUERTE<\/strong><\/p>\n<p>&nbsp;<\/p>\n<p>En resina con monedas, colorines y semillas<\/p>\n<p>OJO: PREGUNTA POR EL COLOR DE LA SANTA MUERTE QUE TENEMOS EN EXISTENCIA<br \/>\nANTES DE DARLE EN COMPRAR.<\/p>\n<p>Con esta PODEROSA PIR\u00c1MIDE ATRAER\u00c1S PROTECCI\u00d3N,<br \/>\n\u00c9XITO Y ABUNDANCIA<\/p>\n<p>YA QUE SE TE MANDA RITUALIZADA Y PROGRAMADA ESPECIALMENTE PARA TI<\/p>\n<p>Para AMOR, TRABAJO Y \u00c9XITO EN TODO<br \/>\nPara que logres ATRAER todo LO BUENO EN T\u00da VIDA<\/p>\n<p>Disponible en color: Rojo, Verde, Blanca, Negra, Azul y Amarilla<\/p>\n<p>Medida: 7 x 8 cms<\/p>\n<p>&nbsp;<\/p>\n<p>&nbsp;<\/p>\n<p><strong>BAZAR MERL\u00cdN<\/strong><br \/>\n<strong>El Lugar M\u00e1s M\u00edstico de Guadalajara<\/strong><br \/>\n<strong>ENVIAMOS A TODO M\u00c9XICO<\/strong><\/p>\n<!-- AddThis Advanced Settings generic via filter on the_content --><!-- AddThis Share Buttons generic via filter on the_content -->","protected":false},"excerpt":{"rendered":"<p>PIR\u00c1MIDE DE LA SANTA MUERTE &nbsp; En resina con monedas, colorines y semillas OJO: PREGUNTA POR EL COLOR DE LA SANTA MUERTE QUE TENEMOS EN EXISTENCIA ANTES DE DARLE EN COMPRAR. Con esta PODEROSA PIR\u00c1MIDE ATRAER\u00c1S PROTECCI\u00d3N, \u00c9XITO Y ABUNDANCIA YA QUE SE TE MANDA RITUALIZADA Y PROGRAMADA ESPECIALMENTE PARA TI Para AMOR, TRABAJO Y&hellip;<!-- AddThis Advanced Settings generic via filter on get_the_excerpt --><!-- AddThis Share Buttons generic via filter on get_the_excerpt --><\/p>\n","protected":false},"featured_media":10306,"template":"","meta":[],"product_cat":[14],"product_tag":[653,652],"_links":{"self":[{"href":"https:\/\/www.bazarmerlin.com\/inicio\/wp-json\/wp\/v2\/product\/871"}],"collection":[{"href":"https:\/\/www.bazarmerlin.com\/inicio\/wp-json\/wp\/v2\/product"}],"about":[{"href":"https:\/\/www.bazarmerlin.com\/inicio\/wp-json\/wp\/v2\/types\/product"}],"wp:featuredmedia":[{"embeddable":true,"href":"https:\/\/www.bazarmerlin.com\/inicio\/wp-json\/wp\/v2\/media\/10306"}],"wp:attachment":[{"href":"https:\/\/www.bazarmerlin.com\/inicio\/wp-json\/wp\/v2\/media?parent=871"}],"wp:term":[{"taxonomy":"product_cat","embeddable":true,"href":"https:\/\/www.bazarmerlin.com\/inicio\/wp-json\/wp\/v2\/product_cat?post=871"},{"taxonomy":"product_tag","embeddable":true,"href":"https:\/\/www.bazarmerlin.com\/inicio\/wp-json\/wp\/v2\/product_tag?post=871"}],"curies":[{"name":"wp","href":"https:\/\/api.w.org\/{rel}","templated":true}]}}