{"id":8712,"date":"2022-05-20T21:48:53","date_gmt":"2022-05-20T21:48:53","guid":{"rendered":"https:\/\/www.bazarmerlin.com\/inicio\/?post_type=product&#038;p=8712"},"modified":"2022-12-27T00:53:16","modified_gmt":"2022-12-27T00:53:16","slug":"pendulo-de-angeles-de-aluminio-y-laton-5-cms-altura-dorado","status":"publish","type":"product","link":"https:\/\/www.bazarmerlin.com\/inicio\/producto\/pendulo-de-angeles-de-aluminio-y-laton-5-cms-altura-dorado\/","title":{"rendered":"P\u00e9ndulo De \u00c1ngeles De Aluminio Y Lat\u00f3n 5 Cms &#8211; Altura Dorado"},"content":{"rendered":"<p><strong>P\u00c9NDULO DE \u00c1NGELES<\/strong><br \/>\n<strong>DORADO EN ALUMINIO Y LAT\u00d3N<\/strong><\/p>\n<p><em><strong>PARA PREGUNTAR Y TOMAR DECISIONES CON LA ENERG\u00cdA DE LOS \u00c1NGELES.<\/strong><\/em><\/p>\n<p>&nbsp;<\/p>\n<p>Dimensiones: 4 Cms de Altura Aproximado<\/p>\n<p>ES UN INSTRUMENTO DE PERCEPCI\u00d3N.<br \/>\nEs decir, nos permite acceder a los conocimientos fuera del alcance &#8220;normal&#8221;, que todos poseemos despertando el don de la CLARIVIDENCIA. Estos poderes son tremendamente superiores a nuestros cinco sentidos.<\/p>\n<p>Se trata nada menos que de un sentido que implica todo un nuevo modo de percibir al mundo, un nuevo modo de usar la mente, es utilizando para comunicarse con los niveles m\u00e1s profundos y ocultos de nuestro ser, busca tesoros u objetos perdidos, el P\u00c9NDULO es uno de los m\u00e9todos para comulgar constantemente con nuestra sabidur\u00eda interna y para que \u00e9sta gu\u00ede nuestros actos cotidianos.<\/p>\n<p>P\u00c9NDULO CON TESTIGO AMPLIO CON LOS ANGELES POR LOS COSTADOS.<\/p>\n<p>OTRA VENTAJA DEL P\u00c9NDULO DE ARC\u00c1NGELES, es que es del TIPO TESTIGO, esto es que se puede separar su cuerpo del sost\u00e9n, y ah\u00ed tiene una cavidad en la cual se puede depositar desde un decreto, un refuerzo energ\u00e9tico, una fotograf\u00eda recortada o lo que tu l\u00ednea espiritual te indique.<\/p>\n<p>La consulta por medio de el es fluida y su Halo magn\u00e9tico lo sentir\u00e1s claramente al momento de iniciar, esta fabricado en aluminio, que junt\u00f3 al lat\u00f3n son los mejores materiales para sintonizar con las altas vibraciones, mucho m\u00e1s que los fabricados con madera, cuarzos o pl\u00e1stico, los cuales no responden igual.<\/p>\n<p>P\u00c9NDULO DE \u00c1NGELES<br \/>\nDORADO EN ALUMINIO Y LAT\u00d3N<\/p>\n<p>Dimensiones: 4 Cms de Altura Aproximado<\/p>\n<p>&nbsp;<\/p>\n<p>&nbsp;<\/p>\n<p><strong>BAZAR MERLIN<\/strong><br \/>\n<strong>El Lugar M\u00e1s M\u00edstico de Guadalajara<\/strong><br \/>\n<strong>ENVIAMOS A TODO M\u00c9XICO&#8230;<\/strong><\/p>\n<!-- AddThis Advanced Settings generic via filter on the_content --><!-- AddThis Share Buttons generic via filter on the_content -->","protected":false},"excerpt":{"rendered":"<p>P\u00c9NDULO DE \u00c1NGELES DORADO EN ALUMINIO Y LAT\u00d3N PARA PREGUNTAR Y TOMAR DECISIONES CON LA ENERG\u00cdA DE LOS \u00c1NGELES. &nbsp; Dimensiones: 4 Cms de Altura Aproximado ES UN INSTRUMENTO DE PERCEPCI\u00d3N. Es decir, nos permite acceder a los conocimientos fuera del alcance &#8220;normal&#8221;, que todos poseemos despertando el don de la CLARIVIDENCIA. Estos poderes son&hellip;<!-- AddThis Advanced Settings generic via filter on get_the_excerpt --><!-- AddThis Share Buttons generic via filter on get_the_excerpt --><\/p>\n","protected":false},"featured_media":11260,"template":"","meta":[],"product_cat":[21],"product_tag":[1909,1908],"_links":{"self":[{"href":"https:\/\/www.bazarmerlin.com\/inicio\/wp-json\/wp\/v2\/product\/8712"}],"collection":[{"href":"https:\/\/www.bazarmerlin.com\/inicio\/wp-json\/wp\/v2\/product"}],"about":[{"href":"https:\/\/www.bazarmerlin.com\/inicio\/wp-json\/wp\/v2\/types\/product"}],"wp:featuredmedia":[{"embeddable":true,"href":"https:\/\/www.bazarmerlin.com\/inicio\/wp-json\/wp\/v2\/media\/11260"}],"wp:attachment":[{"href":"https:\/\/www.bazarmerlin.com\/inicio\/wp-json\/wp\/v2\/media?parent=8712"}],"wp:term":[{"taxonomy":"product_cat","embeddable":true,"href":"https:\/\/www.bazarmerlin.com\/inicio\/wp-json\/wp\/v2\/product_cat?post=8712"},{"taxonomy":"product_tag","embeddable":true,"href":"https:\/\/www.bazarmerlin.com\/inicio\/wp-json\/wp\/v2\/product_tag?post=8712"}],"curies":[{"name":"wp","href":"https:\/\/api.w.org\/{rel}","templated":true}]}}