{"id":8716,"date":"2022-05-20T21:55:38","date_gmt":"2022-05-20T21:55:38","guid":{"rendered":"https:\/\/www.bazarmerlin.com\/inicio\/?post_type=product&#038;p=8716"},"modified":"2022-06-08T23:42:37","modified_gmt":"2022-06-08T23:42:37","slug":"colgante-estrella-de-david-con-octagono-de-abundancia","status":"publish","type":"product","link":"https:\/\/www.bazarmerlin.com\/inicio\/producto\/colgante-estrella-de-david-con-octagono-de-abundancia\/","title":{"rendered":"Colgante &#8211; Estrella De David Con Oct\u00e1gono De Abundancia"},"content":{"rendered":"<p><strong>COLGANTE CON ESTRELLA DE DAVID Y OCT\u00c1GONO DE LA ABUNDANCIA<\/strong><br \/>\n<em><strong>ATRAE ABUNDANCIA, PAZ, PROSPERIDAD EN TU CASA Y\/O NEGOCIO<\/strong><\/em><\/p>\n<p>&nbsp;<\/p>\n<p>-Con una Media de 17 Cm de Altura-<\/p>\n<p>Este Hermoso Colgante porta varios S\u00edmbolos que nos ayudaran a Cortar envidias y negatividades hacia su casa, negocio y a su persona ya que se compone de:<\/p>\n<p>-La Estrella de David la cual Simboliza la proteccion hacia ti y todos tus seres queridos, ya que se pondr\u00e1 en un \u00e1rea com\u00fan.<\/p>\n<p>-El Espejo que porta en cada uno de los Picos ( En la Estrella de David ), es muy efectivo para rechazar las Envidas.<\/p>\n<p>-El Oct\u00e1gono que esta fabricado artesanalmente con semillas ritualizadas y consagradas para atraer a su casa, negocio, oficina y su persona,<br \/>\nAbundancia, Prosperidad, Energ\u00eda Positiva, Armonia y Paz.<\/p>\n<p>Estas son las semillas que te traer\u00e1n todos esos beneficios,<br \/>\nadem\u00e1s de que alejan las malas vibras:<\/p>\n<p>-Frijol<br \/>\n-Ma\u00edz<br \/>\n-Arroz<br \/>\n-Trigo<br \/>\n-Lenteja<br \/>\n-Mostaza<\/p>\n<p>&nbsp;<\/p>\n<p>&nbsp;<\/p>\n<p><strong>BAZAR MERLIN\u00ae<\/strong><br \/>\n<strong>El Lugar M\u00e1s M\u00edstico de Guadalajara<\/strong><br \/>\n<strong>ENVIAMOS A TODO M\u00c9XICO&#8230;<\/strong><\/p>\n<!-- AddThis Advanced Settings generic via filter on the_content --><!-- AddThis Share Buttons generic via filter on the_content -->","protected":false},"excerpt":{"rendered":"<p>COLGANTE CON ESTRELLA DE DAVID Y OCT\u00c1GONO DE LA ABUNDANCIA ATRAE ABUNDANCIA, PAZ, PROSPERIDAD EN TU CASA Y\/O NEGOCIO &nbsp; -Con una Media de 17 Cm de Altura- Este Hermoso Colgante porta varios S\u00edmbolos que nos ayudaran a Cortar envidias y negatividades hacia su casa, negocio y a su persona ya que se compone de:&hellip;<!-- AddThis Advanced Settings generic via filter on get_the_excerpt --><!-- AddThis Share Buttons generic via filter on get_the_excerpt --><\/p>\n","protected":false},"featured_media":8717,"template":"","meta":[],"product_cat":[14],"product_tag":[1910,1911],"_links":{"self":[{"href":"https:\/\/www.bazarmerlin.com\/inicio\/wp-json\/wp\/v2\/product\/8716"}],"collection":[{"href":"https:\/\/www.bazarmerlin.com\/inicio\/wp-json\/wp\/v2\/product"}],"about":[{"href":"https:\/\/www.bazarmerlin.com\/inicio\/wp-json\/wp\/v2\/types\/product"}],"wp:featuredmedia":[{"embeddable":true,"href":"https:\/\/www.bazarmerlin.com\/inicio\/wp-json\/wp\/v2\/media\/8717"}],"wp:attachment":[{"href":"https:\/\/www.bazarmerlin.com\/inicio\/wp-json\/wp\/v2\/media?parent=8716"}],"wp:term":[{"taxonomy":"product_cat","embeddable":true,"href":"https:\/\/www.bazarmerlin.com\/inicio\/wp-json\/wp\/v2\/product_cat?post=8716"},{"taxonomy":"product_tag","embeddable":true,"href":"https:\/\/www.bazarmerlin.com\/inicio\/wp-json\/wp\/v2\/product_tag?post=8716"}],"curies":[{"name":"wp","href":"https:\/\/api.w.org\/{rel}","templated":true}]}}