{"id":8718,"date":"2022-05-20T22:00:36","date_gmt":"2022-05-20T22:00:36","guid":{"rendered":"https:\/\/www.bazarmerlin.com\/inicio\/?post_type=product&#038;p=8718"},"modified":"2022-11-03T23:39:12","modified_gmt":"2022-11-03T23:39:12","slug":"dije-satanico-belcebu-100-activado-7-metales","status":"publish","type":"product","link":"https:\/\/www.bazarmerlin.com\/inicio\/producto\/dije-satanico-belcebu-100-activado-7-metales\/","title":{"rendered":"Dije Sat\u00e1nico Belceb\u00fa 100% Activado &#8211; 7 Metales"},"content":{"rendered":"<p><strong>RITUALIZADO Y PACTADO PARA EL PORTADOR<\/strong><\/p>\n<p>&nbsp;<\/p>\n<p>Este dije esta fabricado en 7 metales para la perfecta plasmaci\u00f3n de energ\u00eda.<\/p>\n<p>*Acaba con tus enemigos y toma decisiones sabias*<\/p>\n<p>*Puedes entrar en meditaci\u00f3n y abrir caminos con el*<\/p>\n<p>DIMENSIONES APROXIMADAS 4CM DE ALTURA<\/p>\n<p>&nbsp;<\/p>\n<p><strong>BAZAR MERLIN<\/strong><br \/>\n<strong>El Lugar M\u00e1s M\u00edstico de Guadalajara<\/strong><br \/>\n<strong>ENVIAMOS A TODO M\u00c9XICO\u2026<\/strong><\/p>\n<!-- AddThis Advanced Settings generic via filter on the_content --><!-- AddThis Share Buttons generic via filter on the_content -->","protected":false},"excerpt":{"rendered":"<p>RITUALIZADO Y PACTADO PARA EL PORTADOR &nbsp; Este dije esta fabricado en 7 metales para la perfecta plasmaci\u00f3n de energ\u00eda. *Acaba con tus enemigos y toma decisiones sabias* *Puedes entrar en meditaci\u00f3n y abrir caminos con el* DIMENSIONES APROXIMADAS 4CM DE ALTURA &nbsp; BAZAR MERLIN El Lugar M\u00e1s M\u00edstico de Guadalajara ENVIAMOS A TODO M\u00c9XICO\u2026<!-- AddThis Advanced Settings generic via filter on get_the_excerpt --><!-- AddThis Share Buttons generic via filter on get_the_excerpt --><\/p>\n","protected":false},"featured_media":10651,"template":"","meta":[],"product_cat":[12],"product_tag":[1912],"_links":{"self":[{"href":"https:\/\/www.bazarmerlin.com\/inicio\/wp-json\/wp\/v2\/product\/8718"}],"collection":[{"href":"https:\/\/www.bazarmerlin.com\/inicio\/wp-json\/wp\/v2\/product"}],"about":[{"href":"https:\/\/www.bazarmerlin.com\/inicio\/wp-json\/wp\/v2\/types\/product"}],"wp:featuredmedia":[{"embeddable":true,"href":"https:\/\/www.bazarmerlin.com\/inicio\/wp-json\/wp\/v2\/media\/10651"}],"wp:attachment":[{"href":"https:\/\/www.bazarmerlin.com\/inicio\/wp-json\/wp\/v2\/media?parent=8718"}],"wp:term":[{"taxonomy":"product_cat","embeddable":true,"href":"https:\/\/www.bazarmerlin.com\/inicio\/wp-json\/wp\/v2\/product_cat?post=8718"},{"taxonomy":"product_tag","embeddable":true,"href":"https:\/\/www.bazarmerlin.com\/inicio\/wp-json\/wp\/v2\/product_tag?post=8718"}],"curies":[{"name":"wp","href":"https:\/\/api.w.org\/{rel}","templated":true}]}}