{"id":8722,"date":"2022-05-20T22:16:52","date_gmt":"2022-05-20T22:16:52","guid":{"rendered":"https:\/\/www.bazarmerlin.com\/inicio\/?post_type=product&#038;p=8722"},"modified":"2022-11-10T21:51:55","modified_gmt":"2022-11-10T21:51:55","slug":"pentagrama-con-ojo-visor-reforzado-en-7-metales","status":"publish","type":"product","link":"https:\/\/www.bazarmerlin.com\/inicio\/producto\/pentagrama-con-ojo-visor-reforzado-en-7-metales\/","title":{"rendered":"Pentagrama Con Ojo Visor &#8211; Reforzado En 7 Metales"},"content":{"rendered":"<p><strong>PENTAGRAMA ZODIACAL REFORZADO CON OJO VISOR<\/strong><br \/>\n<em><strong>EN 7 METALES<\/strong><\/em><\/p>\n<p>&nbsp;<\/p>\n<p><em>Con una Medida de 5.5 Cm de Altura<\/em><br \/>\n<em>( Contando el Pasacadena )<\/em><\/p>\n<p>TOTALMENTE HECHO A MANO CON ALEACI\u00d3N DE 7 METALES.<\/p>\n<p>Esta Elaborado Totalmente A Mano Y Consagrado Especialmente Para Ti Bajo Un Ritual Muy Poderoso Y De Verdadera Alta Magia.<\/p>\n<p>\u00bfPOR QUE ES TAN PODEROSO ESTE TALISMAN? Por La Simbolog\u00eda Que Encierra,<\/p>\n<p>Porque Se Prepara Y Ritualiza Con Decretos Y Rituales De Alta Magia Que Le Ayudan A Aumentar Su Poder De Protecci\u00f3n contra da\u00f1os, envidias y cualquier tipo de TRABAJO DE MAGIA.<\/p>\n<p>Esta REFORZADO por la parte de atr\u00e1s con el OJO VISOR (El Ojo que Todo lo Ve), Es un s\u00edmbolo que ocupan los Masones en representaci\u00f3n de su Dios, El Arquitecto.<\/p>\n<p>Encarna el orden, lo imperturbado, el estado perfecto, la estabilidad c\u00f3smica y el poder sobre los dem\u00e1s. Su simbologia representa CARACTER\u00cdSTICAS M\u00c1GICAS, PROTECTORAS, PURIFICADORAS Y SANADORAS.<\/p>\n<p>Por esta Raz\u00f3n, si lo portas desarrollaras un Poder Extrasensorial para &#8220;VER&#8221;<br \/>\nlas cosas desde una perspectiva m\u00e1s elevada y tener control total de tu vida,<br \/>\nobteniendo todo lo que siempre quisiste de la forma m\u00e1s f\u00e1cil.<\/p>\n<p>&nbsp;<\/p>\n<p>&nbsp;<\/p>\n<p><strong>BAZAR MERLIN\u00ae<\/strong><br \/>\n<strong>El Lugar M\u00e1s M\u00edstico de Guadalajara<\/strong><br \/>\n<strong>ENVIAMOS A TODO M\u00c9XICO&#8230;<\/strong><\/p>\n<!-- AddThis Advanced Settings generic via filter on the_content --><!-- AddThis Share Buttons generic via filter on the_content -->","protected":false},"excerpt":{"rendered":"<p>PENTAGRAMA ZODIACAL REFORZADO CON OJO VISOR EN 7 METALES &nbsp; Con una Medida de 5.5 Cm de Altura ( Contando el Pasacadena ) TOTALMENTE HECHO A MANO CON ALEACI\u00d3N DE 7 METALES. Esta Elaborado Totalmente A Mano Y Consagrado Especialmente Para Ti Bajo Un Ritual Muy Poderoso Y De Verdadera Alta Magia. \u00bfPOR QUE ES&hellip;<!-- AddThis Advanced Settings generic via filter on get_the_excerpt --><!-- AddThis Share Buttons generic via filter on get_the_excerpt --><\/p>\n","protected":false},"featured_media":10704,"template":"","meta":[],"product_cat":[12],"product_tag":[1915,1916],"_links":{"self":[{"href":"https:\/\/www.bazarmerlin.com\/inicio\/wp-json\/wp\/v2\/product\/8722"}],"collection":[{"href":"https:\/\/www.bazarmerlin.com\/inicio\/wp-json\/wp\/v2\/product"}],"about":[{"href":"https:\/\/www.bazarmerlin.com\/inicio\/wp-json\/wp\/v2\/types\/product"}],"wp:featuredmedia":[{"embeddable":true,"href":"https:\/\/www.bazarmerlin.com\/inicio\/wp-json\/wp\/v2\/media\/10704"}],"wp:attachment":[{"href":"https:\/\/www.bazarmerlin.com\/inicio\/wp-json\/wp\/v2\/media?parent=8722"}],"wp:term":[{"taxonomy":"product_cat","embeddable":true,"href":"https:\/\/www.bazarmerlin.com\/inicio\/wp-json\/wp\/v2\/product_cat?post=8722"},{"taxonomy":"product_tag","embeddable":true,"href":"https:\/\/www.bazarmerlin.com\/inicio\/wp-json\/wp\/v2\/product_tag?post=8722"}],"curies":[{"name":"wp","href":"https:\/\/api.w.org\/{rel}","templated":true}]}}